{"id":8178,"date":"2022-03-01T16:04:13","date_gmt":"2022-03-01T16:04:13","guid":{"rendered":"https:\/\/wissen.science-and-fun.de\/kochen\/?page_id=8178"},"modified":"2022-02-27T16:19:38","modified_gmt":"2022-02-27T16:19:38","slug":"buschbohnen","status":"publish","type":"page","link":"https:\/\/wissen.science-and-fun.de\/kochen\/infoseiten\/buschbohnen\/","title":{"rendered":"Buschbohnen"},"content":{"rendered":"<p>Buschbohnen sind runde, kurze, hartfleischige, gr\u00fcne Schoten mit essbaren Kernen von dunkelgr\u00fcne Farbe. Sie besitzen ein saftiges und<br \/>\nfeinaromatisches Fruchtfleisch und sind das ganze Jahr zu kaufen. SIe z\u00e4hlen zu den Gartenbohnen.<br \/>\nN\u00e4hrwerte: 100 g \/ 30 Kalorien \/ 130 Joule. Vitamin C. Phosphor und reich an Calcium.<br \/>\nZubereitung: Bohnen an den Stielenden kurz abschneiden und waschen. Nicht schneiden. Ca. 20 Minuten in Salzwasser garen und mit viel kaltem Wasser abschrecken. Anschlie\u00dfend mit hei\u00dfer Butter und mit frischen Kr\u00e4utern und Gew\u00fcrzen zubereiten und zu Fleischgerichten servieren. Bevorzugt zum Lammbraten.<br \/>\nRohe Bohnen sind giftig. Der Hauptwirkstoff ist das zu den Lektinen z\u00e4hlende Phasin, welches beim Kochen zerst\u00f6rt wird. Phasin ruft Erbrechen, Durchfall, und Absorptionsst\u00f6rungen im Darm hervor. Es kann zu schweren, eventuell t\u00f6dlichen h\u00e4morrhagischen Gasteroenteritiden f\u00fchren, weiter zu tonischen Kr\u00e4mpfen, Schock, Hypokali\u00e4mie und als Folge davon zu Ver\u00e4nderungen im Elektrokardiogramm. (wikipedia) <\/p>\n<p>Quellen: de.rec.mampf \/\/wikipedia<\/p>\n","protected":false},"excerpt":{"rendered":"<p>Buschbohnen sind runde, kurze, hartfleischige, gr\u00fcne Schoten mit essbaren Kernen von dunkelgr\u00fcne Farbe. Sie besitzen ein saftiges und feinaromatisches Fruchtfleisch und sind das ganze Jahr zu kaufen. SIe z\u00e4hlen zu den Gartenbohnen. N\u00e4hrwerte: 100 g \/ 30 Kalorien \/ 130 Joule. Vitamin C. Phosphor und reich an Calcium. Zubereitung: Bohnen an den Stielenden kurz abschneiden &hellip; <\/p>\n<p><a class=\"more-link btn\" href=\"https:\/\/wissen.science-and-fun.de\/kochen\/infoseiten\/buschbohnen\/\">Weiterlesen<\/a><\/p>\n","protected":false},"author":1,"featured_media":0,"parent":1929,"menu_order":0,"comment_status":"closed","ping_status":"closed","template":"","meta":{"wprm-recipe-roundup-name":"","wprm-recipe-roundup-description":"","_crdt_document":"","jetpack_post_was_ever_published":false,"footnotes":""},"class_list":["post-8178","page","type-page","status-publish","hentry","nodate","item-wrap"],"yoast_head":"<!-- This site is optimized with the Yoast SEO plugin v27.4 - https:\/\/yoast.com\/product\/yoast-seo-wordpress\/ -->\n<title>Buschbohnen<\/title>\n<meta name=\"description\" content=\"- Buschbohnen\" \/>\n<meta name=\"robots\" content=\"index, follow, max-snippet:-1, max-image-preview:large, max-video-preview:-1\" \/>\n<link rel=\"canonical\" href=\"https:\/\/wissen.science-and-fun.de\/kochen\/infoseiten\/buschbohnen\/\" \/>\n<meta property=\"og:locale\" content=\"de_DE\" \/>\n<meta property=\"og:type\" content=\"article\" \/>\n<meta property=\"og:title\" content=\"Buschbohnen\" \/>\n<meta property=\"og:description\" content=\"- Buschbohnen\" \/>\n<meta property=\"og:url\" content=\"https:\/\/wissen.science-and-fun.de\/kochen\/infoseiten\/buschbohnen\/\" \/>\n<meta property=\"og:site_name\" content=\"Steffen&#039;s Haushaltsblog\" \/>\n<meta property=\"article:publisher\" content=\"https:\/\/www.facebook.com\/steffen.thomas1\" \/>\n<meta name=\"twitter:label1\" content=\"Gesch\u00e4tzte Lesezeit\" \/>\n\t<meta name=\"twitter:data1\" content=\"1\u00a0Minute\" \/>\n<script type=\"application\/ld+json\" class=\"yoast-schema-graph\">{\"@context\":\"https:\\\/\\\/schema.org\",\"@graph\":[{\"@type\":\"WebPage\",\"@id\":\"https:\\\/\\\/wissen.science-and-fun.de\\\/kochen\\\/infoseiten\\\/buschbohnen\\\/\",\"url\":\"https:\\\/\\\/wissen.science-and-fun.de\\\/kochen\\\/infoseiten\\\/buschbohnen\\\/\",\"name\":\"Buschbohnen\",\"isPartOf\":{\"@id\":\"https:\\\/\\\/wissen.science-and-fun.de\\\/kochen\\\/#website\"},\"datePublished\":\"2022-03-01T16:04:13+00:00\",\"description\":\"- Buschbohnen\",\"breadcrumb\":{\"@id\":\"https:\\\/\\\/wissen.science-and-fun.de\\\/kochen\\\/infoseiten\\\/buschbohnen\\\/#breadcrumb\"},\"inLanguage\":\"de\",\"potentialAction\":[{\"@type\":\"ReadAction\",\"target\":[\"https:\\\/\\\/wissen.science-and-fun.de\\\/kochen\\\/infoseiten\\\/buschbohnen\\\/\"]}]},{\"@type\":\"BreadcrumbList\",\"@id\":\"https:\\\/\\\/wissen.science-and-fun.de\\\/kochen\\\/infoseiten\\\/buschbohnen\\\/#breadcrumb\",\"itemListElement\":[{\"@type\":\"ListItem\",\"position\":1,\"name\":\"Home\",\"item\":\"https:\\\/\\\/wissen.science-and-fun.de\\\/kochen\\\/\"},{\"@type\":\"ListItem\",\"position\":2,\"name\":\"Infoseiten\",\"item\":\"https:\\\/\\\/wissen.science-and-fun.de\\\/kochen\\\/infoseiten\\\/\"},{\"@type\":\"ListItem\",\"position\":3,\"name\":\"Buschbohnen\"}]},{\"@type\":\"WebSite\",\"@id\":\"https:\\\/\\\/wissen.science-and-fun.de\\\/kochen\\\/#website\",\"url\":\"https:\\\/\\\/wissen.science-and-fun.de\\\/kochen\\\/\",\"name\":\"Steffen&#039;s Haushaltsblog\",\"description\":\"Kunst trifft Essen - Viele Bilder sind KI Kreationen und keine realen Abbildungen. - t.me\\\/ki_kunst \",\"publisher\":{\"@id\":\"https:\\\/\\\/wissen.science-and-fun.de\\\/kochen\\\/#\\\/schema\\\/person\\\/910dc13be3cb31f39d8707d607e929e8\"},\"potentialAction\":[{\"@type\":\"SearchAction\",\"target\":{\"@type\":\"EntryPoint\",\"urlTemplate\":\"https:\\\/\\\/wissen.science-and-fun.de\\\/kochen\\\/?s={search_term_string}\"},\"query-input\":{\"@type\":\"PropertyValueSpecification\",\"valueRequired\":true,\"valueName\":\"search_term_string\"}}],\"inLanguage\":\"de\"},{\"@type\":[\"Person\",\"Organization\"],\"@id\":\"https:\\\/\\\/wissen.science-and-fun.de\\\/kochen\\\/#\\\/schema\\\/person\\\/910dc13be3cb31f39d8707d607e929e8\",\"name\":\"Steffen\",\"image\":{\"@type\":\"ImageObject\",\"inLanguage\":\"de\",\"@id\":\"https:\\\/\\\/secure.gravatar.com\\\/avatar\\\/6ff13dd29c0d1b8a17460ca74a1e0eee159c14d00728cf5e1a7ee30f8ffdf195?s=96&d=mm&r=g\",\"url\":\"https:\\\/\\\/secure.gravatar.com\\\/avatar\\\/6ff13dd29c0d1b8a17460ca74a1e0eee159c14d00728cf5e1a7ee30f8ffdf195?s=96&d=mm&r=g\",\"contentUrl\":\"https:\\\/\\\/secure.gravatar.com\\\/avatar\\\/6ff13dd29c0d1b8a17460ca74a1e0eee159c14d00728cf5e1a7ee30f8ffdf195?s=96&d=mm&r=g\",\"caption\":\"Steffen\"},\"logo\":{\"@id\":\"https:\\\/\\\/secure.gravatar.com\\\/avatar\\\/6ff13dd29c0d1b8a17460ca74a1e0eee159c14d00728cf5e1a7ee30f8ffdf195?s=96&d=mm&r=g\"},\"sameAs\":[\"https:\\\/\\\/sthomas.de\",\"https:\\\/\\\/www.facebook.com\\\/steffen.thomas1\",\"https:\\\/\\\/x.com\\\/steto123\"]}]}<\/script>\n<!-- \/ Yoast SEO plugin. -->","yoast_head_json":{"title":"Buschbohnen","description":"- Buschbohnen","robots":{"index":"index","follow":"follow","max-snippet":"max-snippet:-1","max-image-preview":"max-image-preview:large","max-video-preview":"max-video-preview:-1"},"canonical":"https:\/\/wissen.science-and-fun.de\/kochen\/infoseiten\/buschbohnen\/","og_locale":"de_DE","og_type":"article","og_title":"Buschbohnen","og_description":"- Buschbohnen","og_url":"https:\/\/wissen.science-and-fun.de\/kochen\/infoseiten\/buschbohnen\/","og_site_name":"Steffen&#039;s Haushaltsblog","article_publisher":"https:\/\/www.facebook.com\/steffen.thomas1","twitter_misc":{"Gesch\u00e4tzte Lesezeit":"1\u00a0Minute"},"schema":{"@context":"https:\/\/schema.org","@graph":[{"@type":"WebPage","@id":"https:\/\/wissen.science-and-fun.de\/kochen\/infoseiten\/buschbohnen\/","url":"https:\/\/wissen.science-and-fun.de\/kochen\/infoseiten\/buschbohnen\/","name":"Buschbohnen","isPartOf":{"@id":"https:\/\/wissen.science-and-fun.de\/kochen\/#website"},"datePublished":"2022-03-01T16:04:13+00:00","description":"- Buschbohnen","breadcrumb":{"@id":"https:\/\/wissen.science-and-fun.de\/kochen\/infoseiten\/buschbohnen\/#breadcrumb"},"inLanguage":"de","potentialAction":[{"@type":"ReadAction","target":["https:\/\/wissen.science-and-fun.de\/kochen\/infoseiten\/buschbohnen\/"]}]},{"@type":"BreadcrumbList","@id":"https:\/\/wissen.science-and-fun.de\/kochen\/infoseiten\/buschbohnen\/#breadcrumb","itemListElement":[{"@type":"ListItem","position":1,"name":"Home","item":"https:\/\/wissen.science-and-fun.de\/kochen\/"},{"@type":"ListItem","position":2,"name":"Infoseiten","item":"https:\/\/wissen.science-and-fun.de\/kochen\/infoseiten\/"},{"@type":"ListItem","position":3,"name":"Buschbohnen"}]},{"@type":"WebSite","@id":"https:\/\/wissen.science-and-fun.de\/kochen\/#website","url":"https:\/\/wissen.science-and-fun.de\/kochen\/","name":"Steffen&#039;s Haushaltsblog","description":"Kunst trifft Essen - Viele Bilder sind KI Kreationen und keine realen Abbildungen. - t.me\/ki_kunst ","publisher":{"@id":"https:\/\/wissen.science-and-fun.de\/kochen\/#\/schema\/person\/910dc13be3cb31f39d8707d607e929e8"},"potentialAction":[{"@type":"SearchAction","target":{"@type":"EntryPoint","urlTemplate":"https:\/\/wissen.science-and-fun.de\/kochen\/?s={search_term_string}"},"query-input":{"@type":"PropertyValueSpecification","valueRequired":true,"valueName":"search_term_string"}}],"inLanguage":"de"},{"@type":["Person","Organization"],"@id":"https:\/\/wissen.science-and-fun.de\/kochen\/#\/schema\/person\/910dc13be3cb31f39d8707d607e929e8","name":"Steffen","image":{"@type":"ImageObject","inLanguage":"de","@id":"https:\/\/secure.gravatar.com\/avatar\/6ff13dd29c0d1b8a17460ca74a1e0eee159c14d00728cf5e1a7ee30f8ffdf195?s=96&d=mm&r=g","url":"https:\/\/secure.gravatar.com\/avatar\/6ff13dd29c0d1b8a17460ca74a1e0eee159c14d00728cf5e1a7ee30f8ffdf195?s=96&d=mm&r=g","contentUrl":"https:\/\/secure.gravatar.com\/avatar\/6ff13dd29c0d1b8a17460ca74a1e0eee159c14d00728cf5e1a7ee30f8ffdf195?s=96&d=mm&r=g","caption":"Steffen"},"logo":{"@id":"https:\/\/secure.gravatar.com\/avatar\/6ff13dd29c0d1b8a17460ca74a1e0eee159c14d00728cf5e1a7ee30f8ffdf195?s=96&d=mm&r=g"},"sameAs":["https:\/\/sthomas.de","https:\/\/www.facebook.com\/steffen.thomas1","https:\/\/x.com\/steto123"]}]}},"jetpack_shortlink":"https:\/\/wp.me\/P1tRoY-27U","jetpack-related-posts":[{"id":6634,"url":"https:\/\/wissen.science-and-fun.de\/kochen\/infoseiten\/steaks-und-co\/","url_meta":{"origin":8178,"position":0},"title":"Steaks und Co.","author":"Steffen","date":"30. April 2019","format":false,"excerpt":"Kollagen Fleisch besteht aus Muskeln, Bindegewebe, Fett und Knochen. Der Muskel enth\u00e4lt Proteine und Glykogen. Mit zunehmender Temperatur des Fleisches wird Glykogen, ein langkettiger Zucker, zu Einfachzucker reduziert. Diese karamellisiert und ist f\u00fcr eine der Geschmackskomponenten verantwortlich. Proteine (geschmacklos) werden zu Aminos\u00e4uren denaturiert, die nicht nur selbst Aromen haben, sondern\u2026","rel":"","context":"\u00c4hnlicher Beitrag","block_context":{"text":"\u00c4hnlicher Beitrag","link":""},"img":{"alt_text":"","src":"","width":0,"height":0},"classes":[]},{"id":3272,"url":"https:\/\/wissen.science-and-fun.de\/kochen\/infoseiten\/ente\/","url_meta":{"origin":8178,"position":1},"title":"Ente","author":"Steffen","date":"26. Dezember 2011","format":false,"excerpt":"Enten sind eine Unterfamilie der Zahnschn\u00e4bler aus der Ordnung der Schwimmv\u00f6gel. Enten sind auf der ganzen Welt verbreitet und dementsprechend in den regionalen K\u00fcchen auch vorkommend. Kauft man Enten lebend ein, sollte man darauf achten junge Tiere zu kaufen. Diese erkennt man an gelben, gl\u00e4nzenden, weichen F\u00fc\u00dfen und geschmeidigen Schwimmh\u00e4uten.\u2026","rel":"","context":"\u00c4hnlicher Beitrag","block_context":{"text":"\u00c4hnlicher Beitrag","link":""},"img":{"alt_text":"","src":"http:\/\/ws.personalspace.sony.net\/wapi\/thumb\/6c7047546d4764725a3239726c673d3d\/1024\/undefined","width":350,"height":200,"srcset":"http:\/\/ws.personalspace.sony.net\/wapi\/thumb\/6c7047546d4764725a3239726c673d3d\/1024\/undefined 1x, http:\/\/ws.personalspace.sony.net\/wapi\/thumb\/6c7047546d4764725a3239726c673d3d\/1024\/undefined 1.5x"},"classes":[]},{"id":8174,"url":"https:\/\/wissen.science-and-fun.de\/kochen\/infoseiten\/basilikum-koenigskraut-basilkraut-suppenbasil\/","url_meta":{"origin":8178,"position":2},"title":"Basilikum (K\u00f6nigskraut, Basilkraut, Suppenbasil)","author":"Steffen","date":"27. Februar 2022","format":false,"excerpt":"Basilikum stammt urspr\u00fcnglich aus Indien. Bei uns ist sie vor allem durch die mediterrane K\u00fcche bekannt. Bei den Hindus gilt Basilikum als heilig, f\u00fcr die R\u00f6mer war er die Pflanze des Hasses, und Karl der Gro\u00dfe wiederum lie\u00df sie \u00fcber Italien importieren, um sie in den Klosterg\u00e4rten n\u00f6rdlich der Alpen\u2026","rel":"","context":"\u00c4hnlicher Beitrag","block_context":{"text":"\u00c4hnlicher Beitrag","link":""},"img":{"alt_text":"","src":"","width":0,"height":0},"classes":[]},{"id":6969,"url":"https:\/\/wissen.science-and-fun.de\/kochen\/infoseiten\/ananas\/","url_meta":{"origin":8178,"position":3},"title":"Ananas","author":"Steffen","date":"26. Mai 2019","format":false,"excerpt":"Herkunft: Entdeckt wurde die Ananas von Christoph Columbus auf Guadeloupe, aber das Ursprungsland ist wahrscheinlich Paraguay. Heute wird sie angebaut in Brasilien, S\u00fcdafrike, Kenya, Hgana, der Elfenbeink\u00fcste, den Azoren und auf den Philippinen. Aussehen\/ Geschmack: Es sind oval-kugelige Fr\u00fcchte mit gro\u00dfer gr\u00fcner Blattrossette, etwa 15 cm lang, mit genoppter Schale,\u2026","rel":"","context":"\u00c4hnlicher Beitrag","block_context":{"text":"\u00c4hnlicher Beitrag","link":""},"img":{"alt_text":"Ananas","src":"https:\/\/i0.wp.com\/wissen.science-and-fun.de\/kochen\/files\/2019\/05\/Ananas_pflanze.jpg?resize=350%2C200&ssl=1","width":350,"height":200},"classes":[]},{"id":6972,"url":"https:\/\/wissen.science-and-fun.de\/kochen\/infoseiten\/ackerola\/","url_meta":{"origin":8178,"position":4},"title":"Acerola","author":"Steffen","date":"18. Mai 2019","format":false,"excerpt":"Acerola (auch Antillenkirsche genannt) Herkunft: Westindische Inseln, Mittelamerika, Indien und Afrika Aussehen\/Geschmack: Die Acerola ist eine kirschenartige Steinfrucht mit d\u00fcnner, l\u00e4ngs gerillter, orangeroter bis kr\u00e4ftig roter Haut. Das Fruchtfleisch ist weich, saftig und schmeckt fruchtig-sauer. Auf dem Markt: Nur als verarbeitetes Produkt in Form von Fruchtnektaren oder Fruchtsaftkonzentraten, da Acerolas\u2026","rel":"","context":"\u00c4hnlicher Beitrag","block_context":{"text":"\u00c4hnlicher Beitrag","link":""},"img":{"alt_text":"","src":"","width":0,"height":0},"classes":[]},{"id":8043,"url":"https:\/\/wissen.science-and-fun.de\/kochen\/haushaltstipps\/fit-und-schlank-mit-fruchtexoten\/","url_meta":{"origin":8178,"position":5},"title":"Fit und schlank mit Fruchtexoten","author":"Steffen","date":"21. November 2021","format":false,"excerpt":"Fit und schlank mit Fruchtexoten Drei wichtige Essregeln sollten beachtet werden: 1. Statt drei gro\u00dfer Mahlzeiten lieber f\u00fcnf Kleine. Das sorgt f\u00fcr einen gleichm\u00e4\u00dfigen Blutzuckerspiegel, wodurch Hei\u00dfhungeranf\u00e4lle ausbleiben. 2. Alle Speisen lang und gut durchkauen, um die Nahrung gut aufzuspalten, und dem Magen Arbeit abzunehmen. Au\u00dferdem tritt das S\u00e4ttigungsgef\u00fchl eher\u2026","rel":"","context":"\u00c4hnlicher Beitrag","block_context":{"text":"\u00c4hnlicher Beitrag","link":""},"img":{"alt_text":"","src":"","width":0,"height":0},"classes":[]}],"jetpack_sharing_enabled":true,"_links":{"self":[{"href":"https:\/\/wissen.science-and-fun.de\/kochen\/wp-json\/wp\/v2\/pages\/8178","targetHints":{"allow":["GET"]}}],"collection":[{"href":"https:\/\/wissen.science-and-fun.de\/kochen\/wp-json\/wp\/v2\/pages"}],"about":[{"href":"https:\/\/wissen.science-and-fun.de\/kochen\/wp-json\/wp\/v2\/types\/page"}],"author":[{"embeddable":true,"href":"https:\/\/wissen.science-and-fun.de\/kochen\/wp-json\/wp\/v2\/users\/1"}],"replies":[{"embeddable":true,"href":"https:\/\/wissen.science-and-fun.de\/kochen\/wp-json\/wp\/v2\/comments?post=8178"}],"version-history":[{"count":3,"href":"https:\/\/wissen.science-and-fun.de\/kochen\/wp-json\/wp\/v2\/pages\/8178\/revisions"}],"predecessor-version":[{"id":8181,"href":"https:\/\/wissen.science-and-fun.de\/kochen\/wp-json\/wp\/v2\/pages\/8178\/revisions\/8181"}],"up":[{"embeddable":true,"href":"https:\/\/wissen.science-and-fun.de\/kochen\/wp-json\/wp\/v2\/pages\/1929"}],"wp:attachment":[{"href":"https:\/\/wissen.science-and-fun.de\/kochen\/wp-json\/wp\/v2\/media?parent=8178"}],"curies":[{"name":"wp","href":"https:\/\/api.w.org\/{rel}","templated":true}]}}