{"id":7355,"date":"2019-08-31T04:07:46","date_gmt":"2019-08-31T04:07:46","guid":{"rendered":"https:\/\/wissen.science-and-fun.de\/kochen\/?page_id=7355"},"modified":"2024-03-30T12:44:13","modified_gmt":"2024-03-30T12:44:13","slug":"haushaltstipps","status":"publish","type":"page","link":"https:\/\/wissen.science-and-fun.de\/kochen\/haushaltstipps\/","title":{"rendered":"Haushaltstipps"},"content":{"rendered":"<p>Auf dieser Seite finden Sie die gesammelten Haushaltstipps. Bitte beachten Sie, das es weder eine Garantie auf das Funktionieren gibt noch eine Haftung f\u00fcr Sch\u00e4den durch diese. Gehen Sie also verantwortungsvoll\u00a0 mit den Tipp&#8217;s um, dann sind diese bestimmt sehr n\u00fctzlich!<\/p>\n<p>[quotcoll tags=&#8220;Haushalt&#8220;\u00a0 paging=true limit_per_page=25]<\/p>\n","protected":false},"excerpt":{"rendered":"<p>Auf dieser Seite finden Sie die gesammelten Haushaltstipps. Bitte beachten Sie, das es weder eine Garantie auf das Funktionieren gibt noch eine Haftung f\u00fcr Sch\u00e4den durch diese. Gehen Sie also verantwortungsvoll\u00a0 mit den Tipp&#8217;s um, dann sind diese bestimmt sehr n\u00fctzlich! [quotcoll tags=&#8220;Haushalt&#8220;\u00a0 paging=true limit_per_page=25]<\/p>\n","protected":false},"author":1,"featured_media":8626,"parent":0,"menu_order":0,"comment_status":"closed","ping_status":"closed","template":"","meta":{"wprm-recipe-roundup-name":"","wprm-recipe-roundup-description":"","_crdt_document":"","jetpack_post_was_ever_published":false,"footnotes":""},"class_list":["post-7355","page","type-page","status-publish","has-post-thumbnail","hentry","nodate","item-wrap"],"yoast_head":"<!-- This site is optimized with the Yoast SEO plugin v27.3 - https:\/\/yoast.com\/product\/yoast-seo-wordpress\/ -->\n<title>Haushaltstipps<\/title>\n<meta name=\"description\" content=\"- Haushaltstipps\" \/>\n<meta name=\"robots\" content=\"index, follow, max-snippet:-1, max-image-preview:large, max-video-preview:-1\" \/>\n<link rel=\"canonical\" href=\"https:\/\/wissen.science-and-fun.de\/kochen\/haushaltstipps\/\" \/>\n<meta property=\"og:locale\" content=\"de_DE\" \/>\n<meta property=\"og:type\" content=\"article\" \/>\n<meta property=\"og:title\" content=\"Haushaltstipps\" \/>\n<meta property=\"og:description\" content=\"- Haushaltstipps\" \/>\n<meta property=\"og:url\" content=\"https:\/\/wissen.science-and-fun.de\/kochen\/haushaltstipps\/\" \/>\n<meta property=\"og:site_name\" content=\"Steffen&#039;s Haushaltsblog\" \/>\n<meta property=\"article:publisher\" content=\"https:\/\/www.facebook.com\/steffen.thomas1\" \/>\n<meta property=\"article:modified_time\" content=\"2024-03-30T12:44:13+00:00\" \/>\n<meta property=\"og:image\" content=\"https:\/\/wissen.science-and-fun.de\/kochen\/files\/2011\/04\/00010-French-farmhouse-bread-with-a-picture-of-a-tractor-style-of-Helen-Allingham.jpg\" \/>\n\t<meta property=\"og:image:width\" content=\"512\" \/>\n\t<meta property=\"og:image:height\" content=\"512\" \/>\n\t<meta property=\"og:image:type\" content=\"image\/jpeg\" \/>\n<meta name=\"twitter:label1\" content=\"Gesch\u00e4tzte Lesezeit\" \/>\n\t<meta name=\"twitter:data1\" content=\"1\u00a0Minute\" \/>\n<script type=\"application\/ld+json\" class=\"yoast-schema-graph\">{\"@context\":\"https:\\\/\\\/schema.org\",\"@graph\":[{\"@type\":\"WebPage\",\"@id\":\"https:\\\/\\\/wissen.science-and-fun.de\\\/kochen\\\/haushaltstipps\\\/\",\"url\":\"https:\\\/\\\/wissen.science-and-fun.de\\\/kochen\\\/haushaltstipps\\\/\",\"name\":\"Haushaltstipps\",\"isPartOf\":{\"@id\":\"https:\\\/\\\/wissen.science-and-fun.de\\\/kochen\\\/#website\"},\"primaryImageOfPage\":{\"@id\":\"https:\\\/\\\/wissen.science-and-fun.de\\\/kochen\\\/haushaltstipps\\\/#primaryimage\"},\"image\":{\"@id\":\"https:\\\/\\\/wissen.science-and-fun.de\\\/kochen\\\/haushaltstipps\\\/#primaryimage\"},\"thumbnailUrl\":\"https:\\\/\\\/wissen.science-and-fun.de\\\/kochen\\\/files\\\/2011\\\/04\\\/00010-French-farmhouse-bread-with-a-picture-of-a-tractor-style-of-Helen-Allingham.jpg\",\"datePublished\":\"2019-08-31T04:07:46+00:00\",\"dateModified\":\"2024-03-30T12:44:13+00:00\",\"description\":\"- Haushaltstipps\",\"breadcrumb\":{\"@id\":\"https:\\\/\\\/wissen.science-and-fun.de\\\/kochen\\\/haushaltstipps\\\/#breadcrumb\"},\"inLanguage\":\"de\",\"potentialAction\":[{\"@type\":\"ReadAction\",\"target\":[\"https:\\\/\\\/wissen.science-and-fun.de\\\/kochen\\\/haushaltstipps\\\/\"]}]},{\"@type\":\"ImageObject\",\"inLanguage\":\"de\",\"@id\":\"https:\\\/\\\/wissen.science-and-fun.de\\\/kochen\\\/haushaltstipps\\\/#primaryimage\",\"url\":\"https:\\\/\\\/wissen.science-and-fun.de\\\/kochen\\\/files\\\/2011\\\/04\\\/00010-French-farmhouse-bread-with-a-picture-of-a-tractor-style-of-Helen-Allingham.jpg\",\"contentUrl\":\"https:\\\/\\\/wissen.science-and-fun.de\\\/kochen\\\/files\\\/2011\\\/04\\\/00010-French-farmhouse-bread-with-a-picture-of-a-tractor-style-of-Helen-Allingham.jpg\",\"width\":512,\"height\":512,\"caption\":\"AI Art: Franz\u00f6sisches Bauernbrot\"},{\"@type\":\"BreadcrumbList\",\"@id\":\"https:\\\/\\\/wissen.science-and-fun.de\\\/kochen\\\/haushaltstipps\\\/#breadcrumb\",\"itemListElement\":[{\"@type\":\"ListItem\",\"position\":1,\"name\":\"Home\",\"item\":\"https:\\\/\\\/wissen.science-and-fun.de\\\/kochen\\\/\"},{\"@type\":\"ListItem\",\"position\":2,\"name\":\"Haushaltstipps\"}]},{\"@type\":\"WebSite\",\"@id\":\"https:\\\/\\\/wissen.science-and-fun.de\\\/kochen\\\/#website\",\"url\":\"https:\\\/\\\/wissen.science-and-fun.de\\\/kochen\\\/\",\"name\":\"Steffen&#039;s Haushaltsblog\",\"description\":\"Kunst trifft Essen - Viele Bilder sind KI Kreationen und keine realen Abbildungen. - t.me\\\/ki_kunst \",\"publisher\":{\"@id\":\"https:\\\/\\\/wissen.science-and-fun.de\\\/kochen\\\/#\\\/schema\\\/person\\\/910dc13be3cb31f39d8707d607e929e8\"},\"potentialAction\":[{\"@type\":\"SearchAction\",\"target\":{\"@type\":\"EntryPoint\",\"urlTemplate\":\"https:\\\/\\\/wissen.science-and-fun.de\\\/kochen\\\/?s={search_term_string}\"},\"query-input\":{\"@type\":\"PropertyValueSpecification\",\"valueRequired\":true,\"valueName\":\"search_term_string\"}}],\"inLanguage\":\"de\"},{\"@type\":[\"Person\",\"Organization\"],\"@id\":\"https:\\\/\\\/wissen.science-and-fun.de\\\/kochen\\\/#\\\/schema\\\/person\\\/910dc13be3cb31f39d8707d607e929e8\",\"name\":\"Steffen\",\"image\":{\"@type\":\"ImageObject\",\"inLanguage\":\"de\",\"@id\":\"https:\\\/\\\/secure.gravatar.com\\\/avatar\\\/6ff13dd29c0d1b8a17460ca74a1e0eee159c14d00728cf5e1a7ee30f8ffdf195?s=96&d=mm&r=g\",\"url\":\"https:\\\/\\\/secure.gravatar.com\\\/avatar\\\/6ff13dd29c0d1b8a17460ca74a1e0eee159c14d00728cf5e1a7ee30f8ffdf195?s=96&d=mm&r=g\",\"contentUrl\":\"https:\\\/\\\/secure.gravatar.com\\\/avatar\\\/6ff13dd29c0d1b8a17460ca74a1e0eee159c14d00728cf5e1a7ee30f8ffdf195?s=96&d=mm&r=g\",\"caption\":\"Steffen\"},\"logo\":{\"@id\":\"https:\\\/\\\/secure.gravatar.com\\\/avatar\\\/6ff13dd29c0d1b8a17460ca74a1e0eee159c14d00728cf5e1a7ee30f8ffdf195?s=96&d=mm&r=g\"},\"sameAs\":[\"https:\\\/\\\/sthomas.de\",\"https:\\\/\\\/www.facebook.com\\\/steffen.thomas1\",\"https:\\\/\\\/x.com\\\/steto123\"]}]}<\/script>\n<!-- \/ Yoast SEO plugin. -->","yoast_head_json":{"title":"Haushaltstipps","description":"- Haushaltstipps","robots":{"index":"index","follow":"follow","max-snippet":"max-snippet:-1","max-image-preview":"max-image-preview:large","max-video-preview":"max-video-preview:-1"},"canonical":"https:\/\/wissen.science-and-fun.de\/kochen\/haushaltstipps\/","og_locale":"de_DE","og_type":"article","og_title":"Haushaltstipps","og_description":"- Haushaltstipps","og_url":"https:\/\/wissen.science-and-fun.de\/kochen\/haushaltstipps\/","og_site_name":"Steffen&#039;s Haushaltsblog","article_publisher":"https:\/\/www.facebook.com\/steffen.thomas1","article_modified_time":"2024-03-30T12:44:13+00:00","og_image":[{"width":512,"height":512,"url":"https:\/\/wissen.science-and-fun.de\/kochen\/files\/2011\/04\/00010-French-farmhouse-bread-with-a-picture-of-a-tractor-style-of-Helen-Allingham.jpg","type":"image\/jpeg"}],"twitter_misc":{"Gesch\u00e4tzte Lesezeit":"1\u00a0Minute"},"schema":{"@context":"https:\/\/schema.org","@graph":[{"@type":"WebPage","@id":"https:\/\/wissen.science-and-fun.de\/kochen\/haushaltstipps\/","url":"https:\/\/wissen.science-and-fun.de\/kochen\/haushaltstipps\/","name":"Haushaltstipps","isPartOf":{"@id":"https:\/\/wissen.science-and-fun.de\/kochen\/#website"},"primaryImageOfPage":{"@id":"https:\/\/wissen.science-and-fun.de\/kochen\/haushaltstipps\/#primaryimage"},"image":{"@id":"https:\/\/wissen.science-and-fun.de\/kochen\/haushaltstipps\/#primaryimage"},"thumbnailUrl":"https:\/\/wissen.science-and-fun.de\/kochen\/files\/2011\/04\/00010-French-farmhouse-bread-with-a-picture-of-a-tractor-style-of-Helen-Allingham.jpg","datePublished":"2019-08-31T04:07:46+00:00","dateModified":"2024-03-30T12:44:13+00:00","description":"- Haushaltstipps","breadcrumb":{"@id":"https:\/\/wissen.science-and-fun.de\/kochen\/haushaltstipps\/#breadcrumb"},"inLanguage":"de","potentialAction":[{"@type":"ReadAction","target":["https:\/\/wissen.science-and-fun.de\/kochen\/haushaltstipps\/"]}]},{"@type":"ImageObject","inLanguage":"de","@id":"https:\/\/wissen.science-and-fun.de\/kochen\/haushaltstipps\/#primaryimage","url":"https:\/\/wissen.science-and-fun.de\/kochen\/files\/2011\/04\/00010-French-farmhouse-bread-with-a-picture-of-a-tractor-style-of-Helen-Allingham.jpg","contentUrl":"https:\/\/wissen.science-and-fun.de\/kochen\/files\/2011\/04\/00010-French-farmhouse-bread-with-a-picture-of-a-tractor-style-of-Helen-Allingham.jpg","width":512,"height":512,"caption":"AI Art: Franz\u00f6sisches Bauernbrot"},{"@type":"BreadcrumbList","@id":"https:\/\/wissen.science-and-fun.de\/kochen\/haushaltstipps\/#breadcrumb","itemListElement":[{"@type":"ListItem","position":1,"name":"Home","item":"https:\/\/wissen.science-and-fun.de\/kochen\/"},{"@type":"ListItem","position":2,"name":"Haushaltstipps"}]},{"@type":"WebSite","@id":"https:\/\/wissen.science-and-fun.de\/kochen\/#website","url":"https:\/\/wissen.science-and-fun.de\/kochen\/","name":"Steffen&#039;s Haushaltsblog","description":"Kunst trifft Essen - Viele Bilder sind KI Kreationen und keine realen Abbildungen. - t.me\/ki_kunst ","publisher":{"@id":"https:\/\/wissen.science-and-fun.de\/kochen\/#\/schema\/person\/910dc13be3cb31f39d8707d607e929e8"},"potentialAction":[{"@type":"SearchAction","target":{"@type":"EntryPoint","urlTemplate":"https:\/\/wissen.science-and-fun.de\/kochen\/?s={search_term_string}"},"query-input":{"@type":"PropertyValueSpecification","valueRequired":true,"valueName":"search_term_string"}}],"inLanguage":"de"},{"@type":["Person","Organization"],"@id":"https:\/\/wissen.science-and-fun.de\/kochen\/#\/schema\/person\/910dc13be3cb31f39d8707d607e929e8","name":"Steffen","image":{"@type":"ImageObject","inLanguage":"de","@id":"https:\/\/secure.gravatar.com\/avatar\/6ff13dd29c0d1b8a17460ca74a1e0eee159c14d00728cf5e1a7ee30f8ffdf195?s=96&d=mm&r=g","url":"https:\/\/secure.gravatar.com\/avatar\/6ff13dd29c0d1b8a17460ca74a1e0eee159c14d00728cf5e1a7ee30f8ffdf195?s=96&d=mm&r=g","contentUrl":"https:\/\/secure.gravatar.com\/avatar\/6ff13dd29c0d1b8a17460ca74a1e0eee159c14d00728cf5e1a7ee30f8ffdf195?s=96&d=mm&r=g","caption":"Steffen"},"logo":{"@id":"https:\/\/secure.gravatar.com\/avatar\/6ff13dd29c0d1b8a17460ca74a1e0eee159c14d00728cf5e1a7ee30f8ffdf195?s=96&d=mm&r=g"},"sameAs":["https:\/\/sthomas.de","https:\/\/www.facebook.com\/steffen.thomas1","https:\/\/x.com\/steto123"]}]}},"jetpack_shortlink":"https:\/\/wp.me\/P1tRoY-1UD","jetpack-related-posts":[{"id":8043,"url":"https:\/\/wissen.science-and-fun.de\/kochen\/haushaltstipps\/fit-und-schlank-mit-fruchtexoten\/","url_meta":{"origin":7355,"position":0},"title":"Fit und schlank mit Fruchtexoten","author":"Steffen","date":"21. November 2021","format":false,"excerpt":"Fit und schlank mit Fruchtexoten Drei wichtige Essregeln sollten beachtet werden: 1. Statt drei gro\u00dfer Mahlzeiten lieber f\u00fcnf Kleine. Das sorgt f\u00fcr einen gleichm\u00e4\u00dfigen Blutzuckerspiegel, wodurch Hei\u00dfhungeranf\u00e4lle ausbleiben. 2. Alle Speisen lang und gut durchkauen, um die Nahrung gut aufzuspalten, und dem Magen Arbeit abzunehmen. Au\u00dferdem tritt das S\u00e4ttigungsgef\u00fchl eher\u2026","rel":"","context":"\u00c4hnlicher Beitrag","block_context":{"text":"\u00c4hnlicher Beitrag","link":""},"img":{"alt_text":"","src":"","width":0,"height":0},"classes":[]},{"id":6972,"url":"https:\/\/wissen.science-and-fun.de\/kochen\/infoseiten\/ackerola\/","url_meta":{"origin":7355,"position":1},"title":"Acerola","author":"Steffen","date":"18. Mai 2019","format":false,"excerpt":"Acerola (auch Antillenkirsche genannt) Herkunft: Westindische Inseln, Mittelamerika, Indien und Afrika Aussehen\/Geschmack: Die Acerola ist eine kirschenartige Steinfrucht mit d\u00fcnner, l\u00e4ngs gerillter, orangeroter bis kr\u00e4ftig roter Haut. Das Fruchtfleisch ist weich, saftig und schmeckt fruchtig-sauer. Auf dem Markt: Nur als verarbeitetes Produkt in Form von Fruchtnektaren oder Fruchtsaftkonzentraten, da Acerolas\u2026","rel":"","context":"\u00c4hnlicher Beitrag","block_context":{"text":"\u00c4hnlicher Beitrag","link":""},"img":{"alt_text":"","src":"","width":0,"height":0},"classes":[]},{"id":6969,"url":"https:\/\/wissen.science-and-fun.de\/kochen\/infoseiten\/ananas\/","url_meta":{"origin":7355,"position":2},"title":"Ananas","author":"Steffen","date":"26. Mai 2019","format":false,"excerpt":"Herkunft: Entdeckt wurde die Ananas von Christoph Columbus auf Guadeloupe, aber das Ursprungsland ist wahrscheinlich Paraguay. Heute wird sie angebaut in Brasilien, S\u00fcdafrike, Kenya, Hgana, der Elfenbeink\u00fcste, den Azoren und auf den Philippinen. Aussehen\/ Geschmack: Es sind oval-kugelige Fr\u00fcchte mit gro\u00dfer gr\u00fcner Blattrossette, etwa 15 cm lang, mit genoppter Schale,\u2026","rel":"","context":"\u00c4hnlicher Beitrag","block_context":{"text":"\u00c4hnlicher Beitrag","link":""},"img":{"alt_text":"Ananas","src":"https:\/\/i0.wp.com\/wissen.science-and-fun.de\/kochen\/files\/2019\/05\/Ananas_pflanze.jpg?resize=350%2C200&ssl=1","width":350,"height":200},"classes":[]},{"id":6268,"url":"https:\/\/wissen.science-and-fun.de\/kochen\/infoseiten\/joghurt\/","url_meta":{"origin":7355,"position":3},"title":"Joghurt","author":"Steffen","date":"26. Juni 2018","format":false,"excerpt":"Joghurt ist grob gesagt eine durch Milchs\u00e4urebakterien verdickte Milch. Etwas genauer betrachtet wird Lactose (Milchzucker) durch Milchs\u00e4urebakterien wie dem Lactobacillus bulgaricus zu Milchs\u00e4ure umgewandelt. Das f\u00fchrt zu einer Verringerung es pH- Wertes und ist auch Ursache f\u00fcr den s\u00e4uerlichen Geschmack. Diese Ver\u00e4nderung des pH- Wertes f\u00fchrt wiederum daz, das sich\u2026","rel":"","context":"\u00c4hnlicher Beitrag","block_context":{"text":"\u00c4hnlicher Beitrag","link":""},"img":{"alt_text":"","src":"","width":0,"height":0},"classes":[]},{"id":6931,"url":"https:\/\/wissen.science-and-fun.de\/kochen\/infoseiten\/amaranth\/","url_meta":{"origin":7355,"position":4},"title":"Amaranth","author":"Steffen","date":"10. Juni 2019","format":false,"excerpt":"\u00c4hnlich wie das Quinoa eines der Hauptnahrungsmittel der Inkas war, bildete das Amaranth in alter Zeit die Ern\u00e4hrungsgrundlage der mexikanischen Azteken. Auch Amaranth geriet \u00fcber 500 Jahre lang in Vergessenheit, und zwar ebenfalls wegen der spanischen Eroberer, die das Aztekenreich im 16. Jahrhundert zerst\u00f6rten. Einer der Gr\u00fcnde f\u00fcr die \u00e4chtung\u2026","rel":"","context":"\u00c4hnlicher Beitrag","block_context":{"text":"\u00c4hnlicher Beitrag","link":""},"img":{"alt_text":"","src":"","width":0,"height":0},"classes":[]},{"id":1547,"url":"https:\/\/wissen.science-and-fun.de\/kochen\/impressum\/","url_meta":{"origin":7355,"position":5},"title":"Impressum","author":"Steffen","date":"10. Mai 2011","format":false,"excerpt":"Angaben gem\u00e4\u00df \u00a7 5 TMG: Dr. Steffen Thomas Fuchsbau 18 14797 Kloster-Lehnin OT Lehnin Kontakt: Telefon: 01721595374 E-Mail: steffen@sthomas.de Verantwortlich f\u00fcr den Inhalt nach \u00a7 55 Abs. 2 RStV: Dr. Steffen Thomas Fuchsbau 18 14797 Kloster-Lehnin OT Lehnin Quelle: Impressum erzeugt mit dem Impressum Generator von eRecht24. Haftungsausschluss: Haftung f\u00fcr\u2026","rel":"","context":"\u00c4hnlicher Beitrag","block_context":{"text":"\u00c4hnlicher Beitrag","link":""},"img":{"alt_text":"","src":"","width":0,"height":0},"classes":[]}],"jetpack_sharing_enabled":true,"_links":{"self":[{"href":"https:\/\/wissen.science-and-fun.de\/kochen\/wp-json\/wp\/v2\/pages\/7355","targetHints":{"allow":["GET"]}}],"collection":[{"href":"https:\/\/wissen.science-and-fun.de\/kochen\/wp-json\/wp\/v2\/pages"}],"about":[{"href":"https:\/\/wissen.science-and-fun.de\/kochen\/wp-json\/wp\/v2\/types\/page"}],"author":[{"embeddable":true,"href":"https:\/\/wissen.science-and-fun.de\/kochen\/wp-json\/wp\/v2\/users\/1"}],"replies":[{"embeddable":true,"href":"https:\/\/wissen.science-and-fun.de\/kochen\/wp-json\/wp\/v2\/comments?post=7355"}],"version-history":[{"count":3,"href":"https:\/\/wissen.science-and-fun.de\/kochen\/wp-json\/wp\/v2\/pages\/7355\/revisions"}],"predecessor-version":[{"id":9080,"href":"https:\/\/wissen.science-and-fun.de\/kochen\/wp-json\/wp\/v2\/pages\/7355\/revisions\/9080"}],"wp:featuredmedia":[{"embeddable":true,"href":"https:\/\/wissen.science-and-fun.de\/kochen\/wp-json\/wp\/v2\/media\/8626"}],"wp:attachment":[{"href":"https:\/\/wissen.science-and-fun.de\/kochen\/wp-json\/wp\/v2\/media?parent=7355"}],"curies":[{"name":"wp","href":"https:\/\/api.w.org\/{rel}","templated":true}]}}