{"id":6974,"date":"2019-05-15T04:41:49","date_gmt":"2019-05-15T04:41:49","guid":{"rendered":"https:\/\/wissen.science-and-fun.de\/kochen\/?page_id=6974"},"modified":"2019-05-12T04:46:07","modified_gmt":"2019-05-12T04:46:07","slug":"aflatoxine","status":"publish","type":"page","link":"https:\/\/wissen.science-and-fun.de\/kochen\/infoseiten\/aflatoxine\/","title":{"rendered":"Aflatoxine"},"content":{"rendered":"<p>Viele Lebensmittel, insbesondere aber Erdn\u00fcsse, Pistazien und andere Nussarten sind manchmal mit Aflatoxinen befallen, einem nat\u00fcrlichen Stoffwechselprodukt von Schimmelpilzen wie Aspergillus flavus, das Leber sch\u00e4digend und potenziell Krebs verursachend wirkt. Schimmelpilze finden vor allem in feucht-warmen Klimazonen ideale<br \/>\nBedingungen zum Wachstum vor. Auf den langen Verarbeitungs- und Transportwegen der N\u00fcsse, schlie\u00dflich im Handel und sogar noch zu Hause ist weiteres Schimmelwachstum m\u00f6glich. Da Aflatoxine \u00e4u\u00dferlich in der Regel nicht erkennbar sind, muss die Kontamination von Vornherein vermieden werden. Zum Schutz des Verbrauchers sind daher H\u00f6chstmengen gesetzlich festgelegt worden; die Lebensmittelindustrie wurde zu strengen Kontrollen verpflichtet. Sie muss Produktions- und Lagerbedingungen sowie Qualit\u00e4t der N\u00fcsse und Nussprodukte mit gro\u00dfem technischen Aufwand \u00fcberwachen, damit nur einwandfreie Ware in den Handel gelangt. Trotzdem schl\u00fcpfen immer wieder einmal schwarze Schafe\u201c durch das Netz. Daher sind sicherheitshalber abgepackte N\u00fcsse loser Ware vorzuziehen. Au\u00dferdem sollte man N\u00fcsse mit besch\u00e4digter Schale oder mit verf\u00e4rbten Kernen meiden und N\u00fcsse mit sichtbarem Schimmel oder mit ranzigem bzw. muffigem Geruch unbedingt wegwerfen.<br \/>\nWeitere Informationen finden sich bei <a href=\"https:\/\/de.wikipedia.org\/wiki\/Aflatoxine\" rel=\"noopener noreferrer\" target=\"_blank\">Wikipedia<\/a>.<\/p>\n","protected":false},"excerpt":{"rendered":"<p>Viele Lebensmittel, insbesondere aber Erdn\u00fcsse, Pistazien und andere Nussarten sind manchmal mit Aflatoxinen befallen, einem nat\u00fcrlichen Stoffwechselprodukt von Schimmelpilzen wie Aspergillus flavus, das Leber sch\u00e4digend und potenziell Krebs verursachend wirkt. Schimmelpilze finden vor allem in feucht-warmen Klimazonen ideale Bedingungen zum Wachstum vor. Auf den langen Verarbeitungs- und Transportwegen der N\u00fcsse, schlie\u00dflich im Handel und sogar &hellip; <\/p>\n<p><a class=\"more-link btn\" href=\"https:\/\/wissen.science-and-fun.de\/kochen\/infoseiten\/aflatoxine\/\">Weiterlesen<\/a><\/p>\n","protected":false},"author":1,"featured_media":0,"parent":1929,"menu_order":0,"comment_status":"closed","ping_status":"closed","template":"","meta":{"wprm-recipe-roundup-name":"","wprm-recipe-roundup-description":"","_crdt_document":"","jetpack_post_was_ever_published":false,"footnotes":""},"class_list":["post-6974","page","type-page","status-publish","hentry","nodate","item-wrap"],"yoast_head":"<!-- This site is optimized with the Yoast SEO plugin v27.3 - https:\/\/yoast.com\/product\/yoast-seo-wordpress\/ -->\n<title>Aflatoxine<\/title>\n<meta name=\"description\" content=\"- Aflatoxine\" \/>\n<meta name=\"robots\" content=\"index, follow, max-snippet:-1, max-image-preview:large, max-video-preview:-1\" \/>\n<link rel=\"canonical\" href=\"https:\/\/wissen.science-and-fun.de\/kochen\/infoseiten\/aflatoxine\/\" \/>\n<meta property=\"og:locale\" content=\"de_DE\" \/>\n<meta property=\"og:type\" content=\"article\" \/>\n<meta property=\"og:title\" content=\"Aflatoxine\" \/>\n<meta property=\"og:description\" content=\"- Aflatoxine\" \/>\n<meta property=\"og:url\" content=\"https:\/\/wissen.science-and-fun.de\/kochen\/infoseiten\/aflatoxine\/\" \/>\n<meta property=\"og:site_name\" content=\"Steffen&#039;s Haushaltsblog\" \/>\n<meta property=\"article:publisher\" content=\"https:\/\/www.facebook.com\/steffen.thomas1\" \/>\n<meta name=\"twitter:label1\" content=\"Gesch\u00e4tzte Lesezeit\" \/>\n\t<meta name=\"twitter:data1\" content=\"1\u00a0Minute\" \/>\n<script type=\"application\/ld+json\" class=\"yoast-schema-graph\">{\"@context\":\"https:\\\/\\\/schema.org\",\"@graph\":[{\"@type\":\"WebPage\",\"@id\":\"https:\\\/\\\/wissen.science-and-fun.de\\\/kochen\\\/infoseiten\\\/aflatoxine\\\/\",\"url\":\"https:\\\/\\\/wissen.science-and-fun.de\\\/kochen\\\/infoseiten\\\/aflatoxine\\\/\",\"name\":\"Aflatoxine\",\"isPartOf\":{\"@id\":\"https:\\\/\\\/wissen.science-and-fun.de\\\/kochen\\\/#website\"},\"datePublished\":\"2019-05-15T04:41:49+00:00\",\"description\":\"- Aflatoxine\",\"breadcrumb\":{\"@id\":\"https:\\\/\\\/wissen.science-and-fun.de\\\/kochen\\\/infoseiten\\\/aflatoxine\\\/#breadcrumb\"},\"inLanguage\":\"de\",\"potentialAction\":[{\"@type\":\"ReadAction\",\"target\":[\"https:\\\/\\\/wissen.science-and-fun.de\\\/kochen\\\/infoseiten\\\/aflatoxine\\\/\"]}]},{\"@type\":\"BreadcrumbList\",\"@id\":\"https:\\\/\\\/wissen.science-and-fun.de\\\/kochen\\\/infoseiten\\\/aflatoxine\\\/#breadcrumb\",\"itemListElement\":[{\"@type\":\"ListItem\",\"position\":1,\"name\":\"Home\",\"item\":\"https:\\\/\\\/wissen.science-and-fun.de\\\/kochen\\\/\"},{\"@type\":\"ListItem\",\"position\":2,\"name\":\"Infoseiten\",\"item\":\"https:\\\/\\\/wissen.science-and-fun.de\\\/kochen\\\/infoseiten\\\/\"},{\"@type\":\"ListItem\",\"position\":3,\"name\":\"Aflatoxine\"}]},{\"@type\":\"WebSite\",\"@id\":\"https:\\\/\\\/wissen.science-and-fun.de\\\/kochen\\\/#website\",\"url\":\"https:\\\/\\\/wissen.science-and-fun.de\\\/kochen\\\/\",\"name\":\"Steffen&#039;s Haushaltsblog\",\"description\":\"Kunst trifft Essen - Viele Bilder sind KI Kreationen und keine realen Abbildungen. - t.me\\\/ki_kunst \",\"publisher\":{\"@id\":\"https:\\\/\\\/wissen.science-and-fun.de\\\/kochen\\\/#\\\/schema\\\/person\\\/910dc13be3cb31f39d8707d607e929e8\"},\"potentialAction\":[{\"@type\":\"SearchAction\",\"target\":{\"@type\":\"EntryPoint\",\"urlTemplate\":\"https:\\\/\\\/wissen.science-and-fun.de\\\/kochen\\\/?s={search_term_string}\"},\"query-input\":{\"@type\":\"PropertyValueSpecification\",\"valueRequired\":true,\"valueName\":\"search_term_string\"}}],\"inLanguage\":\"de\"},{\"@type\":[\"Person\",\"Organization\"],\"@id\":\"https:\\\/\\\/wissen.science-and-fun.de\\\/kochen\\\/#\\\/schema\\\/person\\\/910dc13be3cb31f39d8707d607e929e8\",\"name\":\"Steffen\",\"image\":{\"@type\":\"ImageObject\",\"inLanguage\":\"de\",\"@id\":\"https:\\\/\\\/secure.gravatar.com\\\/avatar\\\/6ff13dd29c0d1b8a17460ca74a1e0eee159c14d00728cf5e1a7ee30f8ffdf195?s=96&d=mm&r=g\",\"url\":\"https:\\\/\\\/secure.gravatar.com\\\/avatar\\\/6ff13dd29c0d1b8a17460ca74a1e0eee159c14d00728cf5e1a7ee30f8ffdf195?s=96&d=mm&r=g\",\"contentUrl\":\"https:\\\/\\\/secure.gravatar.com\\\/avatar\\\/6ff13dd29c0d1b8a17460ca74a1e0eee159c14d00728cf5e1a7ee30f8ffdf195?s=96&d=mm&r=g\",\"caption\":\"Steffen\"},\"logo\":{\"@id\":\"https:\\\/\\\/secure.gravatar.com\\\/avatar\\\/6ff13dd29c0d1b8a17460ca74a1e0eee159c14d00728cf5e1a7ee30f8ffdf195?s=96&d=mm&r=g\"},\"sameAs\":[\"https:\\\/\\\/sthomas.de\",\"https:\\\/\\\/www.facebook.com\\\/steffen.thomas1\",\"https:\\\/\\\/x.com\\\/steto123\"]}]}<\/script>\n<!-- \/ Yoast SEO plugin. -->","yoast_head_json":{"title":"Aflatoxine","description":"- Aflatoxine","robots":{"index":"index","follow":"follow","max-snippet":"max-snippet:-1","max-image-preview":"max-image-preview:large","max-video-preview":"max-video-preview:-1"},"canonical":"https:\/\/wissen.science-and-fun.de\/kochen\/infoseiten\/aflatoxine\/","og_locale":"de_DE","og_type":"article","og_title":"Aflatoxine","og_description":"- Aflatoxine","og_url":"https:\/\/wissen.science-and-fun.de\/kochen\/infoseiten\/aflatoxine\/","og_site_name":"Steffen&#039;s Haushaltsblog","article_publisher":"https:\/\/www.facebook.com\/steffen.thomas1","twitter_misc":{"Gesch\u00e4tzte Lesezeit":"1\u00a0Minute"},"schema":{"@context":"https:\/\/schema.org","@graph":[{"@type":"WebPage","@id":"https:\/\/wissen.science-and-fun.de\/kochen\/infoseiten\/aflatoxine\/","url":"https:\/\/wissen.science-and-fun.de\/kochen\/infoseiten\/aflatoxine\/","name":"Aflatoxine","isPartOf":{"@id":"https:\/\/wissen.science-and-fun.de\/kochen\/#website"},"datePublished":"2019-05-15T04:41:49+00:00","description":"- Aflatoxine","breadcrumb":{"@id":"https:\/\/wissen.science-and-fun.de\/kochen\/infoseiten\/aflatoxine\/#breadcrumb"},"inLanguage":"de","potentialAction":[{"@type":"ReadAction","target":["https:\/\/wissen.science-and-fun.de\/kochen\/infoseiten\/aflatoxine\/"]}]},{"@type":"BreadcrumbList","@id":"https:\/\/wissen.science-and-fun.de\/kochen\/infoseiten\/aflatoxine\/#breadcrumb","itemListElement":[{"@type":"ListItem","position":1,"name":"Home","item":"https:\/\/wissen.science-and-fun.de\/kochen\/"},{"@type":"ListItem","position":2,"name":"Infoseiten","item":"https:\/\/wissen.science-and-fun.de\/kochen\/infoseiten\/"},{"@type":"ListItem","position":3,"name":"Aflatoxine"}]},{"@type":"WebSite","@id":"https:\/\/wissen.science-and-fun.de\/kochen\/#website","url":"https:\/\/wissen.science-and-fun.de\/kochen\/","name":"Steffen&#039;s Haushaltsblog","description":"Kunst trifft Essen - Viele Bilder sind KI Kreationen und keine realen Abbildungen. - t.me\/ki_kunst ","publisher":{"@id":"https:\/\/wissen.science-and-fun.de\/kochen\/#\/schema\/person\/910dc13be3cb31f39d8707d607e929e8"},"potentialAction":[{"@type":"SearchAction","target":{"@type":"EntryPoint","urlTemplate":"https:\/\/wissen.science-and-fun.de\/kochen\/?s={search_term_string}"},"query-input":{"@type":"PropertyValueSpecification","valueRequired":true,"valueName":"search_term_string"}}],"inLanguage":"de"},{"@type":["Person","Organization"],"@id":"https:\/\/wissen.science-and-fun.de\/kochen\/#\/schema\/person\/910dc13be3cb31f39d8707d607e929e8","name":"Steffen","image":{"@type":"ImageObject","inLanguage":"de","@id":"https:\/\/secure.gravatar.com\/avatar\/6ff13dd29c0d1b8a17460ca74a1e0eee159c14d00728cf5e1a7ee30f8ffdf195?s=96&d=mm&r=g","url":"https:\/\/secure.gravatar.com\/avatar\/6ff13dd29c0d1b8a17460ca74a1e0eee159c14d00728cf5e1a7ee30f8ffdf195?s=96&d=mm&r=g","contentUrl":"https:\/\/secure.gravatar.com\/avatar\/6ff13dd29c0d1b8a17460ca74a1e0eee159c14d00728cf5e1a7ee30f8ffdf195?s=96&d=mm&r=g","caption":"Steffen"},"logo":{"@id":"https:\/\/secure.gravatar.com\/avatar\/6ff13dd29c0d1b8a17460ca74a1e0eee159c14d00728cf5e1a7ee30f8ffdf195?s=96&d=mm&r=g"},"sameAs":["https:\/\/sthomas.de","https:\/\/www.facebook.com\/steffen.thomas1","https:\/\/x.com\/steto123"]}]}},"jetpack_shortlink":"https:\/\/wp.me\/P1tRoY-1Ou","jetpack-related-posts":[{"id":2767,"url":"https:\/\/wissen.science-and-fun.de\/kochen\/","url_meta":{"origin":6974,"position":0},"title":"K\u00fcrbis","author":"Steffen","date":"13. September 2011","format":false,"excerpt":"Der K\u00fcrbis (Flaschenapfel) ist eine Pflanzengattung der Kukurbitazeen. Es gibt mittlerweile sehr viele unterschiedliche Sorten von K\u00fcrbissen. Manche davon werden zur Ern\u00e4hrung verwendet, andere dienen als reine Zierfr\u00fcchte. Domestiziert wurde der K\u00fcrbis nach neueren Forschungsergebnissen ca. 8000-10000 Jahre vor Christus. Weitergehende Informationen finden sich zum Beispiel in der Wikipedia! Rezept\u00fcbersicht\u2026","rel":"","context":"\u00c4hnlicher Beitrag","block_context":{"text":"\u00c4hnlicher Beitrag","link":""},"img":{"alt_text":"","src":"https:\/\/i0.wp.com\/wissen.science-and-fun.de\/kochen\/files\/2011\/09\/k%C3%BCrbis.jpg?resize=350%2C200&ssl=1","width":350,"height":200,"srcset":"https:\/\/i0.wp.com\/wissen.science-and-fun.de\/kochen\/files\/2011\/09\/k%C3%BCrbis.jpg?resize=350%2C200&ssl=1 1x, https:\/\/i0.wp.com\/wissen.science-and-fun.de\/kochen\/files\/2011\/09\/k%C3%BCrbis.jpg?resize=525%2C300&ssl=1 1.5x"},"classes":[]},{"id":2983,"url":"https:\/\/wissen.science-and-fun.de\/kochen\/infoseiten\/weihnachten\/","url_meta":{"origin":6974,"position":1},"title":"Weihnachten","author":"Steffen","date":"3. November 2011","format":false,"excerpt":"Es geht im Jahr wieder auf Weihnachten zu und diese Seite gibt eine Auswahl meiner gesammelten Weihnachtsrezepte. Adventspuppen Dresdener Stollen Exotischer Kartoffelsalat zu Weihnachten Elisenlebkuchen Mandelstollen Pfefferkuchen Regensburger Pfeffern\u00fcsse Rosinenstollen Weihnachtsmarmelade Gans mit Maronen Gef\u00fcllte Gans mit Rotkraut Gans mit Feigen Gans indisch Pochierte Gans Odenw\u00e4lder G\u00e4nsebraten mit Honiglack G\u00e4nsebraten\u2026","rel":"","context":"\u00c4hnlicher Beitrag","block_context":{"text":"\u00c4hnlicher Beitrag","link":""},"img":{"alt_text":"","src":"https:\/\/i0.wp.com\/wissen.science-and-fun.de\/kochen\/files\/2011\/11\/xweihn-257x300.jpg?resize=350%2C200&ssl=1","width":350,"height":200},"classes":[]},{"id":2222,"url":"https:\/\/wissen.science-and-fun.de\/kochen\/infoseiten\/sauerteig\/","url_meta":{"origin":6974,"position":2},"title":"Sauerteig","author":"Steffen","date":"24. Juli 2011","format":false,"excerpt":"Auf dieser Seite versuche ich mal Informationen rund um den Sauerteig zusammenzustellen. Was ist Sauerteig? Brockhaus Kleines Konversationslexikon von 1911 schreibt dazu kurz und knapp: Sauerteig, der Teil des in G\u00e4rung befindlichen Brotteigs, der bis zum n\u00e4chsten Backen aufgehoben wird, um in dem frischen Teig sogleich die G\u00e4rung einzuleiten. Kommen\u2026","rel":"","context":"\u00c4hnlicher Beitrag","block_context":{"text":"\u00c4hnlicher Beitrag","link":""},"img":{"alt_text":"","src":"","width":0,"height":0},"classes":[]},{"id":6931,"url":"https:\/\/wissen.science-and-fun.de\/kochen\/infoseiten\/amaranth\/","url_meta":{"origin":6974,"position":3},"title":"Amaranth","author":"Steffen","date":"10. Juni 2019","format":false,"excerpt":"\u00c4hnlich wie das Quinoa eines der Hauptnahrungsmittel der Inkas war, bildete das Amaranth in alter Zeit die Ern\u00e4hrungsgrundlage der mexikanischen Azteken. Auch Amaranth geriet \u00fcber 500 Jahre lang in Vergessenheit, und zwar ebenfalls wegen der spanischen Eroberer, die das Aztekenreich im 16. Jahrhundert zerst\u00f6rten. Einer der Gr\u00fcnde f\u00fcr die \u00e4chtung\u2026","rel":"","context":"\u00c4hnlicher Beitrag","block_context":{"text":"\u00c4hnlicher Beitrag","link":""},"img":{"alt_text":"","src":"","width":0,"height":0},"classes":[]},{"id":2,"url":"https:\/\/wissen.science-and-fun.de\/kochen\/impressum\/beispiel-seite\/","url_meta":{"origin":6974,"position":4},"title":"Steffen&#8217;s Kochblog","author":"Steffen","date":"6. April 2011","format":false,"excerpt":"Hurra Mittleweile sind auf dieser Seite 1000 Rezepte ver\u00f6ffentlicht! Willkommen auf meiner Kochseite! Ich fr\u00f6ne auf dieser Seite meiner Leidenschaft f\u00fcr das Kochen. Und da ich eine gewisse Sammelleidenschaft besitze, haben sich im Lauf der Jahre viele Rezepte bei mir angesammelt. Zum Beispiel von alten Kalenderbl\u00e4ttern oder aus der News-Gruppe\u2026","rel":"","context":"\u00c4hnlicher Beitrag","block_context":{"text":"\u00c4hnlicher Beitrag","link":""},"img":{"alt_text":"","src":"https:\/\/i0.wp.com\/wissen.science-and-fun.de\/kochen\/files\/2011\/04\/schnitzel.jpg?resize=350%2C200&ssl=1","width":350,"height":200},"classes":[]},{"id":4227,"url":"https:\/\/wissen.science-and-fun.de\/kochen\/infoseiten\/spargel\/","url_meta":{"origin":6974,"position":5},"title":"Spargel","author":"Steffen","date":"12. April 2012","format":false,"excerpt":"","rel":"","context":"\u00c4hnlicher Beitrag","block_context":{"text":"\u00c4hnlicher Beitrag","link":""},"img":{"alt_text":"","src":"https:\/\/i0.wp.com\/wissen.science-and-fun.de\/kochen\/files\/2024\/03\/XmRTuGrPuKmnGe0fRCFF-4-kpile-300x300.jpg?resize=350%2C200&ssl=1","width":350,"height":200},"classes":[]}],"jetpack_sharing_enabled":true,"_links":{"self":[{"href":"https:\/\/wissen.science-and-fun.de\/kochen\/wp-json\/wp\/v2\/pages\/6974","targetHints":{"allow":["GET"]}}],"collection":[{"href":"https:\/\/wissen.science-and-fun.de\/kochen\/wp-json\/wp\/v2\/pages"}],"about":[{"href":"https:\/\/wissen.science-and-fun.de\/kochen\/wp-json\/wp\/v2\/types\/page"}],"author":[{"embeddable":true,"href":"https:\/\/wissen.science-and-fun.de\/kochen\/wp-json\/wp\/v2\/users\/1"}],"replies":[{"embeddable":true,"href":"https:\/\/wissen.science-and-fun.de\/kochen\/wp-json\/wp\/v2\/comments?post=6974"}],"version-history":[{"count":1,"href":"https:\/\/wissen.science-and-fun.de\/kochen\/wp-json\/wp\/v2\/pages\/6974\/revisions"}],"predecessor-version":[{"id":6975,"href":"https:\/\/wissen.science-and-fun.de\/kochen\/wp-json\/wp\/v2\/pages\/6974\/revisions\/6975"}],"up":[{"embeddable":true,"href":"https:\/\/wissen.science-and-fun.de\/kochen\/wp-json\/wp\/v2\/pages\/1929"}],"wp:attachment":[{"href":"https:\/\/wissen.science-and-fun.de\/kochen\/wp-json\/wp\/v2\/media?parent=6974"}],"curies":[{"name":"wp","href":"https:\/\/api.w.org\/{rel}","templated":true}]}}