{"id":6634,"date":"2019-04-30T16:28:22","date_gmt":"2019-04-30T16:28:22","guid":{"rendered":"https:\/\/wissen.science-and-fun.de\/kochen\/?page_id=6634"},"modified":"2019-08-11T15:42:33","modified_gmt":"2019-08-11T15:42:33","slug":"steaks-und-co","status":"publish","type":"page","link":"https:\/\/wissen.science-and-fun.de\/kochen\/infoseiten\/steaks-und-co\/","title":{"rendered":"Steaks und Co."},"content":{"rendered":"<h3>Kollagen<\/h3>\n<p>Fleisch besteht aus Muskeln, Bindegewebe, Fett und Knochen. Der Muskel enth\u00e4lt Proteine und Glykogen. Mit zunehmender Temperatur des Fleisches wird Glykogen, ein langkettiger Zucker, zu Einfachzucker reduziert. Diese karamellisiert und ist f\u00fcr eine der Geschmackskomponenten verantwortlich.<\/p>\n<p>Proteine (geschmacklos) werden zu Aminos\u00e4uren denaturiert, die nicht nur selbst Aromen haben, sondern auch Maillard-Br\u00e4unungsreaktionen durchlaufen, die eine weitere Geschmackskomponente hinzuf\u00fcgen.<\/p>\n<p>W\u00e4hrend Knochen selbst keinen Geschmack hinzuf\u00fcgt, ist das Mark reich an Methyglobulin und anderen Proteinen. Diese reagiert mit Rauchnitriten, um uns den Rauchring zu geben. Sie haben vielleicht geh\u00f6rt, dass &#8222;das s\u00fc\u00dfeste Fleisch neben dem Knochen liegt&#8220;. Die Proteine werden zu Aminos\u00e4uren reduziert.<\/p>\n<p>Fett ist ein sehr einfacher Zellbestandteil, der bei niedrigen Temperaturen zu Zucker, Fetts\u00e4uren und Triglyceriden zerf\u00e4llt.<\/p>\n<p>Kollagen ist ein Protein, das viele Seitenkettenbindungen aufweist. Das macht sie elastisch. Es braucht mehr Energie, um sie zu denaturieren als die einfacheren Proteine des Muskelgewebes. Energie in Form von W\u00e4rme wird diese Proteine in die geschmackvollen Aminos\u00e4uren denaturieren.<\/p>\n<p>Bei zu hoher Temperatur wird das Wasser in den Muskelzellen und das Fett ausgeschieden, bevor das Kollagen schmilzt. Das Ergebnis ist trockenes, z\u00e4hes Fleisch. Zu niedrig und Sie riskieren Bakterienaktivit\u00e4t.<\/p>\n<p>Z\u00e4he Fleischst\u00fccke wie Rinderbrust und Schweinekoteletts profitieren von der Niedertemperaturkochung, da das Kollagen dem Fleisch den Geschmack verleiht. Weniger z\u00e4he, teurere Schnitte ben\u00f6tigen diese Phase nicht und k\u00f6nnen bei hohen Temperaturen f\u00fcr k\u00fcrzere Zeitr\u00e4ume gekocht werden. Deshalb dauern Rippen nur wenige Stunden und Rinderbrust 20 Stunden.<\/p>\n<h3>\u00dcber Marinaden und Gew\u00fcrzmischungen (Rubs)<\/h3>\n<p>Eine Marinade ist eine stark gew\u00fcrzte Fl\u00fcssigkeit die verwendet wird, um den Geschmack zu vermitteln und in einigen z\u00e4heres Fleisch weicher zu machen. Ein Rub ist eine hochkonzentrierte Mischung aus Kr\u00e4utern und Gew\u00fcrzen, die das \u00c4u\u00dfere des Fleisches beim Grillen aromatisiert.<br \/>\nMarinaden bestehen aus fl\u00fcssigen Zutaten wie Frucht- oder Gem\u00fcses\u00e4ften, Wein oder Wasser und \u00d6l in Kombination mit einer mehrst\u00fcndigen Reifung oder auch \u00fcber Nacht, um den Geschmack zu verst\u00e4rken und\/oder zart zu machen. Um mit einer Marinade zart zu machen, muss sie einen sauren Bestandteil wie Zitronensaft, Wein, Essig oder Joghurt enthalten. Die S\u00e4ure dringt in die Fleischfasern ein, um sie zart zu machen.<\/p>\n<p>Rubs werden kurz vor dem Grillen auf die Au\u00dfenfl\u00e4che des Fleisches aufgetragen; sie ben\u00f6tigen keine Standzeit. Zur Vereinfachung k\u00f6nnen jedoch mehrere Stunden im Voraus solche Einreibungen durchgef\u00fchrt werden. Das beschichtete Fleisch sollte bis zum Grillen gek\u00fchlt werden.<\/p>\n<p>Die Aromen werden umso ausgepr\u00e4gter, je l\u00e4nger die Einreibung auf dem Fleisch ist. Kreieren Sie Ihre eigene Mischung oder Gew\u00fcrze f\u00fcr Rubs Pfund. Fleischmarinaden k\u00f6nnen gekocht oder ungekocht sein. Gekochte Marinaden sollten vor Gebrauch vollst\u00e4ndig abgek\u00fchlt sein.<\/p>\n<p>Ein strapazierf\u00e4higer Plastikbeutel ist zum Marinieren geeignet. W\u00e4hlen Sie Gerichte aus, in denen das Fleisch gut hinein passt, aber flach aufliegt. W\u00e4hrend des Marinierens beachten, dass alle Seiten der Marinade ausgesetzt sind. Damit die Marinierung stattfinden kann, m\u00fcssen die meisten Teilst\u00fccke mindestens 6 Stunden lang oder \u00fcber Nacht mariniert werden. F\u00fcr die Geschmacksmarinade 15 Minuten oder bis zu 2 Stunden. Marinaden k\u00f6nnen auch w\u00e4hrend des Grillens aufgetragen werden. Entsorgen Sie gebrauchte Marinaden und verwenden Sie sie nie wieder.<\/p>\n<p>MOP<\/p>\n<p>MOP&#8217;s sind d\u00fcnnfl\u00fcssige Grillsaucen.\u00a0 Sie werden im Gegensatz zu Marinaden w\u00e4hrend des Grillens auf das Grillgut aufgetragen. Dieser Vorgang wird auch als moppen bezeichnet.<\/p>\n","protected":false},"excerpt":{"rendered":"<p>Kollagen Fleisch besteht aus Muskeln, Bindegewebe, Fett und Knochen. Der Muskel enth\u00e4lt Proteine und Glykogen. Mit zunehmender Temperatur des Fleisches wird Glykogen, ein langkettiger Zucker, zu Einfachzucker reduziert. Diese karamellisiert und ist f\u00fcr eine der Geschmackskomponenten verantwortlich. Proteine (geschmacklos) werden zu Aminos\u00e4uren denaturiert, die nicht nur selbst Aromen haben, sondern auch Maillard-Br\u00e4unungsreaktionen durchlaufen, die eine &hellip; <\/p>\n<p><a class=\"more-link btn\" href=\"https:\/\/wissen.science-and-fun.de\/kochen\/infoseiten\/steaks-und-co\/\">Weiterlesen<\/a><\/p>\n","protected":false},"author":1,"featured_media":0,"parent":1929,"menu_order":0,"comment_status":"closed","ping_status":"closed","template":"","meta":{"wprm-recipe-roundup-name":"","wprm-recipe-roundup-description":"","_crdt_document":"","footnotes":""},"class_list":["post-6634","page","type-page","status-publish","hentry","nodate","item-wrap"],"yoast_head":"<!-- This site is optimized with the Yoast SEO plugin v27.6 - https:\/\/yoast.com\/product\/yoast-seo-wordpress\/ -->\n<title>Steaks und Co.<\/title>\n<meta name=\"description\" content=\"- Steaks und Co.\" \/>\n<meta name=\"robots\" content=\"index, follow, max-snippet:-1, max-image-preview:large, max-video-preview:-1\" \/>\n<link rel=\"canonical\" href=\"https:\/\/wissen.science-and-fun.de\/kochen\/infoseiten\/steaks-und-co\/\" \/>\n<meta property=\"og:locale\" content=\"de_DE\" \/>\n<meta property=\"og:type\" content=\"article\" \/>\n<meta property=\"og:title\" content=\"Steaks und Co.\" \/>\n<meta property=\"og:description\" content=\"- Steaks und Co.\" \/>\n<meta property=\"og:url\" content=\"https:\/\/wissen.science-and-fun.de\/kochen\/infoseiten\/steaks-und-co\/\" \/>\n<meta property=\"og:site_name\" content=\"Steffen&#039;s Haushaltsblog\" \/>\n<meta property=\"article:publisher\" content=\"https:\/\/www.facebook.com\/steffen.thomas1\" \/>\n<meta property=\"article:modified_time\" content=\"2019-08-11T15:42:33+00:00\" \/>\n<meta name=\"twitter:label1\" content=\"Gesch\u00e4tzte Lesezeit\" \/>\n\t<meta name=\"twitter:data1\" content=\"3\u00a0Minuten\" \/>\n<script type=\"application\/ld+json\" class=\"yoast-schema-graph\">{\"@context\":\"https:\\\/\\\/schema.org\",\"@graph\":[{\"@type\":\"WebPage\",\"@id\":\"https:\\\/\\\/wissen.science-and-fun.de\\\/kochen\\\/infoseiten\\\/steaks-und-co\\\/\",\"url\":\"https:\\\/\\\/wissen.science-and-fun.de\\\/kochen\\\/infoseiten\\\/steaks-und-co\\\/\",\"name\":\"Steaks und Co.\",\"isPartOf\":{\"@id\":\"https:\\\/\\\/wissen.science-and-fun.de\\\/kochen\\\/#website\"},\"datePublished\":\"2019-04-30T16:28:22+00:00\",\"dateModified\":\"2019-08-11T15:42:33+00:00\",\"description\":\"- Steaks und Co.\",\"breadcrumb\":{\"@id\":\"https:\\\/\\\/wissen.science-and-fun.de\\\/kochen\\\/infoseiten\\\/steaks-und-co\\\/#breadcrumb\"},\"inLanguage\":\"de\",\"potentialAction\":[{\"@type\":\"ReadAction\",\"target\":[\"https:\\\/\\\/wissen.science-and-fun.de\\\/kochen\\\/infoseiten\\\/steaks-und-co\\\/\"]}]},{\"@type\":\"BreadcrumbList\",\"@id\":\"https:\\\/\\\/wissen.science-and-fun.de\\\/kochen\\\/infoseiten\\\/steaks-und-co\\\/#breadcrumb\",\"itemListElement\":[{\"@type\":\"ListItem\",\"position\":1,\"name\":\"Home\",\"item\":\"https:\\\/\\\/wissen.science-and-fun.de\\\/kochen\\\/\"},{\"@type\":\"ListItem\",\"position\":2,\"name\":\"Infoseiten\",\"item\":\"https:\\\/\\\/wissen.science-and-fun.de\\\/kochen\\\/infoseiten\\\/\"},{\"@type\":\"ListItem\",\"position\":3,\"name\":\"Steaks und Co.\"}]},{\"@type\":\"WebSite\",\"@id\":\"https:\\\/\\\/wissen.science-and-fun.de\\\/kochen\\\/#website\",\"url\":\"https:\\\/\\\/wissen.science-and-fun.de\\\/kochen\\\/\",\"name\":\"Steffen&#039;s Haushaltsblog\",\"description\":\"Kunst trifft Essen - Viele Bilder sind KI Kreationen und keine realen Abbildungen. - t.me\\\/ki_kunst \",\"publisher\":{\"@id\":\"https:\\\/\\\/wissen.science-and-fun.de\\\/kochen\\\/#\\\/schema\\\/person\\\/910dc13be3cb31f39d8707d607e929e8\"},\"potentialAction\":[{\"@type\":\"SearchAction\",\"target\":{\"@type\":\"EntryPoint\",\"urlTemplate\":\"https:\\\/\\\/wissen.science-and-fun.de\\\/kochen\\\/?s={search_term_string}\"},\"query-input\":{\"@type\":\"PropertyValueSpecification\",\"valueRequired\":true,\"valueName\":\"search_term_string\"}}],\"inLanguage\":\"de\"},{\"@type\":[\"Person\",\"Organization\"],\"@id\":\"https:\\\/\\\/wissen.science-and-fun.de\\\/kochen\\\/#\\\/schema\\\/person\\\/910dc13be3cb31f39d8707d607e929e8\",\"name\":\"Steffen\",\"image\":{\"@type\":\"ImageObject\",\"inLanguage\":\"de\",\"@id\":\"https:\\\/\\\/secure.gravatar.com\\\/avatar\\\/6ff13dd29c0d1b8a17460ca74a1e0eee159c14d00728cf5e1a7ee30f8ffdf195?s=96&d=mm&r=g\",\"url\":\"https:\\\/\\\/secure.gravatar.com\\\/avatar\\\/6ff13dd29c0d1b8a17460ca74a1e0eee159c14d00728cf5e1a7ee30f8ffdf195?s=96&d=mm&r=g\",\"contentUrl\":\"https:\\\/\\\/secure.gravatar.com\\\/avatar\\\/6ff13dd29c0d1b8a17460ca74a1e0eee159c14d00728cf5e1a7ee30f8ffdf195?s=96&d=mm&r=g\",\"caption\":\"Steffen\"},\"logo\":{\"@id\":\"https:\\\/\\\/secure.gravatar.com\\\/avatar\\\/6ff13dd29c0d1b8a17460ca74a1e0eee159c14d00728cf5e1a7ee30f8ffdf195?s=96&d=mm&r=g\"},\"sameAs\":[\"https:\\\/\\\/sthomas.de\",\"https:\\\/\\\/www.facebook.com\\\/steffen.thomas1\",\"https:\\\/\\\/x.com\\\/steto123\"]}]}<\/script>\n<!-- \/ Yoast SEO plugin. -->","yoast_head_json":{"title":"Steaks und Co.","description":"- Steaks und Co.","robots":{"index":"index","follow":"follow","max-snippet":"max-snippet:-1","max-image-preview":"max-image-preview:large","max-video-preview":"max-video-preview:-1"},"canonical":"https:\/\/wissen.science-and-fun.de\/kochen\/infoseiten\/steaks-und-co\/","og_locale":"de_DE","og_type":"article","og_title":"Steaks und Co.","og_description":"- Steaks und Co.","og_url":"https:\/\/wissen.science-and-fun.de\/kochen\/infoseiten\/steaks-und-co\/","og_site_name":"Steffen&#039;s Haushaltsblog","article_publisher":"https:\/\/www.facebook.com\/steffen.thomas1","article_modified_time":"2019-08-11T15:42:33+00:00","twitter_misc":{"Gesch\u00e4tzte Lesezeit":"3\u00a0Minuten"},"schema":{"@context":"https:\/\/schema.org","@graph":[{"@type":"WebPage","@id":"https:\/\/wissen.science-and-fun.de\/kochen\/infoseiten\/steaks-und-co\/","url":"https:\/\/wissen.science-and-fun.de\/kochen\/infoseiten\/steaks-und-co\/","name":"Steaks und Co.","isPartOf":{"@id":"https:\/\/wissen.science-and-fun.de\/kochen\/#website"},"datePublished":"2019-04-30T16:28:22+00:00","dateModified":"2019-08-11T15:42:33+00:00","description":"- Steaks und Co.","breadcrumb":{"@id":"https:\/\/wissen.science-and-fun.de\/kochen\/infoseiten\/steaks-und-co\/#breadcrumb"},"inLanguage":"de","potentialAction":[{"@type":"ReadAction","target":["https:\/\/wissen.science-and-fun.de\/kochen\/infoseiten\/steaks-und-co\/"]}]},{"@type":"BreadcrumbList","@id":"https:\/\/wissen.science-and-fun.de\/kochen\/infoseiten\/steaks-und-co\/#breadcrumb","itemListElement":[{"@type":"ListItem","position":1,"name":"Home","item":"https:\/\/wissen.science-and-fun.de\/kochen\/"},{"@type":"ListItem","position":2,"name":"Infoseiten","item":"https:\/\/wissen.science-and-fun.de\/kochen\/infoseiten\/"},{"@type":"ListItem","position":3,"name":"Steaks und Co."}]},{"@type":"WebSite","@id":"https:\/\/wissen.science-and-fun.de\/kochen\/#website","url":"https:\/\/wissen.science-and-fun.de\/kochen\/","name":"Steffen&#039;s Haushaltsblog","description":"Kunst trifft Essen - Viele Bilder sind KI Kreationen und keine realen Abbildungen. - t.me\/ki_kunst ","publisher":{"@id":"https:\/\/wissen.science-and-fun.de\/kochen\/#\/schema\/person\/910dc13be3cb31f39d8707d607e929e8"},"potentialAction":[{"@type":"SearchAction","target":{"@type":"EntryPoint","urlTemplate":"https:\/\/wissen.science-and-fun.de\/kochen\/?s={search_term_string}"},"query-input":{"@type":"PropertyValueSpecification","valueRequired":true,"valueName":"search_term_string"}}],"inLanguage":"de"},{"@type":["Person","Organization"],"@id":"https:\/\/wissen.science-and-fun.de\/kochen\/#\/schema\/person\/910dc13be3cb31f39d8707d607e929e8","name":"Steffen","image":{"@type":"ImageObject","inLanguage":"de","@id":"https:\/\/secure.gravatar.com\/avatar\/6ff13dd29c0d1b8a17460ca74a1e0eee159c14d00728cf5e1a7ee30f8ffdf195?s=96&d=mm&r=g","url":"https:\/\/secure.gravatar.com\/avatar\/6ff13dd29c0d1b8a17460ca74a1e0eee159c14d00728cf5e1a7ee30f8ffdf195?s=96&d=mm&r=g","contentUrl":"https:\/\/secure.gravatar.com\/avatar\/6ff13dd29c0d1b8a17460ca74a1e0eee159c14d00728cf5e1a7ee30f8ffdf195?s=96&d=mm&r=g","caption":"Steffen"},"logo":{"@id":"https:\/\/secure.gravatar.com\/avatar\/6ff13dd29c0d1b8a17460ca74a1e0eee159c14d00728cf5e1a7ee30f8ffdf195?s=96&d=mm&r=g"},"sameAs":["https:\/\/sthomas.de","https:\/\/www.facebook.com\/steffen.thomas1","https:\/\/x.com\/steto123"]}]}},"jetpack_shortlink":"https:\/\/wp.me\/P1tRoY-1J0","jetpack-related-posts":[{"id":6268,"url":"https:\/\/wissen.science-and-fun.de\/kochen\/infoseiten\/joghurt\/","url_meta":{"origin":6634,"position":0},"title":"Joghurt","author":"Steffen","date":"26. Juni 2018","format":false,"excerpt":"Joghurt ist grob gesagt eine durch Milchs\u00e4urebakterien verdickte Milch. Etwas genauer betrachtet wird Lactose (Milchzucker) durch Milchs\u00e4urebakterien wie dem Lactobacillus bulgaricus zu Milchs\u00e4ure umgewandelt. Das f\u00fchrt zu einer Verringerung es pH- Wertes und ist auch Ursache f\u00fcr den s\u00e4uerlichen Geschmack. Diese Ver\u00e4nderung des pH- Wertes f\u00fchrt wiederum daz, das sich\u2026","rel":"","context":"\u00c4hnlicher Beitrag","block_context":{"text":"\u00c4hnlicher Beitrag","link":""},"img":{"alt_text":"","src":"","width":0,"height":0},"classes":[]},{"id":6931,"url":"https:\/\/wissen.science-and-fun.de\/kochen\/infoseiten\/amaranth\/","url_meta":{"origin":6634,"position":1},"title":"Amaranth","author":"Steffen","date":"10. Juni 2019","format":false,"excerpt":"\u00c4hnlich wie das Quinoa eines der Hauptnahrungsmittel der Inkas war, bildete das Amaranth in alter Zeit die Ern\u00e4hrungsgrundlage der mexikanischen Azteken. Auch Amaranth geriet \u00fcber 500 Jahre lang in Vergessenheit, und zwar ebenfalls wegen der spanischen Eroberer, die das Aztekenreich im 16. Jahrhundert zerst\u00f6rten. Einer der Gr\u00fcnde f\u00fcr die \u00e4chtung\u2026","rel":"","context":"\u00c4hnlicher Beitrag","block_context":{"text":"\u00c4hnlicher Beitrag","link":""},"img":{"alt_text":"","src":"","width":0,"height":0},"classes":[]},{"id":6972,"url":"https:\/\/wissen.science-and-fun.de\/kochen\/infoseiten\/ackerola\/","url_meta":{"origin":6634,"position":2},"title":"Acerola","author":"Steffen","date":"18. Mai 2019","format":false,"excerpt":"Acerola (auch Antillenkirsche genannt) Herkunft: Westindische Inseln, Mittelamerika, Indien und Afrika Aussehen\/Geschmack: Die Acerola ist eine kirschenartige Steinfrucht mit d\u00fcnner, l\u00e4ngs gerillter, orangeroter bis kr\u00e4ftig roter Haut. Das Fruchtfleisch ist weich, saftig und schmeckt fruchtig-sauer. Auf dem Markt: Nur als verarbeitetes Produkt in Form von Fruchtnektaren oder Fruchtsaftkonzentraten, da Acerolas\u2026","rel":"","context":"\u00c4hnlicher Beitrag","block_context":{"text":"\u00c4hnlicher Beitrag","link":""},"img":{"alt_text":"","src":"","width":0,"height":0},"classes":[]},{"id":6969,"url":"https:\/\/wissen.science-and-fun.de\/kochen\/infoseiten\/ananas\/","url_meta":{"origin":6634,"position":3},"title":"Ananas","author":"Steffen","date":"26. Mai 2019","format":false,"excerpt":"Herkunft: Entdeckt wurde die Ananas von Christoph Columbus auf Guadeloupe, aber das Ursprungsland ist wahrscheinlich Paraguay. Heute wird sie angebaut in Brasilien, S\u00fcdafrike, Kenya, Hgana, der Elfenbeink\u00fcste, den Azoren und auf den Philippinen. Aussehen\/ Geschmack: Es sind oval-kugelige Fr\u00fcchte mit gro\u00dfer gr\u00fcner Blattrossette, etwa 15 cm lang, mit genoppter Schale,\u2026","rel":"","context":"\u00c4hnlicher Beitrag","block_context":{"text":"\u00c4hnlicher Beitrag","link":""},"img":{"alt_text":"Ananas","src":"https:\/\/i0.wp.com\/wissen.science-and-fun.de\/kochen\/files\/2019\/05\/Ananas_pflanze.jpg?resize=350%2C200&ssl=1","width":350,"height":200},"classes":[]},{"id":8174,"url":"https:\/\/wissen.science-and-fun.de\/kochen\/infoseiten\/basilikum-koenigskraut-basilkraut-suppenbasil\/","url_meta":{"origin":6634,"position":4},"title":"Basilikum (K\u00f6nigskraut, Basilkraut, Suppenbasil)","author":"Steffen","date":"27. Februar 2022","format":false,"excerpt":"Basilikum stammt urspr\u00fcnglich aus Indien. Bei uns ist sie vor allem durch die mediterrane K\u00fcche bekannt. Bei den Hindus gilt Basilikum als heilig, f\u00fcr die R\u00f6mer war er die Pflanze des Hasses, und Karl der Gro\u00dfe wiederum lie\u00df sie \u00fcber Italien importieren, um sie in den Klosterg\u00e4rten n\u00f6rdlich der Alpen\u2026","rel":"","context":"\u00c4hnlicher Beitrag","block_context":{"text":"\u00c4hnlicher Beitrag","link":""},"img":{"alt_text":"","src":"","width":0,"height":0},"classes":[]},{"id":8043,"url":"https:\/\/wissen.science-and-fun.de\/kochen\/haushaltstipps\/fit-und-schlank-mit-fruchtexoten\/","url_meta":{"origin":6634,"position":5},"title":"Fit und schlank mit Fruchtexoten","author":"Steffen","date":"21. November 2021","format":false,"excerpt":"Fit und schlank mit Fruchtexoten Drei wichtige Essregeln sollten beachtet werden: 1. Statt drei gro\u00dfer Mahlzeiten lieber f\u00fcnf Kleine. Das sorgt f\u00fcr einen gleichm\u00e4\u00dfigen Blutzuckerspiegel, wodurch Hei\u00dfhungeranf\u00e4lle ausbleiben. 2. Alle Speisen lang und gut durchkauen, um die Nahrung gut aufzuspalten, und dem Magen Arbeit abzunehmen. Au\u00dferdem tritt das S\u00e4ttigungsgef\u00fchl eher\u2026","rel":"","context":"\u00c4hnlicher Beitrag","block_context":{"text":"\u00c4hnlicher Beitrag","link":""},"img":{"alt_text":"","src":"","width":0,"height":0},"classes":[]}],"jetpack_sharing_enabled":true,"_links":{"self":[{"href":"https:\/\/wissen.science-and-fun.de\/kochen\/wp-json\/wp\/v2\/pages\/6634","targetHints":{"allow":["GET"]}}],"collection":[{"href":"https:\/\/wissen.science-and-fun.de\/kochen\/wp-json\/wp\/v2\/pages"}],"about":[{"href":"https:\/\/wissen.science-and-fun.de\/kochen\/wp-json\/wp\/v2\/types\/page"}],"author":[{"embeddable":true,"href":"https:\/\/wissen.science-and-fun.de\/kochen\/wp-json\/wp\/v2\/users\/1"}],"replies":[{"embeddable":true,"href":"https:\/\/wissen.science-and-fun.de\/kochen\/wp-json\/wp\/v2\/comments?post=6634"}],"version-history":[{"count":4,"href":"https:\/\/wissen.science-and-fun.de\/kochen\/wp-json\/wp\/v2\/pages\/6634\/revisions"}],"predecessor-version":[{"id":6638,"href":"https:\/\/wissen.science-and-fun.de\/kochen\/wp-json\/wp\/v2\/pages\/6634\/revisions\/6638"}],"up":[{"embeddable":true,"href":"https:\/\/wissen.science-and-fun.de\/kochen\/wp-json\/wp\/v2\/pages\/1929"}],"wp:attachment":[{"href":"https:\/\/wissen.science-and-fun.de\/kochen\/wp-json\/wp\/v2\/media?parent=6634"}],"curies":[{"name":"wp","href":"https:\/\/api.w.org\/{rel}","templated":true}]}}