{"id":6268,"date":"2018-06-26T07:05:10","date_gmt":"2018-06-26T07:05:10","guid":{"rendered":"https:\/\/wissen.science-and-fun.de\/kochen\/?page_id=6268"},"modified":"2018-06-26T11:18:43","modified_gmt":"2018-06-26T11:18:43","slug":"joghurt","status":"publish","type":"page","link":"https:\/\/wissen.science-and-fun.de\/kochen\/infoseiten\/joghurt\/","title":{"rendered":"Joghurt"},"content":{"rendered":"<p>Joghurt ist grob gesagt eine durch Milchs\u00e4urebakterien verdickte Milch. Etwas genauer betrachtet wird Lactose (Milchzucker) durch Milchs\u00e4urebakterien wie dem Lactobacillus bulgaricus zu Milchs\u00e4ure umgewandelt. Das f\u00fchrt zu einer Verringerung es pH- Wertes und ist auch Ursache f\u00fcr den s\u00e4uerlichen Geschmack. Diese Ver\u00e4nderung des pH- Wertes f\u00fchrt wiederum daz, das sich die  Caseinmicellen nicht mehr in L\u00f6sung halten und koagulieren. In den Zwischenr\u00e4umen des sich nun bildenden Netzwerkes sammelte sich das w\u00e4ssrige Anteil der Milch (Molke) und die restliche Proteinfraktion.<br \/>\nDie so entstehende Joghurt wird im Handel als Naturjoghurt vertrieben. Er darf keinerlei weitere Zus\u00e4tze enthalten.<br \/>\nProbiotische Joghurts werden durch Bakterien erzeugt, die gr\u00f6\u00dftenteils nicht von der Magens\u00e4ure abget\u00f6tet werden und ihre Stoffwechselaktivit\u00e4t im Darm entwickeln k\u00f6nnen. Immunstimulierende Effekte treten jedoch unabh\u00e4ngig von der Art des Joghurts auf (!Werbefalle!). (1)<\/p>\n<p>Joghurt kann man recht problemlos selber herstellen. Im Grunde genommen mu\u00df man Milch nur etwas erw\u00e4rmen, mit Joghurt impfen und mindestens 6 Stunden warm stehen lassen. Detaillierte Anleitungen findet man an allen Ecken des Internets. Handels\u00fcbliche Joghurtmaker vereinfachen die Herstellung dabei noch etwas, da sie oft f\u00fcr eine passende Temperierung sorgen.<\/p>\n<p>Hier noch etwas zum Vergleich Milch und Joghurt:<br \/>\nFettarmer Joghurt ist ein Joghurt mit 1,5% Fett. Das sollte dem entsprechen, was man aus Milch mit 1,5% Fettgehalt selber herstellen kann (2):<\/p>\n<table>\n<tr>\n<td>&nbsp;<\/p>\n<td>Fett<\/p>\n<td>KH*<\/p>\n<td>Eiwei\u00df *<\/p>\n<td>\tKcal *<\/p>\n<td>BE *<br \/>\n<\/tr>\n<tr>\n<td>Milch (1,5%)<\/p>\n<td>1,6%<\/p>\n<td>4,6g<\/p>\n<td>3,4g<\/p>\n<td>47<\/p>\n<td>0,5<br \/>\n<\/tr>\n<tr>\n<td>Joghurt (1,5%)<\/p>\n<td>\t1,5%<\/p>\n<td>5,6g<\/p>\n<td>3,6g<\/p>\n<td>50<\/p>\n<td>0,5<br \/>\n<\/tr>\n<\/table>\n<p>\n*in 100g<br \/>\n<\/p>\n<p>Ich benutze Joghurt u.a. zur Herstellung von Frischk\u00e4se.<\/p>\n<p>Quellen:<br \/>\n1) https:\/\/de.wikipedia.org\/wiki\/Joghurt<br \/>\n2) https:\/\/www.lebensmittel-tabelle.de<\/p>\n","protected":false},"excerpt":{"rendered":"<p>Joghurt ist grob gesagt eine durch Milchs\u00e4urebakterien verdickte Milch. Etwas genauer betrachtet wird Lactose (Milchzucker) durch Milchs\u00e4urebakterien wie dem Lactobacillus bulgaricus zu Milchs\u00e4ure umgewandelt. Das f\u00fchrt zu einer Verringerung es pH- Wertes und ist auch Ursache f\u00fcr den s\u00e4uerlichen Geschmack. Diese Ver\u00e4nderung des pH- Wertes f\u00fchrt wiederum daz, das sich die Caseinmicellen nicht mehr in &hellip; <\/p>\n<p><a class=\"more-link btn\" href=\"https:\/\/wissen.science-and-fun.de\/kochen\/infoseiten\/joghurt\/\">Weiterlesen<\/a><\/p>\n","protected":false},"author":1,"featured_media":0,"parent":1929,"menu_order":0,"comment_status":"closed","ping_status":"closed","template":"","meta":{"wprm-recipe-roundup-name":"","wprm-recipe-roundup-description":"","_crdt_document":"","jetpack_post_was_ever_published":false,"footnotes":""},"class_list":["post-6268","page","type-page","status-publish","hentry","nodate","item-wrap"],"yoast_head":"<!-- This site is optimized with the Yoast SEO plugin v27.4 - https:\/\/yoast.com\/product\/yoast-seo-wordpress\/ -->\n<title>Joghurt<\/title>\n<meta name=\"description\" content=\"- Joghurt\" \/>\n<meta name=\"robots\" content=\"index, follow, max-snippet:-1, max-image-preview:large, max-video-preview:-1\" \/>\n<link rel=\"canonical\" href=\"https:\/\/wissen.science-and-fun.de\/kochen\/infoseiten\/joghurt\/\" \/>\n<meta property=\"og:locale\" content=\"de_DE\" \/>\n<meta property=\"og:type\" content=\"article\" \/>\n<meta property=\"og:title\" content=\"Joghurt\" \/>\n<meta property=\"og:description\" content=\"- Joghurt\" \/>\n<meta property=\"og:url\" content=\"https:\/\/wissen.science-and-fun.de\/kochen\/infoseiten\/joghurt\/\" \/>\n<meta property=\"og:site_name\" content=\"Steffen&#039;s Haushaltsblog\" \/>\n<meta property=\"article:publisher\" content=\"https:\/\/www.facebook.com\/steffen.thomas1\" \/>\n<meta property=\"article:modified_time\" content=\"2018-06-26T11:18:43+00:00\" \/>\n<meta name=\"twitter:label1\" content=\"Gesch\u00e4tzte Lesezeit\" \/>\n\t<meta name=\"twitter:data1\" content=\"1\u00a0Minute\" \/>\n<script type=\"application\/ld+json\" class=\"yoast-schema-graph\">{\"@context\":\"https:\\\/\\\/schema.org\",\"@graph\":[{\"@type\":\"WebPage\",\"@id\":\"https:\\\/\\\/wissen.science-and-fun.de\\\/kochen\\\/infoseiten\\\/joghurt\\\/\",\"url\":\"https:\\\/\\\/wissen.science-and-fun.de\\\/kochen\\\/infoseiten\\\/joghurt\\\/\",\"name\":\"Joghurt\",\"isPartOf\":{\"@id\":\"https:\\\/\\\/wissen.science-and-fun.de\\\/kochen\\\/#website\"},\"datePublished\":\"2018-06-26T07:05:10+00:00\",\"dateModified\":\"2018-06-26T11:18:43+00:00\",\"description\":\"- Joghurt\",\"breadcrumb\":{\"@id\":\"https:\\\/\\\/wissen.science-and-fun.de\\\/kochen\\\/infoseiten\\\/joghurt\\\/#breadcrumb\"},\"inLanguage\":\"de\",\"potentialAction\":[{\"@type\":\"ReadAction\",\"target\":[\"https:\\\/\\\/wissen.science-and-fun.de\\\/kochen\\\/infoseiten\\\/joghurt\\\/\"]}]},{\"@type\":\"BreadcrumbList\",\"@id\":\"https:\\\/\\\/wissen.science-and-fun.de\\\/kochen\\\/infoseiten\\\/joghurt\\\/#breadcrumb\",\"itemListElement\":[{\"@type\":\"ListItem\",\"position\":1,\"name\":\"Home\",\"item\":\"https:\\\/\\\/wissen.science-and-fun.de\\\/kochen\\\/\"},{\"@type\":\"ListItem\",\"position\":2,\"name\":\"Infoseiten\",\"item\":\"https:\\\/\\\/wissen.science-and-fun.de\\\/kochen\\\/infoseiten\\\/\"},{\"@type\":\"ListItem\",\"position\":3,\"name\":\"Joghurt\"}]},{\"@type\":\"WebSite\",\"@id\":\"https:\\\/\\\/wissen.science-and-fun.de\\\/kochen\\\/#website\",\"url\":\"https:\\\/\\\/wissen.science-and-fun.de\\\/kochen\\\/\",\"name\":\"Steffen&#039;s Haushaltsblog\",\"description\":\"Kunst trifft Essen - Viele Bilder sind KI Kreationen und keine realen Abbildungen. - t.me\\\/ki_kunst \",\"publisher\":{\"@id\":\"https:\\\/\\\/wissen.science-and-fun.de\\\/kochen\\\/#\\\/schema\\\/person\\\/910dc13be3cb31f39d8707d607e929e8\"},\"potentialAction\":[{\"@type\":\"SearchAction\",\"target\":{\"@type\":\"EntryPoint\",\"urlTemplate\":\"https:\\\/\\\/wissen.science-and-fun.de\\\/kochen\\\/?s={search_term_string}\"},\"query-input\":{\"@type\":\"PropertyValueSpecification\",\"valueRequired\":true,\"valueName\":\"search_term_string\"}}],\"inLanguage\":\"de\"},{\"@type\":[\"Person\",\"Organization\"],\"@id\":\"https:\\\/\\\/wissen.science-and-fun.de\\\/kochen\\\/#\\\/schema\\\/person\\\/910dc13be3cb31f39d8707d607e929e8\",\"name\":\"Steffen\",\"image\":{\"@type\":\"ImageObject\",\"inLanguage\":\"de\",\"@id\":\"https:\\\/\\\/secure.gravatar.com\\\/avatar\\\/6ff13dd29c0d1b8a17460ca74a1e0eee159c14d00728cf5e1a7ee30f8ffdf195?s=96&d=mm&r=g\",\"url\":\"https:\\\/\\\/secure.gravatar.com\\\/avatar\\\/6ff13dd29c0d1b8a17460ca74a1e0eee159c14d00728cf5e1a7ee30f8ffdf195?s=96&d=mm&r=g\",\"contentUrl\":\"https:\\\/\\\/secure.gravatar.com\\\/avatar\\\/6ff13dd29c0d1b8a17460ca74a1e0eee159c14d00728cf5e1a7ee30f8ffdf195?s=96&d=mm&r=g\",\"caption\":\"Steffen\"},\"logo\":{\"@id\":\"https:\\\/\\\/secure.gravatar.com\\\/avatar\\\/6ff13dd29c0d1b8a17460ca74a1e0eee159c14d00728cf5e1a7ee30f8ffdf195?s=96&d=mm&r=g\"},\"sameAs\":[\"https:\\\/\\\/sthomas.de\",\"https:\\\/\\\/www.facebook.com\\\/steffen.thomas1\",\"https:\\\/\\\/x.com\\\/steto123\"]}]}<\/script>\n<!-- \/ Yoast SEO plugin. -->","yoast_head_json":{"title":"Joghurt","description":"- Joghurt","robots":{"index":"index","follow":"follow","max-snippet":"max-snippet:-1","max-image-preview":"max-image-preview:large","max-video-preview":"max-video-preview:-1"},"canonical":"https:\/\/wissen.science-and-fun.de\/kochen\/infoseiten\/joghurt\/","og_locale":"de_DE","og_type":"article","og_title":"Joghurt","og_description":"- Joghurt","og_url":"https:\/\/wissen.science-and-fun.de\/kochen\/infoseiten\/joghurt\/","og_site_name":"Steffen&#039;s Haushaltsblog","article_publisher":"https:\/\/www.facebook.com\/steffen.thomas1","article_modified_time":"2018-06-26T11:18:43+00:00","twitter_misc":{"Gesch\u00e4tzte Lesezeit":"1\u00a0Minute"},"schema":{"@context":"https:\/\/schema.org","@graph":[{"@type":"WebPage","@id":"https:\/\/wissen.science-and-fun.de\/kochen\/infoseiten\/joghurt\/","url":"https:\/\/wissen.science-and-fun.de\/kochen\/infoseiten\/joghurt\/","name":"Joghurt","isPartOf":{"@id":"https:\/\/wissen.science-and-fun.de\/kochen\/#website"},"datePublished":"2018-06-26T07:05:10+00:00","dateModified":"2018-06-26T11:18:43+00:00","description":"- Joghurt","breadcrumb":{"@id":"https:\/\/wissen.science-and-fun.de\/kochen\/infoseiten\/joghurt\/#breadcrumb"},"inLanguage":"de","potentialAction":[{"@type":"ReadAction","target":["https:\/\/wissen.science-and-fun.de\/kochen\/infoseiten\/joghurt\/"]}]},{"@type":"BreadcrumbList","@id":"https:\/\/wissen.science-and-fun.de\/kochen\/infoseiten\/joghurt\/#breadcrumb","itemListElement":[{"@type":"ListItem","position":1,"name":"Home","item":"https:\/\/wissen.science-and-fun.de\/kochen\/"},{"@type":"ListItem","position":2,"name":"Infoseiten","item":"https:\/\/wissen.science-and-fun.de\/kochen\/infoseiten\/"},{"@type":"ListItem","position":3,"name":"Joghurt"}]},{"@type":"WebSite","@id":"https:\/\/wissen.science-and-fun.de\/kochen\/#website","url":"https:\/\/wissen.science-and-fun.de\/kochen\/","name":"Steffen&#039;s Haushaltsblog","description":"Kunst trifft Essen - Viele Bilder sind KI Kreationen und keine realen Abbildungen. - t.me\/ki_kunst ","publisher":{"@id":"https:\/\/wissen.science-and-fun.de\/kochen\/#\/schema\/person\/910dc13be3cb31f39d8707d607e929e8"},"potentialAction":[{"@type":"SearchAction","target":{"@type":"EntryPoint","urlTemplate":"https:\/\/wissen.science-and-fun.de\/kochen\/?s={search_term_string}"},"query-input":{"@type":"PropertyValueSpecification","valueRequired":true,"valueName":"search_term_string"}}],"inLanguage":"de"},{"@type":["Person","Organization"],"@id":"https:\/\/wissen.science-and-fun.de\/kochen\/#\/schema\/person\/910dc13be3cb31f39d8707d607e929e8","name":"Steffen","image":{"@type":"ImageObject","inLanguage":"de","@id":"https:\/\/secure.gravatar.com\/avatar\/6ff13dd29c0d1b8a17460ca74a1e0eee159c14d00728cf5e1a7ee30f8ffdf195?s=96&d=mm&r=g","url":"https:\/\/secure.gravatar.com\/avatar\/6ff13dd29c0d1b8a17460ca74a1e0eee159c14d00728cf5e1a7ee30f8ffdf195?s=96&d=mm&r=g","contentUrl":"https:\/\/secure.gravatar.com\/avatar\/6ff13dd29c0d1b8a17460ca74a1e0eee159c14d00728cf5e1a7ee30f8ffdf195?s=96&d=mm&r=g","caption":"Steffen"},"logo":{"@id":"https:\/\/secure.gravatar.com\/avatar\/6ff13dd29c0d1b8a17460ca74a1e0eee159c14d00728cf5e1a7ee30f8ffdf195?s=96&d=mm&r=g"},"sameAs":["https:\/\/sthomas.de","https:\/\/www.facebook.com\/steffen.thomas1","https:\/\/x.com\/steto123"]}]}},"jetpack_shortlink":"https:\/\/wp.me\/P1tRoY-1D6","jetpack-related-posts":[{"id":6634,"url":"https:\/\/wissen.science-and-fun.de\/kochen\/infoseiten\/steaks-und-co\/","url_meta":{"origin":6268,"position":0},"title":"Steaks und Co.","author":"Steffen","date":"30. April 2019","format":false,"excerpt":"Kollagen Fleisch besteht aus Muskeln, Bindegewebe, Fett und Knochen. Der Muskel enth\u00e4lt Proteine und Glykogen. Mit zunehmender Temperatur des Fleisches wird Glykogen, ein langkettiger Zucker, zu Einfachzucker reduziert. Diese karamellisiert und ist f\u00fcr eine der Geschmackskomponenten verantwortlich. Proteine (geschmacklos) werden zu Aminos\u00e4uren denaturiert, die nicht nur selbst Aromen haben, sondern\u2026","rel":"","context":"\u00c4hnlicher Beitrag","block_context":{"text":"\u00c4hnlicher Beitrag","link":""},"img":{"alt_text":"","src":"","width":0,"height":0},"classes":[]},{"id":6931,"url":"https:\/\/wissen.science-and-fun.de\/kochen\/infoseiten\/amaranth\/","url_meta":{"origin":6268,"position":1},"title":"Amaranth","author":"Steffen","date":"10. Juni 2019","format":false,"excerpt":"\u00c4hnlich wie das Quinoa eines der Hauptnahrungsmittel der Inkas war, bildete das Amaranth in alter Zeit die Ern\u00e4hrungsgrundlage der mexikanischen Azteken. Auch Amaranth geriet \u00fcber 500 Jahre lang in Vergessenheit, und zwar ebenfalls wegen der spanischen Eroberer, die das Aztekenreich im 16. Jahrhundert zerst\u00f6rten. Einer der Gr\u00fcnde f\u00fcr die \u00e4chtung\u2026","rel":"","context":"\u00c4hnlicher Beitrag","block_context":{"text":"\u00c4hnlicher Beitrag","link":""},"img":{"alt_text":"","src":"","width":0,"height":0},"classes":[]},{"id":8043,"url":"https:\/\/wissen.science-and-fun.de\/kochen\/haushaltstipps\/fit-und-schlank-mit-fruchtexoten\/","url_meta":{"origin":6268,"position":2},"title":"Fit und schlank mit Fruchtexoten","author":"Steffen","date":"21. November 2021","format":false,"excerpt":"Fit und schlank mit Fruchtexoten Drei wichtige Essregeln sollten beachtet werden: 1. Statt drei gro\u00dfer Mahlzeiten lieber f\u00fcnf Kleine. Das sorgt f\u00fcr einen gleichm\u00e4\u00dfigen Blutzuckerspiegel, wodurch Hei\u00dfhungeranf\u00e4lle ausbleiben. 2. Alle Speisen lang und gut durchkauen, um die Nahrung gut aufzuspalten, und dem Magen Arbeit abzunehmen. Au\u00dferdem tritt das S\u00e4ttigungsgef\u00fchl eher\u2026","rel":"","context":"\u00c4hnlicher Beitrag","block_context":{"text":"\u00c4hnlicher Beitrag","link":""},"img":{"alt_text":"","src":"","width":0,"height":0},"classes":[]},{"id":2222,"url":"https:\/\/wissen.science-and-fun.de\/kochen\/infoseiten\/sauerteig\/","url_meta":{"origin":6268,"position":3},"title":"Sauerteig","author":"Steffen","date":"24. Juli 2011","format":false,"excerpt":"Auf dieser Seite versuche ich mal Informationen rund um den Sauerteig zusammenzustellen. Was ist Sauerteig? Brockhaus Kleines Konversationslexikon von 1911 schreibt dazu kurz und knapp: Sauerteig, der Teil des in G\u00e4rung befindlichen Brotteigs, der bis zum n\u00e4chsten Backen aufgehoben wird, um in dem frischen Teig sogleich die G\u00e4rung einzuleiten. Kommen\u2026","rel":"","context":"\u00c4hnlicher Beitrag","block_context":{"text":"\u00c4hnlicher Beitrag","link":""},"img":{"alt_text":"","src":"","width":0,"height":0},"classes":[]},{"id":2,"url":"https:\/\/wissen.science-and-fun.de\/kochen\/impressum\/beispiel-seite\/","url_meta":{"origin":6268,"position":4},"title":"Steffen&#8217;s Kochblog","author":"Steffen","date":"6. April 2011","format":false,"excerpt":"Hurra Mittleweile sind auf dieser Seite 1000 Rezepte ver\u00f6ffentlicht! Willkommen auf meiner Kochseite! Ich fr\u00f6ne auf dieser Seite meiner Leidenschaft f\u00fcr das Kochen. Und da ich eine gewisse Sammelleidenschaft besitze, haben sich im Lauf der Jahre viele Rezepte bei mir angesammelt. Zum Beispiel von alten Kalenderbl\u00e4ttern oder aus der News-Gruppe\u2026","rel":"","context":"\u00c4hnlicher Beitrag","block_context":{"text":"\u00c4hnlicher Beitrag","link":""},"img":{"alt_text":"","src":"https:\/\/i0.wp.com\/wissen.science-and-fun.de\/kochen\/files\/2011\/04\/schnitzel.jpg?resize=350%2C200&ssl=1","width":350,"height":200},"classes":[]},{"id":1547,"url":"https:\/\/wissen.science-and-fun.de\/kochen\/impressum\/","url_meta":{"origin":6268,"position":5},"title":"Impressum","author":"Steffen","date":"10. Mai 2011","format":false,"excerpt":"Angaben gem\u00e4\u00df \u00a7 5 TMG: Dr. Steffen Thomas Fuchsbau 18 14797 Kloster-Lehnin OT Lehnin Kontakt: Telefon: 01721595374 E-Mail: steffen@sthomas.de Verantwortlich f\u00fcr den Inhalt nach \u00a7 55 Abs. 2 RStV: Dr. Steffen Thomas Fuchsbau 18 14797 Kloster-Lehnin OT Lehnin Quelle: Impressum erzeugt mit dem Impressum Generator von eRecht24. Haftungsausschluss: Haftung f\u00fcr\u2026","rel":"","context":"\u00c4hnlicher Beitrag","block_context":{"text":"\u00c4hnlicher Beitrag","link":""},"img":{"alt_text":"","src":"","width":0,"height":0},"classes":[]}],"jetpack_sharing_enabled":true,"_links":{"self":[{"href":"https:\/\/wissen.science-and-fun.de\/kochen\/wp-json\/wp\/v2\/pages\/6268","targetHints":{"allow":["GET"]}}],"collection":[{"href":"https:\/\/wissen.science-and-fun.de\/kochen\/wp-json\/wp\/v2\/pages"}],"about":[{"href":"https:\/\/wissen.science-and-fun.de\/kochen\/wp-json\/wp\/v2\/types\/page"}],"author":[{"embeddable":true,"href":"https:\/\/wissen.science-and-fun.de\/kochen\/wp-json\/wp\/v2\/users\/1"}],"replies":[{"embeddable":true,"href":"https:\/\/wissen.science-and-fun.de\/kochen\/wp-json\/wp\/v2\/comments?post=6268"}],"version-history":[{"count":3,"href":"https:\/\/wissen.science-and-fun.de\/kochen\/wp-json\/wp\/v2\/pages\/6268\/revisions"}],"predecessor-version":[{"id":6272,"href":"https:\/\/wissen.science-and-fun.de\/kochen\/wp-json\/wp\/v2\/pages\/6268\/revisions\/6272"}],"up":[{"embeddable":true,"href":"https:\/\/wissen.science-and-fun.de\/kochen\/wp-json\/wp\/v2\/pages\/1929"}],"wp:attachment":[{"href":"https:\/\/wissen.science-and-fun.de\/kochen\/wp-json\/wp\/v2\/media?parent=6268"}],"curies":[{"name":"wp","href":"https:\/\/api.w.org\/{rel}","templated":true}]}}