{"id":3272,"date":"2011-12-26T07:37:25","date_gmt":"2011-12-26T07:37:25","guid":{"rendered":"https:\/\/wissen.science-and-fun.de\/kochen\/?page_id=3272"},"modified":"2012-04-12T19:49:56","modified_gmt":"2012-04-12T19:49:56","slug":"ente","status":"publish","type":"page","link":"https:\/\/wissen.science-and-fun.de\/kochen\/infoseiten\/ente\/","title":{"rendered":"Ente"},"content":{"rendered":"<p>Enten sind eine Unterfamilie der Zahnschn\u00e4bler aus der Ordnung der Schwimmv\u00f6gel. Enten sind auf der ganzen Welt verbreitet und dementsprechend in den regionalen K\u00fcchen auch vorkommend.<br \/>\nKauft man Enten lebend ein, sollte man darauf achten junge Tiere zu kaufen. Diese erkennt man an gelben, gl\u00e4nzenden, weichen F\u00fc\u00dfen und geschmeidigen Schwimmh\u00e4uten. In den Augenpupillen erkennt man einen wei\u00dfen Kreis (kein gelber oder blauer Kreis!). Beim Schlachten sollte man darauf achten, das es schnell geschieht, damit das Tier gut ausbluten kann. Das Fleisch von schlecht ausgebluteten Gefl\u00fcgel ist dunkel. Enten kann man gleich nach dem Schlachten trocken rupfen.<br \/>\nJunge Enten sind schmackhafter, wenn sie nicht zu kr\u00e4ftig gebraten werden. Man sollte darauf achten, das die Haut knusprig, das Fleisch aber nicht austrocknet sondern saftig bleibt.<br \/>\nOft sind Ente und Gans alternativ in den Rezepten verwendbar.<br \/>\n<img loading=\"lazy\" decoding=\"async\" alt=\"\" src=\"http:\/\/ws.personalspace.sony.net\/wapi\/thumb\/6c7047546d4764725a3239726c673d3d\/1024\/undefined\" title=\"Enten\" class=\"aligncenter\" width=\"640\" height=\"480\" \/><\/p>\n<h2 id=\"tablepress-5-name\" class=\"tablepress-table-name tablepress-table-name-id-5\">Entenrezepte<\/h2>\n\n<table id=\"tablepress-5\" class=\"tablepress tablepress-id-5\" aria-labelledby=\"tablepress-5-name\">\n<thead>\n<tr class=\"row-1\">\n\t<th class=\"column-1\">Rezeptname<\/th><th class=\"column-2\">Details<\/th>\n<\/tr>\n<\/thead>\n<tbody class=\"row-striping row-hover\">\n<tr class=\"row-2\">\n\t<td class=\"column-1\">Els\u00e4sser Gew\u00fcrztraminer-Ente<\/td><td class=\"column-2\"><a href=\"http:\/\/wissen.science-and-fun.de\/kochen\/2011\/12\/26\/elsasser-gewurztraminer-ente\/\">klick hier<\/a><\/td>\n<\/tr>\n<tr class=\"row-3\">\n\t<td class=\"column-1\">Ente (einfach)<\/td><td class=\"column-2\"><a href=\"http:\/\/wissen.science-and-fun.de\/kochen\/2011\/12\/27\/ente-einfach\/\">klick hier<\/a><\/td>\n<\/tr>\n<tr class=\"row-4\">\n\t<td class=\"column-1\">Ente Catalanisch<\/td><td class=\"column-2\"><a href=\"http:\/\/wissen.science-and-fun.de\/kochen\/2011\/04\/21\/ente-catalanisch\/\">klick hier<\/a><\/td>\n<\/tr>\n<tr class=\"row-5\">\n\t<td class=\"column-1\">Ente klassisch<\/td><td class=\"column-2\"><a href=\"http:\/\/wissen.science-and-fun.de\/kochen\/2011\/04\/15\/ente-klassisch\/\">klick hier<\/a><\/td>\n<\/tr>\n<tr class=\"row-6\">\n\t<td class=\"column-1\">Ente mit Gr\u00fcner Pfeffersauce<\/td><td class=\"column-2\"><a href=\"http:\/\/wissen.science-and-fun.de\/kochen\/2011\/12\/27\/ente-mit-gruner-pfeffersauce\/\">klick hier<\/a><\/td>\n<\/tr>\n<tr class=\"row-7\">\n\t<td class=\"column-1\">Ente mit Gr\u00fcner Pfeffersauce<\/td><td class=\"column-2\"><a href=\"http:\/\/wissen.science-and-fun.de\/kochen\/2011\/12\/27\/ente-mit-gruner-pfeffersauce\/\">klick hier<\/a><\/td>\n<\/tr>\n<tr class=\"row-8\">\n\t<td class=\"column-1\">Ente mit Mandarinenpfannkuchen<\/td><td class=\"column-2\"><a href=\"http:\/\/wissen.science-and-fun.de\/kochen\/2011\/12\/27\/ente-mit-mandarinenpfannkuchen\/\">klick hier<\/a><\/td>\n<\/tr>\n<tr class=\"row-9\">\n\t<td class=\"column-1\">Ente mit Rotkohl, P\u00fcree und Kastanien<\/td><td class=\"column-2\"><a href=\"http:\/\/wissen.science-and-fun.de\/kochen\/2011\/04\/08\/ente-mit-rotkohl-puree-und-kastanien\/\">klick hier<\/a><\/td>\n<\/tr>\n<tr class=\"row-10\">\n\t<td class=\"column-1\">Ente mit Sojasauce und Anis \u2013 Pet Pad Siju<\/td><td class=\"column-2\"><a href=\"http:\/\/wissen.science-and-fun.de\/kochen\/2011\/12\/27\/ente-mit-sojasauce-und-anis-pet-pad-siju\/\">klick hier<\/a><\/td>\n<\/tr>\n<tr class=\"row-11\">\n\t<td class=\"column-1\">Ente Mit Tausend-Gew\u00fcrzen<\/td><td class=\"column-2\"><a href=\"http:\/\/wissen.science-and-fun.de\/kochen\/2011\/12\/27\/ente-mit-tausend-gewurzen\/\">klick hier<\/a><\/td>\n<\/tr>\n<tr class=\"row-12\">\n\t<td class=\"column-1\">Ente mit Trauben<\/td><td class=\"column-2\"><a href=\"http:\/\/wissen.science-and-fun.de\/kochen\/2011\/12\/27\/ente-mit-trauben\/\">klick hier<\/a><\/td>\n<\/tr>\n<tr class=\"row-13\">\n\t<td class=\"column-1\">Ente nach Anita Wong<\/td><td class=\"column-2\"><a href=\"http:\/\/wissen.science-and-fun.de\/kochen\/2011\/04\/15\/ente-nach-anita-wong\/\">klick hier<\/a><\/td>\n<\/tr>\n<tr class=\"row-14\">\n\t<td class=\"column-1\">Ente nach Peking-Art<\/td><td class=\"column-2\"><a href=\"http:\/\/wissen.science-and-fun.de\/kochen\/2011\/04\/16\/ente-nach-peking-art\/\">klick hier<\/a><\/td>\n<\/tr>\n<tr class=\"row-15\">\n\t<td class=\"column-1\">Entenbrust mit Gem\u00fcsekruste, Sommersalat und Tomatenvinaigrette<\/td><td class=\"column-2\"><a href=\"http:\/\/wissen.science-and-fun.de\/kochen\/2011\/04\/06\/entenbrust-mit-gemusekruste-sommersalat-und-tomatenvinaigrette\/\">klick hier<\/a><\/td>\n<\/tr>\n<tr class=\"row-16\">\n\t<td class=\"column-1\">Entenbrust mit glaciertem K\u00fcrbis<\/td><td class=\"column-2\"><a href=\"http:\/\/wissen.science-and-fun.de\/kochen\/2011\/04\/22\/entenbrust-mit-glaciertem-kurbis\/\">klick hier<\/a><\/td>\n<\/tr>\n<tr class=\"row-17\">\n\t<td class=\"column-1\">Entenbrust mit Sprossen<\/td><td class=\"column-2\"><a href=\"http:\/\/wissen.science-and-fun.de\/kochen\/2011\/12\/27\/entenbrust-mit-sprossen\/\">klick hier<\/a><\/td>\n<\/tr>\n<tr class=\"row-18\">\n\t<td class=\"column-1\">Entenbrust mit s\u00fc\u00df-saurer Kruste an Portweinsauce<\/td><td class=\"column-2\"><a href=\"http:\/\/wissen.science-and-fun.de\/kochen\/2011\/04\/19\/entenbrust-mit-sus-saurer-kruste-an-portweinsauce\/\">klick hier<\/a><\/td>\n<\/tr>\n<tr class=\"row-19\">\n\t<td class=\"column-1\">Entenbrust Mit Thai-Spargel<\/td><td class=\"column-2\"><a href=\"http:\/\/wissen.science-and-fun.de\/kochen\/2011\/12\/27\/entenbrust-mit-thai-spargel\/\">klick hier<\/a><\/td>\n<\/tr>\n<tr class=\"row-20\">\n\t<td class=\"column-1\">Entenbrust mit Thymian-Sabayon<\/td><td class=\"column-2\"><a href=\"http:\/\/wissen.science-and-fun.de\/kochen\/2011\/12\/27\/entenbrust-mit-thymian-sabayon\/\">klick hier<\/a><\/td>\n<\/tr>\n<tr class=\"row-21\">\n\t<td class=\"column-1\">Gebratene junge Ente an R\u00fcbchen<\/td><td class=\"column-2\"><a href=\"http:\/\/wissen.science-and-fun.de\/kochen\/2011\/12\/27\/gebratene-junge-ente-an-rubchen\/\">klick hier<\/a><\/td>\n<\/tr>\n<tr class=\"row-22\">\n\t<td class=\"column-1\">Gef\u00fcllte Ente mit Rosmarin-Kartoffeln<\/td><td class=\"column-2\"><a href=\"http:\/\/wissen.science-and-fun.de\/kochen\/2011\/12\/27\/gefullte-ente-mit-rosmarin-kartoffeln\/\">klick hier<\/a><\/td>\n<\/tr>\n<tr class=\"row-23\">\n\t<td class=\"column-1\">Gegrillte Ente nach Kanton-Art<\/td><td class=\"column-2\"><a href=\"http:\/\/wissen.science-and-fun.de\/kochen\/2011\/12\/27\/gegrillte-ente-nach-kanton-art\/\">klick hier<\/a><\/td>\n<\/tr>\n<tr class=\"row-24\">\n\t<td class=\"column-1\">Gekr\u00e4uterte Ente mit Sauerkirsch-Salbei-Sauce<\/td><td class=\"column-2\"><a href=\"http:\/\/wissen.science-and-fun.de\/kochen\/2011\/04\/15\/gekrauterte-ente-mit-sauerkirsch-salbei-sauce\/\">klick hier<\/a><\/td>\n<\/tr>\n<tr class=\"row-25\">\n\t<td class=\"column-1\">Hoisin-Ente mit Porree und Kohl<\/td><td class=\"column-2\"><a href=\"http:\/\/wissen.science-and-fun.de\/kochen\/2011\/04\/15\/hoisin-ente-mit-porree-und-kohl\/\">klick hier<\/a><\/td>\n<\/tr>\n<tr class=\"row-26\">\n\t<td class=\"column-1\">Hsiang-Su-Ya (Szechuan-Ente)<\/td><td class=\"column-2\"><a href=\"http:\/\/wissen.science-and-fun.de\/kochen\/2011\/12\/27\/hsiang-su-ya-szechuan-ente\/\">klick hier<\/a><\/td>\n<\/tr>\n<tr class=\"row-27\">\n\t<td class=\"column-1\">Ingwerreis mit Ente<\/td><td class=\"column-2\"><a href=\"http:\/\/wissen.science-and-fun.de\/kochen\/2011\/04\/15\/ingwerreis-mit-ente\/\">klick hier<\/a><\/td>\n<\/tr>\n<tr class=\"row-28\">\n\t<td class=\"column-1\">Knusperente<\/td><td class=\"column-2\"><a href=\"http:\/\/wissen.science-and-fun.de\/kochen\/2011\/04\/16\/knusperente\/\">klick hier<\/a><\/td>\n<\/tr>\n<tr class=\"row-29\">\n\t<td class=\"column-1\">Krosse Ente mit Rotweinsauce, Serviettenkn\u00f6deln und Spitzkohl<\/td><td class=\"column-2\"><a href=\"http:\/\/wissen.science-and-fun.de\/kochen\/2011\/12\/27\/krosse-ente-mit-rotweinsauce-serviettenknodeln-und-spitzkohl\/\">klick hier<\/a><\/td>\n<\/tr>\n<tr class=\"row-30\">\n\t<td class=\"column-1\">Langsam ger\u00f6stete Ente mit Orangen-Sherry Sauce<\/td><td class=\"column-2\"><a href=\"http:\/\/wissen.science-and-fun.de\/kochen\/2011\/04\/16\/langsam-gerostete-ente-mit-orangen-sherry-sauce\/\">klick hier<\/a><\/td>\n<\/tr>\n<tr class=\"row-31\">\n\t<td class=\"column-1\">Lauwarmer Linsensalat mit Entenbrust<\/td><td class=\"column-2\"><a href=\"http:\/\/wissen.science-and-fun.de\/kochen\/2012\/01\/08\/lauwarmer-linsensalat-mit-entenbrust\/\">klick hier<\/a><\/td>\n<\/tr>\n<tr class=\"row-32\">\n\t<td class=\"column-1\">Scharfe glasierte Entenfilets<\/td><td class=\"column-2\"><a href=\"http:\/\/wissen.science-and-fun.de\/kochen\/2011\/04\/16\/scharfe-glasierte-entenfilets\/\">klick hier<\/a><\/td>\n<\/tr>\n<tr class=\"row-33\">\n\t<td class=\"column-1\">Vierl\u00e4nder Ente mit Pfeffersauce und Mirabellenkn\u00f6deln<\/td><td class=\"column-2\"><a href=\"http:\/\/wissen.science-and-fun.de\/kochen\/2011\/12\/27\/vierlander-ente-mit-pfeffersauce-und-mirabellenknodeln\/\">klick hier<\/a><\/td>\n<\/tr>\n<\/tbody>\n<\/table>\n<!-- #tablepress-5 from cache -->\n","protected":false},"excerpt":{"rendered":"<p>Enten sind eine Unterfamilie der Zahnschn\u00e4bler aus der Ordnung der Schwimmv\u00f6gel. Enten sind auf der ganzen Welt verbreitet und dementsprechend in den regionalen K\u00fcchen auch vorkommend. Kauft man Enten lebend ein, sollte man darauf achten junge Tiere zu kaufen. Diese erkennt man an gelben, gl\u00e4nzenden, weichen F\u00fc\u00dfen und geschmeidigen Schwimmh\u00e4uten. In den Augenpupillen erkennt man &hellip; <\/p>\n<p><a class=\"more-link btn\" href=\"https:\/\/wissen.science-and-fun.de\/kochen\/infoseiten\/ente\/\">Weiterlesen<\/a><\/p>\n","protected":false},"author":1,"featured_media":0,"parent":1929,"menu_order":0,"comment_status":"open","ping_status":"open","template":"","meta":{"wprm-recipe-roundup-name":"","wprm-recipe-roundup-description":"","_crdt_document":"","jetpack_post_was_ever_published":false,"footnotes":""},"class_list":["post-3272","page","type-page","status-publish","hentry","nodate","item-wrap"],"yoast_head":"<!-- This site is optimized with the Yoast SEO plugin v27.4 - https:\/\/yoast.com\/product\/yoast-seo-wordpress\/ -->\n<title>Ente<\/title>\n<meta name=\"description\" content=\"- Ente\" \/>\n<meta name=\"robots\" content=\"index, follow, max-snippet:-1, max-image-preview:large, max-video-preview:-1\" \/>\n<link rel=\"canonical\" href=\"https:\/\/wissen.science-and-fun.de\/kochen\/infoseiten\/ente\/\" \/>\n<meta property=\"og:locale\" content=\"de_DE\" \/>\n<meta property=\"og:type\" content=\"article\" \/>\n<meta property=\"og:title\" content=\"Ente\" \/>\n<meta property=\"og:description\" content=\"- Ente\" \/>\n<meta property=\"og:url\" content=\"https:\/\/wissen.science-and-fun.de\/kochen\/infoseiten\/ente\/\" \/>\n<meta property=\"og:site_name\" content=\"Steffen&#039;s Haushaltsblog\" \/>\n<meta property=\"article:publisher\" content=\"https:\/\/www.facebook.com\/steffen.thomas1\" \/>\n<meta property=\"article:modified_time\" content=\"2012-04-12T19:49:56+00:00\" \/>\n<meta property=\"og:image\" content=\"http:\/\/ws.personalspace.sony.net\/wapi\/thumb\/6c7047546d4764725a3239726c673d3d\/1024\/undefined\" \/>\n<meta name=\"twitter:label1\" content=\"Gesch\u00e4tzte Lesezeit\" \/>\n\t<meta name=\"twitter:data1\" content=\"1\u00a0Minute\" \/>\n<script type=\"application\/ld+json\" class=\"yoast-schema-graph\">{\"@context\":\"https:\\\/\\\/schema.org\",\"@graph\":[{\"@type\":\"WebPage\",\"@id\":\"https:\\\/\\\/wissen.science-and-fun.de\\\/kochen\\\/infoseiten\\\/ente\\\/\",\"url\":\"https:\\\/\\\/wissen.science-and-fun.de\\\/kochen\\\/infoseiten\\\/ente\\\/\",\"name\":\"Ente\",\"isPartOf\":{\"@id\":\"https:\\\/\\\/wissen.science-and-fun.de\\\/kochen\\\/#website\"},\"primaryImageOfPage\":{\"@id\":\"https:\\\/\\\/wissen.science-and-fun.de\\\/kochen\\\/infoseiten\\\/ente\\\/#primaryimage\"},\"image\":{\"@id\":\"https:\\\/\\\/wissen.science-and-fun.de\\\/kochen\\\/infoseiten\\\/ente\\\/#primaryimage\"},\"thumbnailUrl\":\"http:\\\/\\\/ws.personalspace.sony.net\\\/wapi\\\/thumb\\\/6c7047546d4764725a3239726c673d3d\\\/1024\\\/undefined\",\"datePublished\":\"2011-12-26T07:37:25+00:00\",\"dateModified\":\"2012-04-12T19:49:56+00:00\",\"description\":\"- Ente\",\"breadcrumb\":{\"@id\":\"https:\\\/\\\/wissen.science-and-fun.de\\\/kochen\\\/infoseiten\\\/ente\\\/#breadcrumb\"},\"inLanguage\":\"de\",\"potentialAction\":[{\"@type\":\"ReadAction\",\"target\":[\"https:\\\/\\\/wissen.science-and-fun.de\\\/kochen\\\/infoseiten\\\/ente\\\/\"]}]},{\"@type\":\"ImageObject\",\"inLanguage\":\"de\",\"@id\":\"https:\\\/\\\/wissen.science-and-fun.de\\\/kochen\\\/infoseiten\\\/ente\\\/#primaryimage\",\"url\":\"http:\\\/\\\/ws.personalspace.sony.net\\\/wapi\\\/thumb\\\/6c7047546d4764725a3239726c673d3d\\\/1024\\\/undefined\",\"contentUrl\":\"http:\\\/\\\/ws.personalspace.sony.net\\\/wapi\\\/thumb\\\/6c7047546d4764725a3239726c673d3d\\\/1024\\\/undefined\"},{\"@type\":\"BreadcrumbList\",\"@id\":\"https:\\\/\\\/wissen.science-and-fun.de\\\/kochen\\\/infoseiten\\\/ente\\\/#breadcrumb\",\"itemListElement\":[{\"@type\":\"ListItem\",\"position\":1,\"name\":\"Home\",\"item\":\"https:\\\/\\\/wissen.science-and-fun.de\\\/kochen\\\/\"},{\"@type\":\"ListItem\",\"position\":2,\"name\":\"Infoseiten\",\"item\":\"https:\\\/\\\/wissen.science-and-fun.de\\\/kochen\\\/infoseiten\\\/\"},{\"@type\":\"ListItem\",\"position\":3,\"name\":\"Ente\"}]},{\"@type\":\"WebSite\",\"@id\":\"https:\\\/\\\/wissen.science-and-fun.de\\\/kochen\\\/#website\",\"url\":\"https:\\\/\\\/wissen.science-and-fun.de\\\/kochen\\\/\",\"name\":\"Steffen&#039;s Haushaltsblog\",\"description\":\"Kunst trifft Essen - Viele Bilder sind KI Kreationen und keine realen Abbildungen. - t.me\\\/ki_kunst \",\"publisher\":{\"@id\":\"https:\\\/\\\/wissen.science-and-fun.de\\\/kochen\\\/#\\\/schema\\\/person\\\/910dc13be3cb31f39d8707d607e929e8\"},\"potentialAction\":[{\"@type\":\"SearchAction\",\"target\":{\"@type\":\"EntryPoint\",\"urlTemplate\":\"https:\\\/\\\/wissen.science-and-fun.de\\\/kochen\\\/?s={search_term_string}\"},\"query-input\":{\"@type\":\"PropertyValueSpecification\",\"valueRequired\":true,\"valueName\":\"search_term_string\"}}],\"inLanguage\":\"de\"},{\"@type\":[\"Person\",\"Organization\"],\"@id\":\"https:\\\/\\\/wissen.science-and-fun.de\\\/kochen\\\/#\\\/schema\\\/person\\\/910dc13be3cb31f39d8707d607e929e8\",\"name\":\"Steffen\",\"image\":{\"@type\":\"ImageObject\",\"inLanguage\":\"de\",\"@id\":\"https:\\\/\\\/secure.gravatar.com\\\/avatar\\\/6ff13dd29c0d1b8a17460ca74a1e0eee159c14d00728cf5e1a7ee30f8ffdf195?s=96&d=mm&r=g\",\"url\":\"https:\\\/\\\/secure.gravatar.com\\\/avatar\\\/6ff13dd29c0d1b8a17460ca74a1e0eee159c14d00728cf5e1a7ee30f8ffdf195?s=96&d=mm&r=g\",\"contentUrl\":\"https:\\\/\\\/secure.gravatar.com\\\/avatar\\\/6ff13dd29c0d1b8a17460ca74a1e0eee159c14d00728cf5e1a7ee30f8ffdf195?s=96&d=mm&r=g\",\"caption\":\"Steffen\"},\"logo\":{\"@id\":\"https:\\\/\\\/secure.gravatar.com\\\/avatar\\\/6ff13dd29c0d1b8a17460ca74a1e0eee159c14d00728cf5e1a7ee30f8ffdf195?s=96&d=mm&r=g\"},\"sameAs\":[\"https:\\\/\\\/sthomas.de\",\"https:\\\/\\\/www.facebook.com\\\/steffen.thomas1\",\"https:\\\/\\\/x.com\\\/steto123\"]}]}<\/script>\n<!-- \/ Yoast SEO plugin. -->","yoast_head_json":{"title":"Ente","description":"- Ente","robots":{"index":"index","follow":"follow","max-snippet":"max-snippet:-1","max-image-preview":"max-image-preview:large","max-video-preview":"max-video-preview:-1"},"canonical":"https:\/\/wissen.science-and-fun.de\/kochen\/infoseiten\/ente\/","og_locale":"de_DE","og_type":"article","og_title":"Ente","og_description":"- Ente","og_url":"https:\/\/wissen.science-and-fun.de\/kochen\/infoseiten\/ente\/","og_site_name":"Steffen&#039;s Haushaltsblog","article_publisher":"https:\/\/www.facebook.com\/steffen.thomas1","article_modified_time":"2012-04-12T19:49:56+00:00","og_image":[{"url":"http:\/\/ws.personalspace.sony.net\/wapi\/thumb\/6c7047546d4764725a3239726c673d3d\/1024\/undefined","type":"","width":"","height":""}],"twitter_misc":{"Gesch\u00e4tzte Lesezeit":"1\u00a0Minute"},"schema":{"@context":"https:\/\/schema.org","@graph":[{"@type":"WebPage","@id":"https:\/\/wissen.science-and-fun.de\/kochen\/infoseiten\/ente\/","url":"https:\/\/wissen.science-and-fun.de\/kochen\/infoseiten\/ente\/","name":"Ente","isPartOf":{"@id":"https:\/\/wissen.science-and-fun.de\/kochen\/#website"},"primaryImageOfPage":{"@id":"https:\/\/wissen.science-and-fun.de\/kochen\/infoseiten\/ente\/#primaryimage"},"image":{"@id":"https:\/\/wissen.science-and-fun.de\/kochen\/infoseiten\/ente\/#primaryimage"},"thumbnailUrl":"http:\/\/ws.personalspace.sony.net\/wapi\/thumb\/6c7047546d4764725a3239726c673d3d\/1024\/undefined","datePublished":"2011-12-26T07:37:25+00:00","dateModified":"2012-04-12T19:49:56+00:00","description":"- Ente","breadcrumb":{"@id":"https:\/\/wissen.science-and-fun.de\/kochen\/infoseiten\/ente\/#breadcrumb"},"inLanguage":"de","potentialAction":[{"@type":"ReadAction","target":["https:\/\/wissen.science-and-fun.de\/kochen\/infoseiten\/ente\/"]}]},{"@type":"ImageObject","inLanguage":"de","@id":"https:\/\/wissen.science-and-fun.de\/kochen\/infoseiten\/ente\/#primaryimage","url":"http:\/\/ws.personalspace.sony.net\/wapi\/thumb\/6c7047546d4764725a3239726c673d3d\/1024\/undefined","contentUrl":"http:\/\/ws.personalspace.sony.net\/wapi\/thumb\/6c7047546d4764725a3239726c673d3d\/1024\/undefined"},{"@type":"BreadcrumbList","@id":"https:\/\/wissen.science-and-fun.de\/kochen\/infoseiten\/ente\/#breadcrumb","itemListElement":[{"@type":"ListItem","position":1,"name":"Home","item":"https:\/\/wissen.science-and-fun.de\/kochen\/"},{"@type":"ListItem","position":2,"name":"Infoseiten","item":"https:\/\/wissen.science-and-fun.de\/kochen\/infoseiten\/"},{"@type":"ListItem","position":3,"name":"Ente"}]},{"@type":"WebSite","@id":"https:\/\/wissen.science-and-fun.de\/kochen\/#website","url":"https:\/\/wissen.science-and-fun.de\/kochen\/","name":"Steffen&#039;s Haushaltsblog","description":"Kunst trifft Essen - Viele Bilder sind KI Kreationen und keine realen Abbildungen. - t.me\/ki_kunst ","publisher":{"@id":"https:\/\/wissen.science-and-fun.de\/kochen\/#\/schema\/person\/910dc13be3cb31f39d8707d607e929e8"},"potentialAction":[{"@type":"SearchAction","target":{"@type":"EntryPoint","urlTemplate":"https:\/\/wissen.science-and-fun.de\/kochen\/?s={search_term_string}"},"query-input":{"@type":"PropertyValueSpecification","valueRequired":true,"valueName":"search_term_string"}}],"inLanguage":"de"},{"@type":["Person","Organization"],"@id":"https:\/\/wissen.science-and-fun.de\/kochen\/#\/schema\/person\/910dc13be3cb31f39d8707d607e929e8","name":"Steffen","image":{"@type":"ImageObject","inLanguage":"de","@id":"https:\/\/secure.gravatar.com\/avatar\/6ff13dd29c0d1b8a17460ca74a1e0eee159c14d00728cf5e1a7ee30f8ffdf195?s=96&d=mm&r=g","url":"https:\/\/secure.gravatar.com\/avatar\/6ff13dd29c0d1b8a17460ca74a1e0eee159c14d00728cf5e1a7ee30f8ffdf195?s=96&d=mm&r=g","contentUrl":"https:\/\/secure.gravatar.com\/avatar\/6ff13dd29c0d1b8a17460ca74a1e0eee159c14d00728cf5e1a7ee30f8ffdf195?s=96&d=mm&r=g","caption":"Steffen"},"logo":{"@id":"https:\/\/secure.gravatar.com\/avatar\/6ff13dd29c0d1b8a17460ca74a1e0eee159c14d00728cf5e1a7ee30f8ffdf195?s=96&d=mm&r=g"},"sameAs":["https:\/\/sthomas.de","https:\/\/www.facebook.com\/steffen.thomas1","https:\/\/x.com\/steto123"]}]}},"jetpack_shortlink":"https:\/\/wp.me\/P1tRoY-QM","jetpack-related-posts":[{"id":2767,"url":"https:\/\/wissen.science-and-fun.de\/kochen\/","url_meta":{"origin":3272,"position":0},"title":"K\u00fcrbis","author":"Steffen","date":"13. September 2011","format":false,"excerpt":"Der K\u00fcrbis (Flaschenapfel) ist eine Pflanzengattung der Kukurbitazeen. Es gibt mittlerweile sehr viele unterschiedliche Sorten von K\u00fcrbissen. Manche davon werden zur Ern\u00e4hrung verwendet, andere dienen als reine Zierfr\u00fcchte. Domestiziert wurde der K\u00fcrbis nach neueren Forschungsergebnissen ca. 8000-10000 Jahre vor Christus. Weitergehende Informationen finden sich zum Beispiel in der Wikipedia! Rezept\u00fcbersicht\u2026","rel":"","context":"\u00c4hnlicher Beitrag","block_context":{"text":"\u00c4hnlicher Beitrag","link":""},"img":{"alt_text":"","src":"https:\/\/i0.wp.com\/wissen.science-and-fun.de\/kochen\/files\/2011\/09\/k%C3%BCrbis.jpg?resize=350%2C200&ssl=1","width":350,"height":200,"srcset":"https:\/\/i0.wp.com\/wissen.science-and-fun.de\/kochen\/files\/2011\/09\/k%C3%BCrbis.jpg?resize=350%2C200&ssl=1 1x, https:\/\/i0.wp.com\/wissen.science-and-fun.de\/kochen\/files\/2011\/09\/k%C3%BCrbis.jpg?resize=525%2C300&ssl=1 1.5x"},"classes":[]},{"id":6969,"url":"https:\/\/wissen.science-and-fun.de\/kochen\/infoseiten\/ananas\/","url_meta":{"origin":3272,"position":1},"title":"Ananas","author":"Steffen","date":"26. Mai 2019","format":false,"excerpt":"Herkunft: Entdeckt wurde die Ananas von Christoph Columbus auf Guadeloupe, aber das Ursprungsland ist wahrscheinlich Paraguay. Heute wird sie angebaut in Brasilien, S\u00fcdafrike, Kenya, Hgana, der Elfenbeink\u00fcste, den Azoren und auf den Philippinen. Aussehen\/ Geschmack: Es sind oval-kugelige Fr\u00fcchte mit gro\u00dfer gr\u00fcner Blattrossette, etwa 15 cm lang, mit genoppter Schale,\u2026","rel":"","context":"\u00c4hnlicher Beitrag","block_context":{"text":"\u00c4hnlicher Beitrag","link":""},"img":{"alt_text":"Ananas","src":"https:\/\/i0.wp.com\/wissen.science-and-fun.de\/kochen\/files\/2019\/05\/Ananas_pflanze.jpg?resize=350%2C200&ssl=1","width":350,"height":200},"classes":[]},{"id":6634,"url":"https:\/\/wissen.science-and-fun.de\/kochen\/infoseiten\/steaks-und-co\/","url_meta":{"origin":3272,"position":2},"title":"Steaks und Co.","author":"Steffen","date":"30. April 2019","format":false,"excerpt":"Kollagen Fleisch besteht aus Muskeln, Bindegewebe, Fett und Knochen. Der Muskel enth\u00e4lt Proteine und Glykogen. Mit zunehmender Temperatur des Fleisches wird Glykogen, ein langkettiger Zucker, zu Einfachzucker reduziert. Diese karamellisiert und ist f\u00fcr eine der Geschmackskomponenten verantwortlich. Proteine (geschmacklos) werden zu Aminos\u00e4uren denaturiert, die nicht nur selbst Aromen haben, sondern\u2026","rel":"","context":"\u00c4hnlicher Beitrag","block_context":{"text":"\u00c4hnlicher Beitrag","link":""},"img":{"alt_text":"","src":"","width":0,"height":0},"classes":[]},{"id":6972,"url":"https:\/\/wissen.science-and-fun.de\/kochen\/infoseiten\/ackerola\/","url_meta":{"origin":3272,"position":3},"title":"Acerola","author":"Steffen","date":"18. Mai 2019","format":false,"excerpt":"Acerola (auch Antillenkirsche genannt) Herkunft: Westindische Inseln, Mittelamerika, Indien und Afrika Aussehen\/Geschmack: Die Acerola ist eine kirschenartige Steinfrucht mit d\u00fcnner, l\u00e4ngs gerillter, orangeroter bis kr\u00e4ftig roter Haut. Das Fruchtfleisch ist weich, saftig und schmeckt fruchtig-sauer. Auf dem Markt: Nur als verarbeitetes Produkt in Form von Fruchtnektaren oder Fruchtsaftkonzentraten, da Acerolas\u2026","rel":"","context":"\u00c4hnlicher Beitrag","block_context":{"text":"\u00c4hnlicher Beitrag","link":""},"img":{"alt_text":"","src":"","width":0,"height":0},"classes":[]},{"id":8043,"url":"https:\/\/wissen.science-and-fun.de\/kochen\/haushaltstipps\/fit-und-schlank-mit-fruchtexoten\/","url_meta":{"origin":3272,"position":4},"title":"Fit und schlank mit Fruchtexoten","author":"Steffen","date":"21. November 2021","format":false,"excerpt":"Fit und schlank mit Fruchtexoten Drei wichtige Essregeln sollten beachtet werden: 1. Statt drei gro\u00dfer Mahlzeiten lieber f\u00fcnf Kleine. Das sorgt f\u00fcr einen gleichm\u00e4\u00dfigen Blutzuckerspiegel, wodurch Hei\u00dfhungeranf\u00e4lle ausbleiben. 2. Alle Speisen lang und gut durchkauen, um die Nahrung gut aufzuspalten, und dem Magen Arbeit abzunehmen. Au\u00dferdem tritt das S\u00e4ttigungsgef\u00fchl eher\u2026","rel":"","context":"\u00c4hnlicher Beitrag","block_context":{"text":"\u00c4hnlicher Beitrag","link":""},"img":{"alt_text":"","src":"","width":0,"height":0},"classes":[]},{"id":8062,"url":"https:\/\/wissen.science-and-fun.de\/kochen\/infoseiten\/knoblauch\/","url_meta":{"origin":3272,"position":5},"title":"Knoblauch","author":"Steffen","date":"25. November 2021","format":false,"excerpt":"Lateinisch Botanisch: Allium sativum L., Englisch: Garlic, Franz\u00f6sisch: Ail Geschichte: Knoblauch kommt aus Innerasien und gelangte \u00fcber Vorderasien und \u00c4gypten nach Europa. Schon im antiken \u00c4gypten um 2.700 2.500 v. Chr. versorgte der Pharao Cheops f\u00fcr den Bau seiner Pyramide die Arbeiter mit Knoblauch. Pythagoras hielt Knoblauch f\u00fcr den K\u00f6nig\u2026","rel":"","context":"\u00c4hnlicher Beitrag","block_context":{"text":"\u00c4hnlicher Beitrag","link":""},"img":{"alt_text":"","src":"","width":0,"height":0},"classes":[]}],"jetpack_sharing_enabled":true,"_links":{"self":[{"href":"https:\/\/wissen.science-and-fun.de\/kochen\/wp-json\/wp\/v2\/pages\/3272","targetHints":{"allow":["GET"]}}],"collection":[{"href":"https:\/\/wissen.science-and-fun.de\/kochen\/wp-json\/wp\/v2\/pages"}],"about":[{"href":"https:\/\/wissen.science-and-fun.de\/kochen\/wp-json\/wp\/v2\/types\/page"}],"author":[{"embeddable":true,"href":"https:\/\/wissen.science-and-fun.de\/kochen\/wp-json\/wp\/v2\/users\/1"}],"replies":[{"embeddable":true,"href":"https:\/\/wissen.science-and-fun.de\/kochen\/wp-json\/wp\/v2\/comments?post=3272"}],"version-history":[{"count":6,"href":"https:\/\/wissen.science-and-fun.de\/kochen\/wp-json\/wp\/v2\/pages\/3272\/revisions"}],"predecessor-version":[{"id":4225,"href":"https:\/\/wissen.science-and-fun.de\/kochen\/wp-json\/wp\/v2\/pages\/3272\/revisions\/4225"}],"up":[{"embeddable":true,"href":"https:\/\/wissen.science-and-fun.de\/kochen\/wp-json\/wp\/v2\/pages\/1929"}],"wp:attachment":[{"href":"https:\/\/wissen.science-and-fun.de\/kochen\/wp-json\/wp\/v2\/media?parent=3272"}],"curies":[{"name":"wp","href":"https:\/\/api.w.org\/{rel}","templated":true}]}}