{"id":2983,"date":"2011-11-03T19:53:15","date_gmt":"2011-11-03T19:53:15","guid":{"rendered":"https:\/\/wissen.science-and-fun.de\/kochen\/?page_id=2983"},"modified":"2012-12-01T18:48:03","modified_gmt":"2012-12-01T18:48:03","slug":"weihnachten","status":"publish","type":"page","link":"https:\/\/wissen.science-and-fun.de\/kochen\/infoseiten\/weihnachten\/","title":{"rendered":"Weihnachten"},"content":{"rendered":"<h1><span class=\"Apple-style-span\" style=\"font-size: 12px; font-weight: normal;\">Es geht im Jahr wieder auf Weihnachten zu und diese Seite gibt eine Auswahl meiner gesammelten Weihnachtsrezepte.<\/span><\/h1>\n<table width=\"100%\">\n<tr>\n<td>\n<ul>\n<li><a title=\"Permanent Link to Adventspuppen\" href=\"https:\/\/wissen.science-and-fun.de\/kochen\/2011\/04\/10\/adventspuppen\/\" rel=\"bookmark\">Adventspuppen<\/a><\/li>\n<li><a title=\"Permanent Link to Dresdener Stollen\" href=\"https:\/\/wissen.science-and-fun.de\/kochen\/2011\/05\/08\/dresdener-stollen\/\" rel=\"bookmark\">Dresdener Stollen<\/a><\/li>\n<li><a title=\"Permanent Link to Exotischer Kartoffelsalat zu Weihnachten\" href=\"https:\/\/wissen.science-and-fun.de\/kochen\/2011\/04\/16\/exotischer-kartoffelsalat-zu-weihnachten\/\" rel=\"bookmark\">Exotischer Kartoffelsalat zu Weihnachten<\/a><\/li>\n<li><a title=\"Permanent Link to Elisenlebkuchen\" href=\"https:\/\/wissen.science-and-fun.de\/kochen\/2011\/04\/17\/elisenlebkuchen\/\" rel=\"bookmark\">Elisenlebkuchen<\/a><\/li>\n<li><a title=\"Permanent Link to Mandelstollen\" href=\"https:\/\/wissen.science-and-fun.de\/kochen\/2011\/04\/10\/mandelstollen\/\" rel=\"bookmark\">Mandelstollen<\/a><\/li>\n<li><a title=\"Permanent Link to Pfefferkuchen\" href=\"https:\/\/wissen.science-and-fun.de\/kochen\/2011\/04\/16\/pfefferkuchen\/\" rel=\"bookmark\">Pfefferkuchen<\/a><\/li>\n<li><a title=\"Permanent Link to Regensburger Pfeffern\u00fcsse\" href=\"https:\/\/wissen.science-and-fun.de\/kochen\/2011\/04\/17\/regensburger-pfeffernusse\/\" rel=\"bookmark\">Regensburger Pfeffern\u00fcsse<\/a><\/li>\n<li><a title=\"Permanent Link to Rosinenstollen\" href=\"https:\/\/wissen.science-and-fun.de\/kochen\/2011\/04\/10\/rosinenstollen\/\" rel=\"bookmark\">Rosinenstollen<\/a><\/li>\n<li><a title=\"Permanent Link to Weihnachtsmarmelade\" href=\"https:\/\/wissen.science-and-fun.de\/kochen\/2011\/04\/16\/weihnachtsmarmelade\/\" rel=\"bookmark\">Weihnachtsmarmelade<\/a><\/li>\n<\/ul>\n<\/td>\n<td>\n<ul>\n<li><a href=\"https:\/\/wissen.science-and-fun.de\/kochen\/2011\/11\/03\/gans-mit-maronen\/\" title=\"Gans mit Maronen\">Gans mit Maronen<\/a><\/li>\n<li><a href=\"https:\/\/wissen.science-and-fun.de\/kochen\/2012\/11\/25\/gefullte-gans-mit-rotkraut\/\" title=\"Gef\u00fcllte Gans mit Rotkraut\">Gef\u00fcllte Gans mit Rotkraut<\/a> <\/li>\n<li><a href=\"https:\/\/wissen.science-and-fun.de\/kochen\/2012\/11\/25\/gans-mit-feigen\/\" title=\"Gans mit Feigen\">Gans mit Feigen<\/a><\/li>\n<li><a href=\"https:\/\/wissen.science-and-fun.de\/kochen\/2012\/11\/25\/gans-indisch\/\" title=\"Gans indisch\">Gans indisch<\/a><\/li>\n<li><a href=\"https:\/\/wissen.science-and-fun.de\/kochen\/2012\/11\/28\/pochierte-gans\/\" title=\"Pochierte Gans\">Pochierte Gans<\/a><\/li>\n<li><a href=\"https:\/\/wissen.science-and-fun.de\/kochen\/2012\/11\/29\/odenwalder-gansebraten-mit-honiglack\/\" title=\"Odenw\u00e4lder G\u00e4nsebraten mit Honiglack\">Odenw\u00e4lder G\u00e4nsebraten mit Honiglack<\/a><\/li>\n<li><a href=\"https:\/\/wissen.science-and-fun.de\/kochen\/2012\/11\/29\/gansebraten-mit-kartoffelfullung\/\" title=\"G\u00e4nsebraten mit Kartoffelf\u00fcllung\">G\u00e4nsebraten mit Kartoffelf\u00fcllung<\/a><\/li>\n<li><a href=\"https:\/\/wissen.science-and-fun.de\/kochen\/2012\/11\/30\/gansebraten-und-2-fullungen\/\" title=\"G\u00e4nsebraten und 2 F\u00fcllungen\">G\u00e4nsebraten und 2 F\u00fcllungen<\/a><\/li>\n<li><a href=\"https:\/\/wissen.science-and-fun.de\/kochen\/2012\/11\/30\/knuspriger-gansebraten\/\" title=\"Knuspriger G\u00e4nsebraten\">Knuspriger G\u00e4nsebraten<\/a><\/li>\n<\/ul>\n<\/td>\n<\/tr>\n<\/table>\n<p><a href=\"https:\/\/wissen.science-and-fun.de\/kochen\/files\/2011\/11\/xweihn.jpg\"><img loading=\"lazy\" decoding=\"async\" class=\"size-medium wp-image-4661 alignleft\" title=\"Weihnachten\" src=\"https:\/\/wissen.science-and-fun.de\/kochen\/files\/2011\/11\/xweihn-257x300.jpg\" alt=\"\" width=\"257\" height=\"300\" \/><\/a><\/p>\n<p>&nbsp;<\/p>\n","protected":false},"excerpt":{"rendered":"<p>Es geht im Jahr wieder auf Weihnachten zu und diese Seite gibt eine Auswahl meiner gesammelten Weihnachtsrezepte. Adventspuppen Dresdener Stollen Exotischer Kartoffelsalat zu Weihnachten Elisenlebkuchen Mandelstollen Pfefferkuchen Regensburger Pfeffern\u00fcsse Rosinenstollen Weihnachtsmarmelade Gans mit Maronen Gef\u00fcllte Gans mit Rotkraut Gans mit Feigen Gans indisch Pochierte Gans Odenw\u00e4lder G\u00e4nsebraten mit Honiglack G\u00e4nsebraten mit Kartoffelf\u00fcllung G\u00e4nsebraten und 2 &hellip; <\/p>\n<p><a class=\"more-link btn\" href=\"https:\/\/wissen.science-and-fun.de\/kochen\/infoseiten\/weihnachten\/\">Weiterlesen<\/a><\/p>\n","protected":false},"author":1,"featured_media":0,"parent":1929,"menu_order":0,"comment_status":"open","ping_status":"open","template":"","meta":{"wprm-recipe-roundup-name":"","wprm-recipe-roundup-description":"","_crdt_document":"","jetpack_post_was_ever_published":false,"footnotes":""},"class_list":["post-2983","page","type-page","status-publish","hentry","nodate","item-wrap"],"yoast_head":"<!-- This site is optimized with the Yoast SEO plugin v27.4 - https:\/\/yoast.com\/product\/yoast-seo-wordpress\/ -->\n<title>Weihnachten<\/title>\n<meta name=\"description\" content=\"- Weihnachten\" \/>\n<meta name=\"robots\" content=\"index, follow, max-snippet:-1, max-image-preview:large, max-video-preview:-1\" \/>\n<link rel=\"canonical\" href=\"https:\/\/wissen.science-and-fun.de\/kochen\/infoseiten\/weihnachten\/\" \/>\n<meta property=\"og:locale\" content=\"de_DE\" \/>\n<meta property=\"og:type\" content=\"article\" \/>\n<meta property=\"og:title\" content=\"Weihnachten\" \/>\n<meta property=\"og:description\" content=\"- Weihnachten\" \/>\n<meta property=\"og:url\" content=\"https:\/\/wissen.science-and-fun.de\/kochen\/infoseiten\/weihnachten\/\" \/>\n<meta property=\"og:site_name\" content=\"Steffen&#039;s Haushaltsblog\" \/>\n<meta property=\"article:publisher\" content=\"https:\/\/www.facebook.com\/steffen.thomas1\" \/>\n<meta property=\"article:modified_time\" content=\"2012-12-01T18:48:03+00:00\" \/>\n<meta property=\"og:image\" content=\"https:\/\/wissen.science-and-fun.de\/kochen\/files\/2011\/11\/xweihn-257x300.jpg\" \/>\n<script type=\"application\/ld+json\" class=\"yoast-schema-graph\">{\"@context\":\"https:\\\/\\\/schema.org\",\"@graph\":[{\"@type\":\"WebPage\",\"@id\":\"https:\\\/\\\/wissen.science-and-fun.de\\\/kochen\\\/infoseiten\\\/weihnachten\\\/\",\"url\":\"https:\\\/\\\/wissen.science-and-fun.de\\\/kochen\\\/infoseiten\\\/weihnachten\\\/\",\"name\":\"Weihnachten\",\"isPartOf\":{\"@id\":\"https:\\\/\\\/wissen.science-and-fun.de\\\/kochen\\\/#website\"},\"primaryImageOfPage\":{\"@id\":\"https:\\\/\\\/wissen.science-and-fun.de\\\/kochen\\\/infoseiten\\\/weihnachten\\\/#primaryimage\"},\"image\":{\"@id\":\"https:\\\/\\\/wissen.science-and-fun.de\\\/kochen\\\/infoseiten\\\/weihnachten\\\/#primaryimage\"},\"thumbnailUrl\":\"https:\\\/\\\/wissen.science-and-fun.de\\\/kochen\\\/files\\\/2011\\\/11\\\/xweihn-257x300.jpg\",\"datePublished\":\"2011-11-03T19:53:15+00:00\",\"dateModified\":\"2012-12-01T18:48:03+00:00\",\"description\":\"- Weihnachten\",\"breadcrumb\":{\"@id\":\"https:\\\/\\\/wissen.science-and-fun.de\\\/kochen\\\/infoseiten\\\/weihnachten\\\/#breadcrumb\"},\"inLanguage\":\"de\",\"potentialAction\":[{\"@type\":\"ReadAction\",\"target\":[\"https:\\\/\\\/wissen.science-and-fun.de\\\/kochen\\\/infoseiten\\\/weihnachten\\\/\"]}]},{\"@type\":\"ImageObject\",\"inLanguage\":\"de\",\"@id\":\"https:\\\/\\\/wissen.science-and-fun.de\\\/kochen\\\/infoseiten\\\/weihnachten\\\/#primaryimage\",\"url\":\"https:\\\/\\\/wissen.science-and-fun.de\\\/kochen\\\/files\\\/2011\\\/11\\\/xweihn.jpg\",\"contentUrl\":\"https:\\\/\\\/wissen.science-and-fun.de\\\/kochen\\\/files\\\/2011\\\/11\\\/xweihn.jpg\",\"width\":\"849\",\"height\":\"988\"},{\"@type\":\"BreadcrumbList\",\"@id\":\"https:\\\/\\\/wissen.science-and-fun.de\\\/kochen\\\/infoseiten\\\/weihnachten\\\/#breadcrumb\",\"itemListElement\":[{\"@type\":\"ListItem\",\"position\":1,\"name\":\"Home\",\"item\":\"https:\\\/\\\/wissen.science-and-fun.de\\\/kochen\\\/\"},{\"@type\":\"ListItem\",\"position\":2,\"name\":\"Infoseiten\",\"item\":\"https:\\\/\\\/wissen.science-and-fun.de\\\/kochen\\\/infoseiten\\\/\"},{\"@type\":\"ListItem\",\"position\":3,\"name\":\"Weihnachten\"}]},{\"@type\":\"WebSite\",\"@id\":\"https:\\\/\\\/wissen.science-and-fun.de\\\/kochen\\\/#website\",\"url\":\"https:\\\/\\\/wissen.science-and-fun.de\\\/kochen\\\/\",\"name\":\"Steffen&#039;s Haushaltsblog\",\"description\":\"Kunst trifft Essen - Viele Bilder sind KI Kreationen und keine realen Abbildungen. - t.me\\\/ki_kunst \",\"publisher\":{\"@id\":\"https:\\\/\\\/wissen.science-and-fun.de\\\/kochen\\\/#\\\/schema\\\/person\\\/910dc13be3cb31f39d8707d607e929e8\"},\"potentialAction\":[{\"@type\":\"SearchAction\",\"target\":{\"@type\":\"EntryPoint\",\"urlTemplate\":\"https:\\\/\\\/wissen.science-and-fun.de\\\/kochen\\\/?s={search_term_string}\"},\"query-input\":{\"@type\":\"PropertyValueSpecification\",\"valueRequired\":true,\"valueName\":\"search_term_string\"}}],\"inLanguage\":\"de\"},{\"@type\":[\"Person\",\"Organization\"],\"@id\":\"https:\\\/\\\/wissen.science-and-fun.de\\\/kochen\\\/#\\\/schema\\\/person\\\/910dc13be3cb31f39d8707d607e929e8\",\"name\":\"Steffen\",\"image\":{\"@type\":\"ImageObject\",\"inLanguage\":\"de\",\"@id\":\"https:\\\/\\\/secure.gravatar.com\\\/avatar\\\/6ff13dd29c0d1b8a17460ca74a1e0eee159c14d00728cf5e1a7ee30f8ffdf195?s=96&d=mm&r=g\",\"url\":\"https:\\\/\\\/secure.gravatar.com\\\/avatar\\\/6ff13dd29c0d1b8a17460ca74a1e0eee159c14d00728cf5e1a7ee30f8ffdf195?s=96&d=mm&r=g\",\"contentUrl\":\"https:\\\/\\\/secure.gravatar.com\\\/avatar\\\/6ff13dd29c0d1b8a17460ca74a1e0eee159c14d00728cf5e1a7ee30f8ffdf195?s=96&d=mm&r=g\",\"caption\":\"Steffen\"},\"logo\":{\"@id\":\"https:\\\/\\\/secure.gravatar.com\\\/avatar\\\/6ff13dd29c0d1b8a17460ca74a1e0eee159c14d00728cf5e1a7ee30f8ffdf195?s=96&d=mm&r=g\"},\"sameAs\":[\"https:\\\/\\\/sthomas.de\",\"https:\\\/\\\/www.facebook.com\\\/steffen.thomas1\",\"https:\\\/\\\/x.com\\\/steto123\"]}]}<\/script>\n<!-- \/ Yoast SEO plugin. -->","yoast_head_json":{"title":"Weihnachten","description":"- Weihnachten","robots":{"index":"index","follow":"follow","max-snippet":"max-snippet:-1","max-image-preview":"max-image-preview:large","max-video-preview":"max-video-preview:-1"},"canonical":"https:\/\/wissen.science-and-fun.de\/kochen\/infoseiten\/weihnachten\/","og_locale":"de_DE","og_type":"article","og_title":"Weihnachten","og_description":"- Weihnachten","og_url":"https:\/\/wissen.science-and-fun.de\/kochen\/infoseiten\/weihnachten\/","og_site_name":"Steffen&#039;s Haushaltsblog","article_publisher":"https:\/\/www.facebook.com\/steffen.thomas1","article_modified_time":"2012-12-01T18:48:03+00:00","og_image":[{"url":"https:\/\/wissen.science-and-fun.de\/kochen\/files\/2011\/11\/xweihn-257x300.jpg","type":"","width":"","height":""}],"schema":{"@context":"https:\/\/schema.org","@graph":[{"@type":"WebPage","@id":"https:\/\/wissen.science-and-fun.de\/kochen\/infoseiten\/weihnachten\/","url":"https:\/\/wissen.science-and-fun.de\/kochen\/infoseiten\/weihnachten\/","name":"Weihnachten","isPartOf":{"@id":"https:\/\/wissen.science-and-fun.de\/kochen\/#website"},"primaryImageOfPage":{"@id":"https:\/\/wissen.science-and-fun.de\/kochen\/infoseiten\/weihnachten\/#primaryimage"},"image":{"@id":"https:\/\/wissen.science-and-fun.de\/kochen\/infoseiten\/weihnachten\/#primaryimage"},"thumbnailUrl":"https:\/\/wissen.science-and-fun.de\/kochen\/files\/2011\/11\/xweihn-257x300.jpg","datePublished":"2011-11-03T19:53:15+00:00","dateModified":"2012-12-01T18:48:03+00:00","description":"- Weihnachten","breadcrumb":{"@id":"https:\/\/wissen.science-and-fun.de\/kochen\/infoseiten\/weihnachten\/#breadcrumb"},"inLanguage":"de","potentialAction":[{"@type":"ReadAction","target":["https:\/\/wissen.science-and-fun.de\/kochen\/infoseiten\/weihnachten\/"]}]},{"@type":"ImageObject","inLanguage":"de","@id":"https:\/\/wissen.science-and-fun.de\/kochen\/infoseiten\/weihnachten\/#primaryimage","url":"https:\/\/wissen.science-and-fun.de\/kochen\/files\/2011\/11\/xweihn.jpg","contentUrl":"https:\/\/wissen.science-and-fun.de\/kochen\/files\/2011\/11\/xweihn.jpg","width":"849","height":"988"},{"@type":"BreadcrumbList","@id":"https:\/\/wissen.science-and-fun.de\/kochen\/infoseiten\/weihnachten\/#breadcrumb","itemListElement":[{"@type":"ListItem","position":1,"name":"Home","item":"https:\/\/wissen.science-and-fun.de\/kochen\/"},{"@type":"ListItem","position":2,"name":"Infoseiten","item":"https:\/\/wissen.science-and-fun.de\/kochen\/infoseiten\/"},{"@type":"ListItem","position":3,"name":"Weihnachten"}]},{"@type":"WebSite","@id":"https:\/\/wissen.science-and-fun.de\/kochen\/#website","url":"https:\/\/wissen.science-and-fun.de\/kochen\/","name":"Steffen&#039;s Haushaltsblog","description":"Kunst trifft Essen - Viele Bilder sind KI Kreationen und keine realen Abbildungen. - t.me\/ki_kunst ","publisher":{"@id":"https:\/\/wissen.science-and-fun.de\/kochen\/#\/schema\/person\/910dc13be3cb31f39d8707d607e929e8"},"potentialAction":[{"@type":"SearchAction","target":{"@type":"EntryPoint","urlTemplate":"https:\/\/wissen.science-and-fun.de\/kochen\/?s={search_term_string}"},"query-input":{"@type":"PropertyValueSpecification","valueRequired":true,"valueName":"search_term_string"}}],"inLanguage":"de"},{"@type":["Person","Organization"],"@id":"https:\/\/wissen.science-and-fun.de\/kochen\/#\/schema\/person\/910dc13be3cb31f39d8707d607e929e8","name":"Steffen","image":{"@type":"ImageObject","inLanguage":"de","@id":"https:\/\/secure.gravatar.com\/avatar\/6ff13dd29c0d1b8a17460ca74a1e0eee159c14d00728cf5e1a7ee30f8ffdf195?s=96&d=mm&r=g","url":"https:\/\/secure.gravatar.com\/avatar\/6ff13dd29c0d1b8a17460ca74a1e0eee159c14d00728cf5e1a7ee30f8ffdf195?s=96&d=mm&r=g","contentUrl":"https:\/\/secure.gravatar.com\/avatar\/6ff13dd29c0d1b8a17460ca74a1e0eee159c14d00728cf5e1a7ee30f8ffdf195?s=96&d=mm&r=g","caption":"Steffen"},"logo":{"@id":"https:\/\/secure.gravatar.com\/avatar\/6ff13dd29c0d1b8a17460ca74a1e0eee159c14d00728cf5e1a7ee30f8ffdf195?s=96&d=mm&r=g"},"sameAs":["https:\/\/sthomas.de","https:\/\/www.facebook.com\/steffen.thomas1","https:\/\/x.com\/steto123"]}]}},"jetpack_shortlink":"https:\/\/wp.me\/P1tRoY-M7","jetpack-related-posts":[{"id":6969,"url":"https:\/\/wissen.science-and-fun.de\/kochen\/infoseiten\/ananas\/","url_meta":{"origin":2983,"position":0},"title":"Ananas","author":"Steffen","date":"26. Mai 2019","format":false,"excerpt":"Herkunft: Entdeckt wurde die Ananas von Christoph Columbus auf Guadeloupe, aber das Ursprungsland ist wahrscheinlich Paraguay. Heute wird sie angebaut in Brasilien, S\u00fcdafrike, Kenya, Hgana, der Elfenbeink\u00fcste, den Azoren und auf den Philippinen. Aussehen\/ Geschmack: Es sind oval-kugelige Fr\u00fcchte mit gro\u00dfer gr\u00fcner Blattrossette, etwa 15 cm lang, mit genoppter Schale,\u2026","rel":"","context":"\u00c4hnlicher Beitrag","block_context":{"text":"\u00c4hnlicher Beitrag","link":""},"img":{"alt_text":"Ananas","src":"https:\/\/i0.wp.com\/wissen.science-and-fun.de\/kochen\/files\/2019\/05\/Ananas_pflanze.jpg?resize=350%2C200&ssl=1","width":350,"height":200},"classes":[]}],"jetpack_sharing_enabled":true,"_links":{"self":[{"href":"https:\/\/wissen.science-and-fun.de\/kochen\/wp-json\/wp\/v2\/pages\/2983","targetHints":{"allow":["GET"]}}],"collection":[{"href":"https:\/\/wissen.science-and-fun.de\/kochen\/wp-json\/wp\/v2\/pages"}],"about":[{"href":"https:\/\/wissen.science-and-fun.de\/kochen\/wp-json\/wp\/v2\/types\/page"}],"author":[{"embeddable":true,"href":"https:\/\/wissen.science-and-fun.de\/kochen\/wp-json\/wp\/v2\/users\/1"}],"replies":[{"embeddable":true,"href":"https:\/\/wissen.science-and-fun.de\/kochen\/wp-json\/wp\/v2\/comments?post=2983"}],"version-history":[{"count":6,"href":"https:\/\/wissen.science-and-fun.de\/kochen\/wp-json\/wp\/v2\/pages\/2983\/revisions"}],"predecessor-version":[{"id":4660,"href":"https:\/\/wissen.science-and-fun.de\/kochen\/wp-json\/wp\/v2\/pages\/2983\/revisions\/4660"}],"up":[{"embeddable":true,"href":"https:\/\/wissen.science-and-fun.de\/kochen\/wp-json\/wp\/v2\/pages\/1929"}],"wp:attachment":[{"href":"https:\/\/wissen.science-and-fun.de\/kochen\/wp-json\/wp\/v2\/media?parent=2983"}],"curies":[{"name":"wp","href":"https:\/\/api.w.org\/{rel}","templated":true}]}}