{"id":2361,"date":"2023-01-14T09:29:45","date_gmt":"2023-01-14T09:29:45","guid":{"rendered":"https:\/\/wissen.science-and-fun.de\/kochen\/?page_id=2361"},"modified":"2024-02-20T17:54:47","modified_gmt":"2024-02-20T17:54:47","slug":"meine-startseite","status":"publish","type":"page","link":"https:\/\/wissen.science-and-fun.de\/kochen\/meine-startseite\/","title":{"rendered":"Kunst trifft Essen"},"content":{"rendered":"<p>Willkommen auf meiner Rezeptsammlung.<\/p>\n<p>&nbsp;<\/p>\n<p>Ich habe diese Sammlung gestartet, da gab es viele der tollen Portale noch nicht. Und ich habe auch nicht soviel Zeit alles zu kochen und zu fotografieren. Aber ich mache das ja auch eher aus Freude am Essen. Und nun will ich es mit einem anderen Hobby von mir kombinieren, der <strong>AI- Art<\/strong>. Also mit rein vom Computer nach Textvorgaben generierten Bildern. Das geht auch mit Gerichten. Und so finden sich derzeit schon bei einigen wenigen Gerichten Bilder, die auf diesem Wege entstanden sind.<\/p>\n<p>Update<\/p>\n<p>Bei einigen Rezepten f\u00fcge ich derzeit auch mit der KI erstellte Lobestexte mit ein. Ich markiere diese aber auch entsprechend.<\/p>\n<p>Und an manchen Stellen werde ich etwas zum Erstellen der Bilder schreiben (und habe das auch schon getan). Ich \u00e4ndere dann auch entsprechend das Ver\u00f6ffentlichungsdatum auf den jeweiligen aktuellen Tag, bei einfach erg\u00e4nzten und \u00fcberarbeiteten Beitr\u00e4gen meist nur das Jahr auf 2023<\/p>\n<p>&nbsp;<\/p>\n<p>Viel Spa\u00df beim St\u00f6bern.<\/p>\n<p>&nbsp;<\/p>\n<p><a href=\"https:\/\/wissen.science-and-fun.de\/kochen\/files\/2023\/02\/00090-3827758881.png\"><img loading=\"lazy\" decoding=\"async\" class=\"alignleft size-full wp-image-8248\" src=\"https:\/\/wissen.science-and-fun.de\/kochen\/files\/2023\/02\/00090-3827758881.png\" alt=\"\" width=\"1024\" height=\"576\" srcset=\"https:\/\/wissen.science-and-fun.de\/kochen\/files\/2023\/02\/00090-3827758881.png 1024w, https:\/\/wissen.science-and-fun.de\/kochen\/files\/2023\/02\/00090-3827758881-300x169.png 300w, https:\/\/wissen.science-and-fun.de\/kochen\/files\/2023\/02\/00090-3827758881-768x432.png 768w, https:\/\/wissen.science-and-fun.de\/kochen\/files\/2023\/02\/00090-3827758881-500x281.png 500w, https:\/\/wissen.science-and-fun.de\/kochen\/files\/2023\/02\/00090-3827758881-800x450.png 800w, https:\/\/wissen.science-and-fun.de\/kochen\/files\/2023\/02\/00090-3827758881-480x270.png 480w, https:\/\/wissen.science-and-fun.de\/kochen\/files\/2023\/02\/00090-3827758881-750x422.png 750w\" sizes=\"auto, (max-width: 1024px) 100vw, 1024px\" \/><\/a><\/p>\n","protected":false},"excerpt":{"rendered":"<p>Willkommen auf meiner Rezeptsammlung. &nbsp; Ich habe diese Sammlung gestartet, da gab es viele der tollen Portale noch nicht. Und ich habe auch nicht soviel Zeit alles zu kochen und zu fotografieren. Aber ich mache das ja auch eher aus Freude am Essen. Und nun will ich es mit einem anderen Hobby von mir kombinieren, &hellip; <\/p>\n<p><a class=\"more-link btn\" href=\"https:\/\/wissen.science-and-fun.de\/kochen\/meine-startseite\/\">Weiterlesen<\/a><\/p>\n","protected":false},"author":1,"featured_media":0,"parent":0,"menu_order":0,"comment_status":"closed","ping_status":"closed","template":"","meta":{"wprm-recipe-roundup-name":"","wprm-recipe-roundup-description":"","_crdt_document":"","jetpack_post_was_ever_published":false,"footnotes":""},"class_list":["post-2361","page","type-page","status-publish","hentry","nodate","item-wrap"],"yoast_head":"<!-- This site is optimized with the Yoast SEO plugin v27.4 - https:\/\/yoast.com\/product\/yoast-seo-wordpress\/ -->\n<title>Kunst trifft Essen<\/title>\n<meta name=\"description\" content=\"- Kunst trifft Essen\" \/>\n<meta name=\"robots\" content=\"index, follow, max-snippet:-1, max-image-preview:large, max-video-preview:-1\" \/>\n<link rel=\"canonical\" href=\"https:\/\/wissen.science-and-fun.de\/kochen\/meine-startseite\/\" \/>\n<meta property=\"og:locale\" content=\"de_DE\" \/>\n<meta property=\"og:type\" content=\"article\" \/>\n<meta property=\"og:title\" content=\"Kunst trifft Essen\" \/>\n<meta property=\"og:description\" content=\"- Kunst trifft Essen\" \/>\n<meta property=\"og:url\" content=\"https:\/\/wissen.science-and-fun.de\/kochen\/meine-startseite\/\" \/>\n<meta property=\"og:site_name\" content=\"Steffen&#039;s Haushaltsblog\" \/>\n<meta property=\"article:publisher\" content=\"https:\/\/www.facebook.com\/steffen.thomas1\" \/>\n<meta property=\"article:modified_time\" content=\"2024-02-20T17:54:47+00:00\" \/>\n<meta property=\"og:image\" content=\"https:\/\/wissen.science-and-fun.de\/kochen\/files\/2023\/02\/00090-3827758881.png\" \/>\n<meta name=\"twitter:label1\" content=\"Gesch\u00e4tzte Lesezeit\" \/>\n\t<meta name=\"twitter:data1\" content=\"2\u00a0Minuten\" \/>\n<script type=\"application\/ld+json\" class=\"yoast-schema-graph\">{\"@context\":\"https:\\\/\\\/schema.org\",\"@graph\":[{\"@type\":\"WebPage\",\"@id\":\"https:\\\/\\\/wissen.science-and-fun.de\\\/kochen\\\/meine-startseite\\\/\",\"url\":\"https:\\\/\\\/wissen.science-and-fun.de\\\/kochen\\\/meine-startseite\\\/\",\"name\":\"Kunst trifft Essen\",\"isPartOf\":{\"@id\":\"https:\\\/\\\/wissen.science-and-fun.de\\\/kochen\\\/#website\"},\"primaryImageOfPage\":{\"@id\":\"https:\\\/\\\/wissen.science-and-fun.de\\\/kochen\\\/meine-startseite\\\/#primaryimage\"},\"image\":{\"@id\":\"https:\\\/\\\/wissen.science-and-fun.de\\\/kochen\\\/meine-startseite\\\/#primaryimage\"},\"thumbnailUrl\":\"https:\\\/\\\/wissen.science-and-fun.de\\\/kochen\\\/files\\\/2023\\\/02\\\/00090-3827758881.png\",\"datePublished\":\"2023-01-14T09:29:45+00:00\",\"dateModified\":\"2024-02-20T17:54:47+00:00\",\"description\":\"- Kunst trifft Essen\",\"breadcrumb\":{\"@id\":\"https:\\\/\\\/wissen.science-and-fun.de\\\/kochen\\\/meine-startseite\\\/#breadcrumb\"},\"inLanguage\":\"de\",\"potentialAction\":[{\"@type\":\"ReadAction\",\"target\":[\"https:\\\/\\\/wissen.science-and-fun.de\\\/kochen\\\/meine-startseite\\\/\"]}]},{\"@type\":\"ImageObject\",\"inLanguage\":\"de\",\"@id\":\"https:\\\/\\\/wissen.science-and-fun.de\\\/kochen\\\/meine-startseite\\\/#primaryimage\",\"url\":\"https:\\\/\\\/wissen.science-and-fun.de\\\/kochen\\\/files\\\/2023\\\/02\\\/00090-3827758881.png\",\"contentUrl\":\"https:\\\/\\\/wissen.science-and-fun.de\\\/kochen\\\/files\\\/2023\\\/02\\\/00090-3827758881.png\",\"width\":1024,\"height\":576},{\"@type\":\"BreadcrumbList\",\"@id\":\"https:\\\/\\\/wissen.science-and-fun.de\\\/kochen\\\/meine-startseite\\\/#breadcrumb\",\"itemListElement\":[{\"@type\":\"ListItem\",\"position\":1,\"name\":\"Home\",\"item\":\"https:\\\/\\\/wissen.science-and-fun.de\\\/kochen\\\/\"},{\"@type\":\"ListItem\",\"position\":2,\"name\":\"Kunst trifft Essen\"}]},{\"@type\":\"WebSite\",\"@id\":\"https:\\\/\\\/wissen.science-and-fun.de\\\/kochen\\\/#website\",\"url\":\"https:\\\/\\\/wissen.science-and-fun.de\\\/kochen\\\/\",\"name\":\"Steffen&#039;s Haushaltsblog\",\"description\":\"Kunst trifft Essen - Viele Bilder sind KI Kreationen und keine realen Abbildungen. - t.me\\\/ki_kunst \",\"publisher\":{\"@id\":\"https:\\\/\\\/wissen.science-and-fun.de\\\/kochen\\\/#\\\/schema\\\/person\\\/910dc13be3cb31f39d8707d607e929e8\"},\"potentialAction\":[{\"@type\":\"SearchAction\",\"target\":{\"@type\":\"EntryPoint\",\"urlTemplate\":\"https:\\\/\\\/wissen.science-and-fun.de\\\/kochen\\\/?s={search_term_string}\"},\"query-input\":{\"@type\":\"PropertyValueSpecification\",\"valueRequired\":true,\"valueName\":\"search_term_string\"}}],\"inLanguage\":\"de\"},{\"@type\":[\"Person\",\"Organization\"],\"@id\":\"https:\\\/\\\/wissen.science-and-fun.de\\\/kochen\\\/#\\\/schema\\\/person\\\/910dc13be3cb31f39d8707d607e929e8\",\"name\":\"Steffen\",\"image\":{\"@type\":\"ImageObject\",\"inLanguage\":\"de\",\"@id\":\"https:\\\/\\\/secure.gravatar.com\\\/avatar\\\/6ff13dd29c0d1b8a17460ca74a1e0eee159c14d00728cf5e1a7ee30f8ffdf195?s=96&d=mm&r=g\",\"url\":\"https:\\\/\\\/secure.gravatar.com\\\/avatar\\\/6ff13dd29c0d1b8a17460ca74a1e0eee159c14d00728cf5e1a7ee30f8ffdf195?s=96&d=mm&r=g\",\"contentUrl\":\"https:\\\/\\\/secure.gravatar.com\\\/avatar\\\/6ff13dd29c0d1b8a17460ca74a1e0eee159c14d00728cf5e1a7ee30f8ffdf195?s=96&d=mm&r=g\",\"caption\":\"Steffen\"},\"logo\":{\"@id\":\"https:\\\/\\\/secure.gravatar.com\\\/avatar\\\/6ff13dd29c0d1b8a17460ca74a1e0eee159c14d00728cf5e1a7ee30f8ffdf195?s=96&d=mm&r=g\"},\"sameAs\":[\"https:\\\/\\\/sthomas.de\",\"https:\\\/\\\/www.facebook.com\\\/steffen.thomas1\",\"https:\\\/\\\/x.com\\\/steto123\"]}]}<\/script>\n<!-- \/ Yoast SEO plugin. -->","yoast_head_json":{"title":"Kunst trifft Essen","description":"- Kunst trifft Essen","robots":{"index":"index","follow":"follow","max-snippet":"max-snippet:-1","max-image-preview":"max-image-preview:large","max-video-preview":"max-video-preview:-1"},"canonical":"https:\/\/wissen.science-and-fun.de\/kochen\/meine-startseite\/","og_locale":"de_DE","og_type":"article","og_title":"Kunst trifft Essen","og_description":"- Kunst trifft Essen","og_url":"https:\/\/wissen.science-and-fun.de\/kochen\/meine-startseite\/","og_site_name":"Steffen&#039;s Haushaltsblog","article_publisher":"https:\/\/www.facebook.com\/steffen.thomas1","article_modified_time":"2024-02-20T17:54:47+00:00","og_image":[{"url":"https:\/\/wissen.science-and-fun.de\/kochen\/files\/2023\/02\/00090-3827758881.png","type":"","width":"","height":""}],"twitter_misc":{"Gesch\u00e4tzte Lesezeit":"2\u00a0Minuten"},"schema":{"@context":"https:\/\/schema.org","@graph":[{"@type":"WebPage","@id":"https:\/\/wissen.science-and-fun.de\/kochen\/meine-startseite\/","url":"https:\/\/wissen.science-and-fun.de\/kochen\/meine-startseite\/","name":"Kunst trifft Essen","isPartOf":{"@id":"https:\/\/wissen.science-and-fun.de\/kochen\/#website"},"primaryImageOfPage":{"@id":"https:\/\/wissen.science-and-fun.de\/kochen\/meine-startseite\/#primaryimage"},"image":{"@id":"https:\/\/wissen.science-and-fun.de\/kochen\/meine-startseite\/#primaryimage"},"thumbnailUrl":"https:\/\/wissen.science-and-fun.de\/kochen\/files\/2023\/02\/00090-3827758881.png","datePublished":"2023-01-14T09:29:45+00:00","dateModified":"2024-02-20T17:54:47+00:00","description":"- Kunst trifft Essen","breadcrumb":{"@id":"https:\/\/wissen.science-and-fun.de\/kochen\/meine-startseite\/#breadcrumb"},"inLanguage":"de","potentialAction":[{"@type":"ReadAction","target":["https:\/\/wissen.science-and-fun.de\/kochen\/meine-startseite\/"]}]},{"@type":"ImageObject","inLanguage":"de","@id":"https:\/\/wissen.science-and-fun.de\/kochen\/meine-startseite\/#primaryimage","url":"https:\/\/wissen.science-and-fun.de\/kochen\/files\/2023\/02\/00090-3827758881.png","contentUrl":"https:\/\/wissen.science-and-fun.de\/kochen\/files\/2023\/02\/00090-3827758881.png","width":1024,"height":576},{"@type":"BreadcrumbList","@id":"https:\/\/wissen.science-and-fun.de\/kochen\/meine-startseite\/#breadcrumb","itemListElement":[{"@type":"ListItem","position":1,"name":"Home","item":"https:\/\/wissen.science-and-fun.de\/kochen\/"},{"@type":"ListItem","position":2,"name":"Kunst trifft Essen"}]},{"@type":"WebSite","@id":"https:\/\/wissen.science-and-fun.de\/kochen\/#website","url":"https:\/\/wissen.science-and-fun.de\/kochen\/","name":"Steffen&#039;s Haushaltsblog","description":"Kunst trifft Essen - Viele Bilder sind KI Kreationen und keine realen Abbildungen. - t.me\/ki_kunst ","publisher":{"@id":"https:\/\/wissen.science-and-fun.de\/kochen\/#\/schema\/person\/910dc13be3cb31f39d8707d607e929e8"},"potentialAction":[{"@type":"SearchAction","target":{"@type":"EntryPoint","urlTemplate":"https:\/\/wissen.science-and-fun.de\/kochen\/?s={search_term_string}"},"query-input":{"@type":"PropertyValueSpecification","valueRequired":true,"valueName":"search_term_string"}}],"inLanguage":"de"},{"@type":["Person","Organization"],"@id":"https:\/\/wissen.science-and-fun.de\/kochen\/#\/schema\/person\/910dc13be3cb31f39d8707d607e929e8","name":"Steffen","image":{"@type":"ImageObject","inLanguage":"de","@id":"https:\/\/secure.gravatar.com\/avatar\/6ff13dd29c0d1b8a17460ca74a1e0eee159c14d00728cf5e1a7ee30f8ffdf195?s=96&d=mm&r=g","url":"https:\/\/secure.gravatar.com\/avatar\/6ff13dd29c0d1b8a17460ca74a1e0eee159c14d00728cf5e1a7ee30f8ffdf195?s=96&d=mm&r=g","contentUrl":"https:\/\/secure.gravatar.com\/avatar\/6ff13dd29c0d1b8a17460ca74a1e0eee159c14d00728cf5e1a7ee30f8ffdf195?s=96&d=mm&r=g","caption":"Steffen"},"logo":{"@id":"https:\/\/secure.gravatar.com\/avatar\/6ff13dd29c0d1b8a17460ca74a1e0eee159c14d00728cf5e1a7ee30f8ffdf195?s=96&d=mm&r=g"},"sameAs":["https:\/\/sthomas.de","https:\/\/www.facebook.com\/steffen.thomas1","https:\/\/x.com\/steto123"]}]}},"jetpack_shortlink":"https:\/\/wp.me\/P1tRoY-C5","jetpack-related-posts":[{"id":2,"url":"https:\/\/wissen.science-and-fun.de\/kochen\/impressum\/beispiel-seite\/","url_meta":{"origin":2361,"position":0},"title":"Steffen&#8217;s Kochblog","author":"Steffen","date":"6. April 2011","format":false,"excerpt":"Hurra Mittleweile sind auf dieser Seite 1000 Rezepte ver\u00f6ffentlicht! Willkommen auf meiner Kochseite! Ich fr\u00f6ne auf dieser Seite meiner Leidenschaft f\u00fcr das Kochen. Und da ich eine gewisse Sammelleidenschaft besitze, haben sich im Lauf der Jahre viele Rezepte bei mir angesammelt. Zum Beispiel von alten Kalenderbl\u00e4ttern oder aus der News-Gruppe\u2026","rel":"","context":"\u00c4hnlicher Beitrag","block_context":{"text":"\u00c4hnlicher Beitrag","link":""},"img":{"alt_text":"","src":"https:\/\/i0.wp.com\/wissen.science-and-fun.de\/kochen\/files\/2011\/04\/schnitzel.jpg?resize=350%2C200&ssl=1","width":350,"height":200},"classes":[]},{"id":3084,"url":"https:\/\/wissen.science-and-fun.de\/kochen\/infoseiten\/muffin-rezepte\/","url_meta":{"origin":2361,"position":1},"title":"Muffin- Rezepte","author":"Steffen","date":"12. Dezember 2011","format":false,"excerpt":"Muffin's sind ein extrem vielseitiges Geb\u00e4ck. Es gibt sie sowohl in s\u00fc\u00dfer als auch in herzhafter Version, vegetarisch als auch non- vegetarisch. Mit Muffin's kann man also \u00dcberraschungen en gros zaubern. Und mit Hilfe von Muffinblechen und entsprechenden Papierformen kann heute eigentlich kaum etwas beim Zubereiten der Muffin's schiefgehen. WObei\u2026","rel":"","context":"\u00c4hnlicher Beitrag","block_context":{"text":"\u00c4hnlicher Beitrag","link":""},"img":{"alt_text":"","src":"","width":0,"height":0},"classes":[]},{"id":1547,"url":"https:\/\/wissen.science-and-fun.de\/kochen\/impressum\/","url_meta":{"origin":2361,"position":2},"title":"Impressum","author":"Steffen","date":"10. Mai 2011","format":false,"excerpt":"Angaben gem\u00e4\u00df \u00a7 5 TMG: Dr. Steffen Thomas Fuchsbau 18 14797 Kloster-Lehnin OT Lehnin Kontakt: Telefon: 01721595374 E-Mail: steffen@sthomas.de Verantwortlich f\u00fcr den Inhalt nach \u00a7 55 Abs. 2 RStV: Dr. Steffen Thomas Fuchsbau 18 14797 Kloster-Lehnin OT Lehnin Quelle: Impressum erzeugt mit dem Impressum Generator von eRecht24. Haftungsausschluss: Haftung f\u00fcr\u2026","rel":"","context":"\u00c4hnlicher Beitrag","block_context":{"text":"\u00c4hnlicher Beitrag","link":""},"img":{"alt_text":"","src":"","width":0,"height":0},"classes":[]},{"id":6969,"url":"https:\/\/wissen.science-and-fun.de\/kochen\/infoseiten\/ananas\/","url_meta":{"origin":2361,"position":3},"title":"Ananas","author":"Steffen","date":"26. Mai 2019","format":false,"excerpt":"Herkunft: Entdeckt wurde die Ananas von Christoph Columbus auf Guadeloupe, aber das Ursprungsland ist wahrscheinlich Paraguay. Heute wird sie angebaut in Brasilien, S\u00fcdafrike, Kenya, Hgana, der Elfenbeink\u00fcste, den Azoren und auf den Philippinen. Aussehen\/ Geschmack: Es sind oval-kugelige Fr\u00fcchte mit gro\u00dfer gr\u00fcner Blattrossette, etwa 15 cm lang, mit genoppter Schale,\u2026","rel":"","context":"\u00c4hnlicher Beitrag","block_context":{"text":"\u00c4hnlicher Beitrag","link":""},"img":{"alt_text":"Ananas","src":"https:\/\/i0.wp.com\/wissen.science-and-fun.de\/kochen\/files\/2019\/05\/Ananas_pflanze.jpg?resize=350%2C200&ssl=1","width":350,"height":200},"classes":[]},{"id":6268,"url":"https:\/\/wissen.science-and-fun.de\/kochen\/infoseiten\/joghurt\/","url_meta":{"origin":2361,"position":4},"title":"Joghurt","author":"Steffen","date":"26. Juni 2018","format":false,"excerpt":"Joghurt ist grob gesagt eine durch Milchs\u00e4urebakterien verdickte Milch. Etwas genauer betrachtet wird Lactose (Milchzucker) durch Milchs\u00e4urebakterien wie dem Lactobacillus bulgaricus zu Milchs\u00e4ure umgewandelt. Das f\u00fchrt zu einer Verringerung es pH- Wertes und ist auch Ursache f\u00fcr den s\u00e4uerlichen Geschmack. Diese Ver\u00e4nderung des pH- Wertes f\u00fchrt wiederum daz, das sich\u2026","rel":"","context":"\u00c4hnlicher Beitrag","block_context":{"text":"\u00c4hnlicher Beitrag","link":""},"img":{"alt_text":"","src":"","width":0,"height":0},"classes":[]},{"id":3272,"url":"https:\/\/wissen.science-and-fun.de\/kochen\/infoseiten\/ente\/","url_meta":{"origin":2361,"position":5},"title":"Ente","author":"Steffen","date":"26. Dezember 2011","format":false,"excerpt":"Enten sind eine Unterfamilie der Zahnschn\u00e4bler aus der Ordnung der Schwimmv\u00f6gel. Enten sind auf der ganzen Welt verbreitet und dementsprechend in den regionalen K\u00fcchen auch vorkommend. Kauft man Enten lebend ein, sollte man darauf achten junge Tiere zu kaufen. Diese erkennt man an gelben, gl\u00e4nzenden, weichen F\u00fc\u00dfen und geschmeidigen Schwimmh\u00e4uten.\u2026","rel":"","context":"\u00c4hnlicher Beitrag","block_context":{"text":"\u00c4hnlicher Beitrag","link":""},"img":{"alt_text":"","src":"http:\/\/ws.personalspace.sony.net\/wapi\/thumb\/6c7047546d4764725a3239726c673d3d\/1024\/undefined","width":350,"height":200,"srcset":"http:\/\/ws.personalspace.sony.net\/wapi\/thumb\/6c7047546d4764725a3239726c673d3d\/1024\/undefined 1x, http:\/\/ws.personalspace.sony.net\/wapi\/thumb\/6c7047546d4764725a3239726c673d3d\/1024\/undefined 1.5x"},"classes":[]}],"jetpack_sharing_enabled":true,"_links":{"self":[{"href":"https:\/\/wissen.science-and-fun.de\/kochen\/wp-json\/wp\/v2\/pages\/2361","targetHints":{"allow":["GET"]}}],"collection":[{"href":"https:\/\/wissen.science-and-fun.de\/kochen\/wp-json\/wp\/v2\/pages"}],"about":[{"href":"https:\/\/wissen.science-and-fun.de\/kochen\/wp-json\/wp\/v2\/types\/page"}],"author":[{"embeddable":true,"href":"https:\/\/wissen.science-and-fun.de\/kochen\/wp-json\/wp\/v2\/users\/1"}],"replies":[{"embeddable":true,"href":"https:\/\/wissen.science-and-fun.de\/kochen\/wp-json\/wp\/v2\/comments?post=2361"}],"version-history":[{"count":6,"href":"https:\/\/wissen.science-and-fun.de\/kochen\/wp-json\/wp\/v2\/pages\/2361\/revisions"}],"predecessor-version":[{"id":8641,"href":"https:\/\/wissen.science-and-fun.de\/kochen\/wp-json\/wp\/v2\/pages\/2361\/revisions\/8641"}],"wp:attachment":[{"href":"https:\/\/wissen.science-and-fun.de\/kochen\/wp-json\/wp\/v2\/media?parent=2361"}],"curies":[{"name":"wp","href":"https:\/\/api.w.org\/{rel}","templated":true}]}}