{"id":2,"date":"2011-04-06T04:36:55","date_gmt":"2011-04-06T04:36:55","guid":{"rendered":"https:\/\/wissen.science-and-fun.de\/kochen\/?page_id=2"},"modified":"2011-07-30T12:27:29","modified_gmt":"2011-07-30T12:27:29","slug":"beispiel-seite","status":"publish","type":"page","link":"https:\/\/wissen.science-and-fun.de\/kochen\/impressum\/beispiel-seite\/","title":{"rendered":"Steffen&#8217;s Kochblog"},"content":{"rendered":"<h1>Hurra<\/h1>\n<p>Mittleweile sind auf dieser Seite 1000 Rezepte ver\u00f6ffentlicht!<\/p>\n<hr>\n<h2>Willkommen auf meiner Kochseite!<\/h2>\n<p>Ich fr\u00f6ne auf dieser Seite meiner Leidenschaft f\u00fcr das Kochen. Und da ich eine gewisse Sammelleidenschaft besitze, haben sich im Lauf der Jahre viele Rezepte bei mir angesammelt. Zum Beispiel von alten Kalenderbl\u00e4ttern oder aus der News-Gruppe de.rec.mampf.<br \/>\nDie \u00e4ltesten Rezepte stammen von einem Abrei\u00dfkalender von 1962.Sie m\u00f6gen zwar recht primitiv klingen, aber da es sich um recht einfache und auch preiswerte Gerichte handelt, habe ich diese in meiner Sammlung belassen.<br \/>\nWer Informationen zu Lebensmittelzusatzstoffen sucht, wird auch auf diesen Seiten f\u00fcndig, denn in meinem Wissensblog gibt es dazu eine <a href=\"https:\/\/wissen.science-and-fun.de\/e-nummern\/\">umfangreiche \u00dcbersicht<\/a>.<br \/>\nIn Zukunft sind noch Informationen \u00fcber Gew\u00fcrze und andere Dinge rund um das Essen und Trinken geplant. So wie es meine Zeit erlaubt.<br \/>\nWenn Sie Kommentare\/Anregungen\/W\u00fcnsche oder \u00e4hnliches habe, bitte haben Sie keine Scheu. Nutzen Sie die Kommentarfunktion oder schreiben Sie mir eine E-Mail.<br \/>\n<a href=\"https:\/\/wissen.science-and-fun.de\/kochen\/files\/2011\/04\/schnitzel.jpg\"><img loading=\"lazy\" decoding=\"async\" src=\"https:\/\/wissen.science-and-fun.de\/kochen\/files\/2011\/04\/schnitzel.jpg\" alt=\"\" title=\"schnitzel\" width=\"500\" height=\"375\" class=\"aligncenter size-full wp-image-2050\" srcset=\"https:\/\/wissen.science-and-fun.de\/kochen\/files\/2011\/04\/schnitzel.jpg 500w, https:\/\/wissen.science-and-fun.de\/kochen\/files\/2011\/04\/schnitzel-300x225.jpg 300w\" sizes=\"auto, (max-width: 500px) 100vw, 500px\" \/><\/a><\/p>\n<hr>\n<p>An alle, die gerne kommentieren. Kommentare sind gern gesehen. Ich behalte mir jedoch das (Haus)Recht vor zu entscheiden, was ver\u00f6ffentlicht wird. In der Regel wird dies alles sein, was kein Spam ist. Sollten sich Links auff\u00e4llig h\u00e4ufen, betrachte ich das als Linkspam und werde den Link aus einer Reihe von Kommentaren herausl\u00f6schen. Hilft das auch nicht, werden die Kommentare entfernt und keine neuen mit der entsprechenden URL genehmigt. Mein Blog ist keine SEO- Linkfarm!<\/p>\n","protected":false},"excerpt":{"rendered":"<p>Hurra Mittleweile sind auf dieser Seite 1000 Rezepte ver\u00f6ffentlicht! Willkommen auf meiner Kochseite! Ich fr\u00f6ne auf dieser Seite meiner Leidenschaft f\u00fcr das Kochen. Und da ich eine gewisse Sammelleidenschaft besitze, haben sich im Lauf der Jahre viele Rezepte bei mir angesammelt. Zum Beispiel von alten Kalenderbl\u00e4ttern oder aus der News-Gruppe de.rec.mampf. Die \u00e4ltesten Rezepte stammen &hellip; <\/p>\n<p><a class=\"more-link btn\" href=\"https:\/\/wissen.science-and-fun.de\/kochen\/impressum\/beispiel-seite\/\">Weiterlesen<\/a><\/p>\n","protected":false},"author":1,"featured_media":0,"parent":1547,"menu_order":100,"comment_status":"open","ping_status":"closed","template":"","meta":{"wprm-recipe-roundup-name":"","wprm-recipe-roundup-description":"","_crdt_document":"","jetpack_post_was_ever_published":false,"footnotes":""},"class_list":["post-2","page","type-page","status-publish","hentry","nodate","item-wrap"],"yoast_head":"<!-- This site is optimized with the Yoast SEO plugin v27.3 - https:\/\/yoast.com\/product\/yoast-seo-wordpress\/ -->\n<title>Steffen&#039;s Kochblog<\/title>\n<meta name=\"description\" content=\"- Steffen&#039;s Kochblog\" \/>\n<meta name=\"robots\" content=\"index, follow, max-snippet:-1, max-image-preview:large, max-video-preview:-1\" \/>\n<link rel=\"canonical\" href=\"https:\/\/wissen.science-and-fun.de\/kochen\/impressum\/beispiel-seite\/\" \/>\n<meta property=\"og:locale\" content=\"de_DE\" \/>\n<meta property=\"og:type\" content=\"article\" \/>\n<meta property=\"og:title\" content=\"Steffen&#039;s Kochblog\" \/>\n<meta property=\"og:description\" content=\"- Steffen&#039;s Kochblog\" \/>\n<meta property=\"og:url\" content=\"https:\/\/wissen.science-and-fun.de\/kochen\/impressum\/beispiel-seite\/\" \/>\n<meta property=\"og:site_name\" content=\"Steffen&#039;s Haushaltsblog\" \/>\n<meta property=\"article:publisher\" content=\"https:\/\/www.facebook.com\/steffen.thomas1\" \/>\n<meta property=\"article:modified_time\" content=\"2011-07-30T12:27:29+00:00\" \/>\n<meta property=\"og:image\" content=\"https:\/\/wissen.science-and-fun.de\/kochen\/files\/2011\/04\/schnitzel.jpg\" \/>\n<meta name=\"twitter:label1\" content=\"Gesch\u00e4tzte Lesezeit\" \/>\n\t<meta name=\"twitter:data1\" content=\"1\u00a0Minute\" \/>\n<script type=\"application\/ld+json\" class=\"yoast-schema-graph\">{\"@context\":\"https:\\\/\\\/schema.org\",\"@graph\":[{\"@type\":\"WebPage\",\"@id\":\"https:\\\/\\\/wissen.science-and-fun.de\\\/kochen\\\/impressum\\\/beispiel-seite\\\/\",\"url\":\"https:\\\/\\\/wissen.science-and-fun.de\\\/kochen\\\/impressum\\\/beispiel-seite\\\/\",\"name\":\"Steffen's Kochblog\",\"isPartOf\":{\"@id\":\"https:\\\/\\\/wissen.science-and-fun.de\\\/kochen\\\/#website\"},\"primaryImageOfPage\":{\"@id\":\"https:\\\/\\\/wissen.science-and-fun.de\\\/kochen\\\/impressum\\\/beispiel-seite\\\/#primaryimage\"},\"image\":{\"@id\":\"https:\\\/\\\/wissen.science-and-fun.de\\\/kochen\\\/impressum\\\/beispiel-seite\\\/#primaryimage\"},\"thumbnailUrl\":\"https:\\\/\\\/wissen.science-and-fun.de\\\/kochen\\\/files\\\/2011\\\/04\\\/schnitzel.jpg\",\"datePublished\":\"2011-04-06T04:36:55+00:00\",\"dateModified\":\"2011-07-30T12:27:29+00:00\",\"description\":\"- Steffen's Kochblog\",\"breadcrumb\":{\"@id\":\"https:\\\/\\\/wissen.science-and-fun.de\\\/kochen\\\/impressum\\\/beispiel-seite\\\/#breadcrumb\"},\"inLanguage\":\"de\",\"potentialAction\":[{\"@type\":\"ReadAction\",\"target\":[\"https:\\\/\\\/wissen.science-and-fun.de\\\/kochen\\\/impressum\\\/beispiel-seite\\\/\"]}]},{\"@type\":\"ImageObject\",\"inLanguage\":\"de\",\"@id\":\"https:\\\/\\\/wissen.science-and-fun.de\\\/kochen\\\/impressum\\\/beispiel-seite\\\/#primaryimage\",\"url\":\"https:\\\/\\\/wissen.science-and-fun.de\\\/kochen\\\/files\\\/2011\\\/04\\\/schnitzel.jpg\",\"contentUrl\":\"https:\\\/\\\/wissen.science-and-fun.de\\\/kochen\\\/files\\\/2011\\\/04\\\/schnitzel.jpg\",\"width\":\"500\",\"height\":\"375\"},{\"@type\":\"BreadcrumbList\",\"@id\":\"https:\\\/\\\/wissen.science-and-fun.de\\\/kochen\\\/impressum\\\/beispiel-seite\\\/#breadcrumb\",\"itemListElement\":[{\"@type\":\"ListItem\",\"position\":1,\"name\":\"Home\",\"item\":\"https:\\\/\\\/wissen.science-and-fun.de\\\/kochen\\\/\"},{\"@type\":\"ListItem\",\"position\":2,\"name\":\"Impressum\",\"item\":\"https:\\\/\\\/wissen.science-and-fun.de\\\/kochen\\\/impressum\\\/\"},{\"@type\":\"ListItem\",\"position\":3,\"name\":\"Steffen&#8217;s Kochblog\"}]},{\"@type\":\"WebSite\",\"@id\":\"https:\\\/\\\/wissen.science-and-fun.de\\\/kochen\\\/#website\",\"url\":\"https:\\\/\\\/wissen.science-and-fun.de\\\/kochen\\\/\",\"name\":\"Steffen&#039;s Haushaltsblog\",\"description\":\"Kunst trifft Essen - Viele Bilder sind KI Kreationen und keine realen Abbildungen. - t.me\\\/ki_kunst \",\"publisher\":{\"@id\":\"https:\\\/\\\/wissen.science-and-fun.de\\\/kochen\\\/#\\\/schema\\\/person\\\/910dc13be3cb31f39d8707d607e929e8\"},\"potentialAction\":[{\"@type\":\"SearchAction\",\"target\":{\"@type\":\"EntryPoint\",\"urlTemplate\":\"https:\\\/\\\/wissen.science-and-fun.de\\\/kochen\\\/?s={search_term_string}\"},\"query-input\":{\"@type\":\"PropertyValueSpecification\",\"valueRequired\":true,\"valueName\":\"search_term_string\"}}],\"inLanguage\":\"de\"},{\"@type\":[\"Person\",\"Organization\"],\"@id\":\"https:\\\/\\\/wissen.science-and-fun.de\\\/kochen\\\/#\\\/schema\\\/person\\\/910dc13be3cb31f39d8707d607e929e8\",\"name\":\"Steffen\",\"image\":{\"@type\":\"ImageObject\",\"inLanguage\":\"de\",\"@id\":\"https:\\\/\\\/secure.gravatar.com\\\/avatar\\\/6ff13dd29c0d1b8a17460ca74a1e0eee159c14d00728cf5e1a7ee30f8ffdf195?s=96&d=mm&r=g\",\"url\":\"https:\\\/\\\/secure.gravatar.com\\\/avatar\\\/6ff13dd29c0d1b8a17460ca74a1e0eee159c14d00728cf5e1a7ee30f8ffdf195?s=96&d=mm&r=g\",\"contentUrl\":\"https:\\\/\\\/secure.gravatar.com\\\/avatar\\\/6ff13dd29c0d1b8a17460ca74a1e0eee159c14d00728cf5e1a7ee30f8ffdf195?s=96&d=mm&r=g\",\"caption\":\"Steffen\"},\"logo\":{\"@id\":\"https:\\\/\\\/secure.gravatar.com\\\/avatar\\\/6ff13dd29c0d1b8a17460ca74a1e0eee159c14d00728cf5e1a7ee30f8ffdf195?s=96&d=mm&r=g\"},\"sameAs\":[\"https:\\\/\\\/sthomas.de\",\"https:\\\/\\\/www.facebook.com\\\/steffen.thomas1\",\"https:\\\/\\\/x.com\\\/steto123\"]}]}<\/script>\n<!-- \/ Yoast SEO plugin. -->","yoast_head_json":{"title":"Steffen's Kochblog","description":"- Steffen's Kochblog","robots":{"index":"index","follow":"follow","max-snippet":"max-snippet:-1","max-image-preview":"max-image-preview:large","max-video-preview":"max-video-preview:-1"},"canonical":"https:\/\/wissen.science-and-fun.de\/kochen\/impressum\/beispiel-seite\/","og_locale":"de_DE","og_type":"article","og_title":"Steffen's Kochblog","og_description":"- Steffen's Kochblog","og_url":"https:\/\/wissen.science-and-fun.de\/kochen\/impressum\/beispiel-seite\/","og_site_name":"Steffen&#039;s Haushaltsblog","article_publisher":"https:\/\/www.facebook.com\/steffen.thomas1","article_modified_time":"2011-07-30T12:27:29+00:00","og_image":[{"url":"https:\/\/wissen.science-and-fun.de\/kochen\/files\/2011\/04\/schnitzel.jpg","type":"","width":"","height":""}],"twitter_misc":{"Gesch\u00e4tzte Lesezeit":"1\u00a0Minute"},"schema":{"@context":"https:\/\/schema.org","@graph":[{"@type":"WebPage","@id":"https:\/\/wissen.science-and-fun.de\/kochen\/impressum\/beispiel-seite\/","url":"https:\/\/wissen.science-and-fun.de\/kochen\/impressum\/beispiel-seite\/","name":"Steffen's Kochblog","isPartOf":{"@id":"https:\/\/wissen.science-and-fun.de\/kochen\/#website"},"primaryImageOfPage":{"@id":"https:\/\/wissen.science-and-fun.de\/kochen\/impressum\/beispiel-seite\/#primaryimage"},"image":{"@id":"https:\/\/wissen.science-and-fun.de\/kochen\/impressum\/beispiel-seite\/#primaryimage"},"thumbnailUrl":"https:\/\/wissen.science-and-fun.de\/kochen\/files\/2011\/04\/schnitzel.jpg","datePublished":"2011-04-06T04:36:55+00:00","dateModified":"2011-07-30T12:27:29+00:00","description":"- Steffen's Kochblog","breadcrumb":{"@id":"https:\/\/wissen.science-and-fun.de\/kochen\/impressum\/beispiel-seite\/#breadcrumb"},"inLanguage":"de","potentialAction":[{"@type":"ReadAction","target":["https:\/\/wissen.science-and-fun.de\/kochen\/impressum\/beispiel-seite\/"]}]},{"@type":"ImageObject","inLanguage":"de","@id":"https:\/\/wissen.science-and-fun.de\/kochen\/impressum\/beispiel-seite\/#primaryimage","url":"https:\/\/wissen.science-and-fun.de\/kochen\/files\/2011\/04\/schnitzel.jpg","contentUrl":"https:\/\/wissen.science-and-fun.de\/kochen\/files\/2011\/04\/schnitzel.jpg","width":"500","height":"375"},{"@type":"BreadcrumbList","@id":"https:\/\/wissen.science-and-fun.de\/kochen\/impressum\/beispiel-seite\/#breadcrumb","itemListElement":[{"@type":"ListItem","position":1,"name":"Home","item":"https:\/\/wissen.science-and-fun.de\/kochen\/"},{"@type":"ListItem","position":2,"name":"Impressum","item":"https:\/\/wissen.science-and-fun.de\/kochen\/impressum\/"},{"@type":"ListItem","position":3,"name":"Steffen&#8217;s Kochblog"}]},{"@type":"WebSite","@id":"https:\/\/wissen.science-and-fun.de\/kochen\/#website","url":"https:\/\/wissen.science-and-fun.de\/kochen\/","name":"Steffen&#039;s Haushaltsblog","description":"Kunst trifft Essen - Viele Bilder sind KI Kreationen und keine realen Abbildungen. - t.me\/ki_kunst ","publisher":{"@id":"https:\/\/wissen.science-and-fun.de\/kochen\/#\/schema\/person\/910dc13be3cb31f39d8707d607e929e8"},"potentialAction":[{"@type":"SearchAction","target":{"@type":"EntryPoint","urlTemplate":"https:\/\/wissen.science-and-fun.de\/kochen\/?s={search_term_string}"},"query-input":{"@type":"PropertyValueSpecification","valueRequired":true,"valueName":"search_term_string"}}],"inLanguage":"de"},{"@type":["Person","Organization"],"@id":"https:\/\/wissen.science-and-fun.de\/kochen\/#\/schema\/person\/910dc13be3cb31f39d8707d607e929e8","name":"Steffen","image":{"@type":"ImageObject","inLanguage":"de","@id":"https:\/\/secure.gravatar.com\/avatar\/6ff13dd29c0d1b8a17460ca74a1e0eee159c14d00728cf5e1a7ee30f8ffdf195?s=96&d=mm&r=g","url":"https:\/\/secure.gravatar.com\/avatar\/6ff13dd29c0d1b8a17460ca74a1e0eee159c14d00728cf5e1a7ee30f8ffdf195?s=96&d=mm&r=g","contentUrl":"https:\/\/secure.gravatar.com\/avatar\/6ff13dd29c0d1b8a17460ca74a1e0eee159c14d00728cf5e1a7ee30f8ffdf195?s=96&d=mm&r=g","caption":"Steffen"},"logo":{"@id":"https:\/\/secure.gravatar.com\/avatar\/6ff13dd29c0d1b8a17460ca74a1e0eee159c14d00728cf5e1a7ee30f8ffdf195?s=96&d=mm&r=g"},"sameAs":["https:\/\/sthomas.de","https:\/\/www.facebook.com\/steffen.thomas1","https:\/\/x.com\/steto123"]}]}},"jetpack_shortlink":"https:\/\/wp.me\/P1tRoY-2","jetpack-related-posts":[{"id":2983,"url":"https:\/\/wissen.science-and-fun.de\/kochen\/infoseiten\/weihnachten\/","url_meta":{"origin":2,"position":0},"title":"Weihnachten","author":"Steffen","date":"3. November 2011","format":false,"excerpt":"Es geht im Jahr wieder auf Weihnachten zu und diese Seite gibt eine Auswahl meiner gesammelten Weihnachtsrezepte. Adventspuppen Dresdener Stollen Exotischer Kartoffelsalat zu Weihnachten Elisenlebkuchen Mandelstollen Pfefferkuchen Regensburger Pfeffern\u00fcsse Rosinenstollen Weihnachtsmarmelade Gans mit Maronen Gef\u00fcllte Gans mit Rotkraut Gans mit Feigen Gans indisch Pochierte Gans Odenw\u00e4lder G\u00e4nsebraten mit Honiglack G\u00e4nsebraten\u2026","rel":"","context":"\u00c4hnlicher Beitrag","block_context":{"text":"\u00c4hnlicher Beitrag","link":""},"img":{"alt_text":"","src":"https:\/\/i0.wp.com\/wissen.science-and-fun.de\/kochen\/files\/2011\/11\/xweihn-257x300.jpg?resize=350%2C200&ssl=1","width":350,"height":200},"classes":[]},{"id":1929,"url":"https:\/\/wissen.science-and-fun.de\/kochen\/infoseiten\/","url_meta":{"origin":2,"position":1},"title":"Infoseiten","author":"Steffen","date":"8. Juni 2011","format":false,"excerpt":"Infoseiten Als Erg\u00e4nzung zur Rezeptsammlung sind diese Seiten gedacht. Ich will versuchen f\u00fcr g\u00e4ngige Nahrungsmittel diverse Informationen zu sammeln. Zum Beispiel zur Kulturgeschichte, Inhaltsstoffen etc. Blaubeere\/Heidelbeere Erdbeere Muffin's Sauerteig","rel":"","context":"\u00c4hnlicher Beitrag","block_context":{"text":"\u00c4hnlicher Beitrag","link":""},"img":{"alt_text":"","src":"","width":0,"height":0},"classes":[]},{"id":3084,"url":"https:\/\/wissen.science-and-fun.de\/kochen\/infoseiten\/muffin-rezepte\/","url_meta":{"origin":2,"position":2},"title":"Muffin- Rezepte","author":"Steffen","date":"12. Dezember 2011","format":false,"excerpt":"Muffin's sind ein extrem vielseitiges Geb\u00e4ck. Es gibt sie sowohl in s\u00fc\u00dfer als auch in herzhafter Version, vegetarisch als auch non- vegetarisch. Mit Muffin's kann man also \u00dcberraschungen en gros zaubern. Und mit Hilfe von Muffinblechen und entsprechenden Papierformen kann heute eigentlich kaum etwas beim Zubereiten der Muffin's schiefgehen. WObei\u2026","rel":"","context":"\u00c4hnlicher Beitrag","block_context":{"text":"\u00c4hnlicher Beitrag","link":""},"img":{"alt_text":"","src":"","width":0,"height":0},"classes":[]},{"id":7355,"url":"https:\/\/wissen.science-and-fun.de\/kochen\/haushaltstipps\/","url_meta":{"origin":2,"position":3},"title":"Haushaltstipps","author":"Steffen","date":"31. August 2019","format":false,"excerpt":"Auf dieser Seite finden Sie die gesammelten Haushaltstipps. Bitte beachten Sie, das es weder eine Garantie auf das Funktionieren gibt noch eine Haftung f\u00fcr Sch\u00e4den durch diese. Gehen Sie also verantwortungsvoll\u00a0 mit den Tipp's um, dann sind diese bestimmt sehr n\u00fctzlich! [quotcoll tags=\"Haushalt\"\u00a0 paging=true limit_per_page=25]","rel":"","context":"\u00c4hnlicher Beitrag","block_context":{"text":"\u00c4hnlicher Beitrag","link":""},"img":{"alt_text":"","src":"https:\/\/i0.wp.com\/wissen.science-and-fun.de\/kochen\/files\/2011\/04\/00010-French-farmhouse-bread-with-a-picture-of-a-tractor-style-of-Helen-Allingham.jpg?resize=350%2C200&ssl=1","width":350,"height":200},"classes":[]},{"id":2361,"url":"https:\/\/wissen.science-and-fun.de\/kochen\/meine-startseite\/","url_meta":{"origin":2,"position":4},"title":"Kunst trifft Essen","author":"Steffen","date":"14. Januar 2023","format":false,"excerpt":"Willkommen auf meiner Rezeptsammlung. \u00a0 Ich habe diese Sammlung gestartet, da gab es viele der tollen Portale noch nicht. Und ich habe auch nicht soviel Zeit alles zu kochen und zu fotografieren. Aber ich mache das ja auch eher aus Freude am Essen. Und nun will ich es mit einem\u2026","rel":"","context":"\u00c4hnlicher Beitrag","block_context":{"text":"\u00c4hnlicher Beitrag","link":""},"img":{"alt_text":"","src":"https:\/\/i0.wp.com\/wissen.science-and-fun.de\/kochen\/files\/2023\/02\/00090-3827758881.png?resize=350%2C200&ssl=1","width":350,"height":200,"srcset":"https:\/\/i0.wp.com\/wissen.science-and-fun.de\/kochen\/files\/2023\/02\/00090-3827758881.png?resize=350%2C200&ssl=1 1x, https:\/\/i0.wp.com\/wissen.science-and-fun.de\/kochen\/files\/2023\/02\/00090-3827758881.png?resize=525%2C300&ssl=1 1.5x, https:\/\/i0.wp.com\/wissen.science-and-fun.de\/kochen\/files\/2023\/02\/00090-3827758881.png?resize=700%2C400&ssl=1 2x"},"classes":[]},{"id":1547,"url":"https:\/\/wissen.science-and-fun.de\/kochen\/impressum\/","url_meta":{"origin":2,"position":5},"title":"Impressum","author":"Steffen","date":"10. Mai 2011","format":false,"excerpt":"Angaben gem\u00e4\u00df \u00a7 5 TMG: Dr. Steffen Thomas Fuchsbau 18 14797 Kloster-Lehnin OT Lehnin Kontakt: Telefon: 01721595374 E-Mail: steffen@sthomas.de Verantwortlich f\u00fcr den Inhalt nach \u00a7 55 Abs. 2 RStV: Dr. Steffen Thomas Fuchsbau 18 14797 Kloster-Lehnin OT Lehnin Quelle: Impressum erzeugt mit dem Impressum Generator von eRecht24. Haftungsausschluss: Haftung f\u00fcr\u2026","rel":"","context":"\u00c4hnlicher Beitrag","block_context":{"text":"\u00c4hnlicher Beitrag","link":""},"img":{"alt_text":"","src":"","width":0,"height":0},"classes":[]}],"jetpack_sharing_enabled":true,"_links":{"self":[{"href":"https:\/\/wissen.science-and-fun.de\/kochen\/wp-json\/wp\/v2\/pages\/2","targetHints":{"allow":["GET"]}}],"collection":[{"href":"https:\/\/wissen.science-and-fun.de\/kochen\/wp-json\/wp\/v2\/pages"}],"about":[{"href":"https:\/\/wissen.science-and-fun.de\/kochen\/wp-json\/wp\/v2\/types\/page"}],"author":[{"embeddable":true,"href":"https:\/\/wissen.science-and-fun.de\/kochen\/wp-json\/wp\/v2\/users\/1"}],"replies":[{"embeddable":true,"href":"https:\/\/wissen.science-and-fun.de\/kochen\/wp-json\/wp\/v2\/comments?post=2"}],"version-history":[{"count":11,"href":"https:\/\/wissen.science-and-fun.de\/kochen\/wp-json\/wp\/v2\/pages\/2\/revisions"}],"predecessor-version":[{"id":2253,"href":"https:\/\/wissen.science-and-fun.de\/kochen\/wp-json\/wp\/v2\/pages\/2\/revisions\/2253"}],"up":[{"embeddable":true,"href":"https:\/\/wissen.science-and-fun.de\/kochen\/wp-json\/wp\/v2\/pages\/1547"}],"wp:attachment":[{"href":"https:\/\/wissen.science-and-fun.de\/kochen\/wp-json\/wp\/v2\/media?parent=2"}],"curies":[{"name":"wp","href":"https:\/\/api.w.org\/{rel}","templated":true}]}}