{"id":1931,"date":"2011-06-11T04:11:02","date_gmt":"2011-06-11T04:11:02","guid":{"rendered":"https:\/\/wissen.science-and-fun.de\/kochen\/?page_id=1931"},"modified":"2011-06-11T04:11:02","modified_gmt":"2011-06-11T04:11:02","slug":"erdbeere","status":"publish","type":"page","link":"https:\/\/wissen.science-and-fun.de\/kochen\/infoseiten\/erdbeere\/","title":{"rendered":"Erdbeere"},"content":{"rendered":"<p>Erdbeere<\/p>\n<p>Die Erdbeere geh\u00f6rt zur Gattung der Rosazeen (Rosengew\u00e4chse). Sie gedeihen am besten in m\u00e4\u00dfig feuchtem, etwas sandigen Lehmboden in warmer Lage.<br \/>\nBekannt waren Erdbeeren schon im Altertum (arch\u00e4ologische Funde zeigen, das schon die Menschen der Steinzeit die Erdbeere kannten), jedoch wurde mit ihrer Kultivierung  erst im Frankreich des 16 Jahrhunderts begonnen. Die Feldkultur wurde von den Amerikanern eingef\u00fchrt.<br \/>\n2007 wurden in Deutschland 154000 Tonnen Erdbeeren geerntet, weiter 81000 Tonnen wurden importiert.<br \/>\nErdbeeren sind reich an Vitamin C (150 g Fr\u00fcchte decken in etwa den Tagesbedarf an diesem Vitamin). Weiterhin enthalten sie Calcium, Eiwei\u00df, Eisen, Magnesium und Fols\u00e4ure.<\/p>\n<table>\n<tr>\n<td>kcal<\/td>\n<td>kJoule<\/td>\n<td>Wasser<\/td>\n<td>\tFett<\/td>\n<td>Kalium<\/td>\n<td>Calcium<\/td>\n<td>Magnesium<\/td>\n<td>Vitamin C<\/td>\n<\/tr>\n<tr>\n<td>32<\/td>\n<td>\t134-136<\/td>\n<td>90 g<\/td>\n<td>0,4 g<\/td>\n<td>147 mg<\/td>\n<td>26 mg<\/td>\n<td>15 mg<\/td>\n<td>\t64 mg<\/td>\n<\/tr>\n<\/table>\n<p>Das Aus Erdbeeren gewonnene Extrakt (Aroma) besteht aus mehr als 300 Komponenten. Unter anderem befinden sich darin 90 Carbons\u00e4ureester, 30 Carbons\u00e4uren, ca. 20 Acetale, ca. 40 Alkohole sowie Ketone, Aldehyde, Kohlenwasserstoffe und einige Schwefelverbindungen. Eine synthetische chemische Substanz mit starkem Erdbeeraroma ist der sogenannte <em>Erdbeeraldehyd<\/em> (Ethyl-methylphenylglycidat, 2,3-Epoxy-3-methyl-3-phenylpropans\u00e4ure-ethylester).<\/p>\n","protected":false},"excerpt":{"rendered":"<p>Erdbeere Die Erdbeere geh\u00f6rt zur Gattung der Rosazeen (Rosengew\u00e4chse). Sie gedeihen am besten in m\u00e4\u00dfig feuchtem, etwas sandigen Lehmboden in warmer Lage. Bekannt waren Erdbeeren schon im Altertum (arch\u00e4ologische Funde zeigen, das schon die Menschen der Steinzeit die Erdbeere kannten), jedoch wurde mit ihrer Kultivierung erst im Frankreich des 16 Jahrhunderts begonnen. Die Feldkultur wurde &hellip; <\/p>\n<p><a class=\"more-link btn\" href=\"https:\/\/wissen.science-and-fun.de\/kochen\/infoseiten\/erdbeere\/\">Weiterlesen<\/a><\/p>\n","protected":false},"author":1,"featured_media":0,"parent":1929,"menu_order":0,"comment_status":"open","ping_status":"open","template":"","meta":{"wprm-recipe-roundup-name":"","wprm-recipe-roundup-description":"","_crdt_document":"","jetpack_post_was_ever_published":false,"footnotes":""},"class_list":["post-1931","page","type-page","status-publish","hentry","nodate","item-wrap"],"yoast_head":"<!-- This site is optimized with the Yoast SEO plugin v27.3 - https:\/\/yoast.com\/product\/yoast-seo-wordpress\/ -->\n<title>Erdbeere<\/title>\n<meta name=\"description\" content=\"- Erdbeere\" \/>\n<meta name=\"robots\" content=\"index, follow, max-snippet:-1, max-image-preview:large, max-video-preview:-1\" \/>\n<link rel=\"canonical\" href=\"https:\/\/wissen.science-and-fun.de\/kochen\/infoseiten\/erdbeere\/\" \/>\n<meta property=\"og:locale\" content=\"de_DE\" \/>\n<meta property=\"og:type\" content=\"article\" \/>\n<meta property=\"og:title\" content=\"Erdbeere\" \/>\n<meta property=\"og:description\" content=\"- Erdbeere\" \/>\n<meta property=\"og:url\" content=\"https:\/\/wissen.science-and-fun.de\/kochen\/infoseiten\/erdbeere\/\" \/>\n<meta property=\"og:site_name\" content=\"Steffen&#039;s Haushaltsblog\" \/>\n<meta property=\"article:publisher\" content=\"https:\/\/www.facebook.com\/steffen.thomas1\" \/>\n<meta name=\"twitter:label1\" content=\"Gesch\u00e4tzte Lesezeit\" \/>\n\t<meta name=\"twitter:data1\" content=\"1\u00a0Minute\" \/>\n<script type=\"application\/ld+json\" class=\"yoast-schema-graph\">{\"@context\":\"https:\\\/\\\/schema.org\",\"@graph\":[{\"@type\":\"WebPage\",\"@id\":\"https:\\\/\\\/wissen.science-and-fun.de\\\/kochen\\\/infoseiten\\\/erdbeere\\\/\",\"url\":\"https:\\\/\\\/wissen.science-and-fun.de\\\/kochen\\\/infoseiten\\\/erdbeere\\\/\",\"name\":\"Erdbeere\",\"isPartOf\":{\"@id\":\"https:\\\/\\\/wissen.science-and-fun.de\\\/kochen\\\/#website\"},\"datePublished\":\"2011-06-11T04:11:02+00:00\",\"description\":\"- Erdbeere\",\"breadcrumb\":{\"@id\":\"https:\\\/\\\/wissen.science-and-fun.de\\\/kochen\\\/infoseiten\\\/erdbeere\\\/#breadcrumb\"},\"inLanguage\":\"de\",\"potentialAction\":[{\"@type\":\"ReadAction\",\"target\":[\"https:\\\/\\\/wissen.science-and-fun.de\\\/kochen\\\/infoseiten\\\/erdbeere\\\/\"]}]},{\"@type\":\"BreadcrumbList\",\"@id\":\"https:\\\/\\\/wissen.science-and-fun.de\\\/kochen\\\/infoseiten\\\/erdbeere\\\/#breadcrumb\",\"itemListElement\":[{\"@type\":\"ListItem\",\"position\":1,\"name\":\"Home\",\"item\":\"https:\\\/\\\/wissen.science-and-fun.de\\\/kochen\\\/\"},{\"@type\":\"ListItem\",\"position\":2,\"name\":\"Infoseiten\",\"item\":\"https:\\\/\\\/wissen.science-and-fun.de\\\/kochen\\\/infoseiten\\\/\"},{\"@type\":\"ListItem\",\"position\":3,\"name\":\"Erdbeere\"}]},{\"@type\":\"WebSite\",\"@id\":\"https:\\\/\\\/wissen.science-and-fun.de\\\/kochen\\\/#website\",\"url\":\"https:\\\/\\\/wissen.science-and-fun.de\\\/kochen\\\/\",\"name\":\"Steffen&#039;s Haushaltsblog\",\"description\":\"Kunst trifft Essen - Viele Bilder sind KI Kreationen und keine realen Abbildungen. - t.me\\\/ki_kunst \",\"publisher\":{\"@id\":\"https:\\\/\\\/wissen.science-and-fun.de\\\/kochen\\\/#\\\/schema\\\/person\\\/910dc13be3cb31f39d8707d607e929e8\"},\"potentialAction\":[{\"@type\":\"SearchAction\",\"target\":{\"@type\":\"EntryPoint\",\"urlTemplate\":\"https:\\\/\\\/wissen.science-and-fun.de\\\/kochen\\\/?s={search_term_string}\"},\"query-input\":{\"@type\":\"PropertyValueSpecification\",\"valueRequired\":true,\"valueName\":\"search_term_string\"}}],\"inLanguage\":\"de\"},{\"@type\":[\"Person\",\"Organization\"],\"@id\":\"https:\\\/\\\/wissen.science-and-fun.de\\\/kochen\\\/#\\\/schema\\\/person\\\/910dc13be3cb31f39d8707d607e929e8\",\"name\":\"Steffen\",\"image\":{\"@type\":\"ImageObject\",\"inLanguage\":\"de\",\"@id\":\"https:\\\/\\\/secure.gravatar.com\\\/avatar\\\/6ff13dd29c0d1b8a17460ca74a1e0eee159c14d00728cf5e1a7ee30f8ffdf195?s=96&d=mm&r=g\",\"url\":\"https:\\\/\\\/secure.gravatar.com\\\/avatar\\\/6ff13dd29c0d1b8a17460ca74a1e0eee159c14d00728cf5e1a7ee30f8ffdf195?s=96&d=mm&r=g\",\"contentUrl\":\"https:\\\/\\\/secure.gravatar.com\\\/avatar\\\/6ff13dd29c0d1b8a17460ca74a1e0eee159c14d00728cf5e1a7ee30f8ffdf195?s=96&d=mm&r=g\",\"caption\":\"Steffen\"},\"logo\":{\"@id\":\"https:\\\/\\\/secure.gravatar.com\\\/avatar\\\/6ff13dd29c0d1b8a17460ca74a1e0eee159c14d00728cf5e1a7ee30f8ffdf195?s=96&d=mm&r=g\"},\"sameAs\":[\"https:\\\/\\\/sthomas.de\",\"https:\\\/\\\/www.facebook.com\\\/steffen.thomas1\",\"https:\\\/\\\/x.com\\\/steto123\"]}]}<\/script>\n<!-- \/ Yoast SEO plugin. -->","yoast_head_json":{"title":"Erdbeere","description":"- Erdbeere","robots":{"index":"index","follow":"follow","max-snippet":"max-snippet:-1","max-image-preview":"max-image-preview:large","max-video-preview":"max-video-preview:-1"},"canonical":"https:\/\/wissen.science-and-fun.de\/kochen\/infoseiten\/erdbeere\/","og_locale":"de_DE","og_type":"article","og_title":"Erdbeere","og_description":"- Erdbeere","og_url":"https:\/\/wissen.science-and-fun.de\/kochen\/infoseiten\/erdbeere\/","og_site_name":"Steffen&#039;s Haushaltsblog","article_publisher":"https:\/\/www.facebook.com\/steffen.thomas1","twitter_misc":{"Gesch\u00e4tzte Lesezeit":"1\u00a0Minute"},"schema":{"@context":"https:\/\/schema.org","@graph":[{"@type":"WebPage","@id":"https:\/\/wissen.science-and-fun.de\/kochen\/infoseiten\/erdbeere\/","url":"https:\/\/wissen.science-and-fun.de\/kochen\/infoseiten\/erdbeere\/","name":"Erdbeere","isPartOf":{"@id":"https:\/\/wissen.science-and-fun.de\/kochen\/#website"},"datePublished":"2011-06-11T04:11:02+00:00","description":"- Erdbeere","breadcrumb":{"@id":"https:\/\/wissen.science-and-fun.de\/kochen\/infoseiten\/erdbeere\/#breadcrumb"},"inLanguage":"de","potentialAction":[{"@type":"ReadAction","target":["https:\/\/wissen.science-and-fun.de\/kochen\/infoseiten\/erdbeere\/"]}]},{"@type":"BreadcrumbList","@id":"https:\/\/wissen.science-and-fun.de\/kochen\/infoseiten\/erdbeere\/#breadcrumb","itemListElement":[{"@type":"ListItem","position":1,"name":"Home","item":"https:\/\/wissen.science-and-fun.de\/kochen\/"},{"@type":"ListItem","position":2,"name":"Infoseiten","item":"https:\/\/wissen.science-and-fun.de\/kochen\/infoseiten\/"},{"@type":"ListItem","position":3,"name":"Erdbeere"}]},{"@type":"WebSite","@id":"https:\/\/wissen.science-and-fun.de\/kochen\/#website","url":"https:\/\/wissen.science-and-fun.de\/kochen\/","name":"Steffen&#039;s Haushaltsblog","description":"Kunst trifft Essen - Viele Bilder sind KI Kreationen und keine realen Abbildungen. - t.me\/ki_kunst ","publisher":{"@id":"https:\/\/wissen.science-and-fun.de\/kochen\/#\/schema\/person\/910dc13be3cb31f39d8707d607e929e8"},"potentialAction":[{"@type":"SearchAction","target":{"@type":"EntryPoint","urlTemplate":"https:\/\/wissen.science-and-fun.de\/kochen\/?s={search_term_string}"},"query-input":{"@type":"PropertyValueSpecification","valueRequired":true,"valueName":"search_term_string"}}],"inLanguage":"de"},{"@type":["Person","Organization"],"@id":"https:\/\/wissen.science-and-fun.de\/kochen\/#\/schema\/person\/910dc13be3cb31f39d8707d607e929e8","name":"Steffen","image":{"@type":"ImageObject","inLanguage":"de","@id":"https:\/\/secure.gravatar.com\/avatar\/6ff13dd29c0d1b8a17460ca74a1e0eee159c14d00728cf5e1a7ee30f8ffdf195?s=96&d=mm&r=g","url":"https:\/\/secure.gravatar.com\/avatar\/6ff13dd29c0d1b8a17460ca74a1e0eee159c14d00728cf5e1a7ee30f8ffdf195?s=96&d=mm&r=g","contentUrl":"https:\/\/secure.gravatar.com\/avatar\/6ff13dd29c0d1b8a17460ca74a1e0eee159c14d00728cf5e1a7ee30f8ffdf195?s=96&d=mm&r=g","caption":"Steffen"},"logo":{"@id":"https:\/\/secure.gravatar.com\/avatar\/6ff13dd29c0d1b8a17460ca74a1e0eee159c14d00728cf5e1a7ee30f8ffdf195?s=96&d=mm&r=g"},"sameAs":["https:\/\/sthomas.de","https:\/\/www.facebook.com\/steffen.thomas1","https:\/\/x.com\/steto123"]}]}},"jetpack_shortlink":"https:\/\/wp.me\/P1tRoY-v9","jetpack-related-posts":[{"id":2018,"url":"https:\/\/wissen.science-and-fun.de\/kochen\/infoseiten\/blaubeere\/","url_meta":{"origin":1931,"position":0},"title":"Blaubeere","author":"Steffen","date":"15. Juni 2011","format":false,"excerpt":"Blaubeere Die Blaubeere, auch bekannt als (richtigerweise) Heidelbeere (lat. Vaccinium myrtillus), Schwarzbeere, Wildbeere, Waldbeere, Bickbeere, Zeckbeere und Moosbeere, ist eine pal\u00e4arktisch mit Schwerpunkt in den gem\u00e4\u00dfigten und nordischen Zonen Eurasiens verbreitete Pflanze. Blaubeeren haben viele f\u00fcr die Ern\u00e4hrung wichtige Bestandteile, wie folgende \u00dcbersicht zeigt: N\u00e4hrwerte pro 100 g Heidelbeeren Brennwert\u2026","rel":"","context":"\u00c4hnlicher Beitrag","block_context":{"text":"\u00c4hnlicher Beitrag","link":""},"img":{"alt_text":"","src":"","width":0,"height":0},"classes":[]},{"id":4227,"url":"https:\/\/wissen.science-and-fun.de\/kochen\/infoseiten\/spargel\/","url_meta":{"origin":1931,"position":1},"title":"Spargel","author":"Steffen","date":"12. April 2012","format":false,"excerpt":"","rel":"","context":"\u00c4hnlicher Beitrag","block_context":{"text":"\u00c4hnlicher Beitrag","link":""},"img":{"alt_text":"","src":"https:\/\/i0.wp.com\/wissen.science-and-fun.de\/kochen\/files\/2024\/03\/XmRTuGrPuKmnGe0fRCFF-4-kpile-300x300.jpg?resize=350%2C200&ssl=1","width":350,"height":200},"classes":[]},{"id":6972,"url":"https:\/\/wissen.science-and-fun.de\/kochen\/infoseiten\/ackerola\/","url_meta":{"origin":1931,"position":2},"title":"Acerola","author":"Steffen","date":"18. Mai 2019","format":false,"excerpt":"Acerola (auch Antillenkirsche genannt) Herkunft: Westindische Inseln, Mittelamerika, Indien und Afrika Aussehen\/Geschmack: Die Acerola ist eine kirschenartige Steinfrucht mit d\u00fcnner, l\u00e4ngs gerillter, orangeroter bis kr\u00e4ftig roter Haut. Das Fruchtfleisch ist weich, saftig und schmeckt fruchtig-sauer. Auf dem Markt: Nur als verarbeitetes Produkt in Form von Fruchtnektaren oder Fruchtsaftkonzentraten, da Acerolas\u2026","rel":"","context":"\u00c4hnlicher Beitrag","block_context":{"text":"\u00c4hnlicher Beitrag","link":""},"img":{"alt_text":"","src":"","width":0,"height":0},"classes":[]},{"id":8043,"url":"https:\/\/wissen.science-and-fun.de\/kochen\/haushaltstipps\/fit-und-schlank-mit-fruchtexoten\/","url_meta":{"origin":1931,"position":3},"title":"Fit und schlank mit Fruchtexoten","author":"Steffen","date":"21. November 2021","format":false,"excerpt":"Fit und schlank mit Fruchtexoten Drei wichtige Essregeln sollten beachtet werden: 1. Statt drei gro\u00dfer Mahlzeiten lieber f\u00fcnf Kleine. Das sorgt f\u00fcr einen gleichm\u00e4\u00dfigen Blutzuckerspiegel, wodurch Hei\u00dfhungeranf\u00e4lle ausbleiben. 2. Alle Speisen lang und gut durchkauen, um die Nahrung gut aufzuspalten, und dem Magen Arbeit abzunehmen. Au\u00dferdem tritt das S\u00e4ttigungsgef\u00fchl eher\u2026","rel":"","context":"\u00c4hnlicher Beitrag","block_context":{"text":"\u00c4hnlicher Beitrag","link":""},"img":{"alt_text":"","src":"","width":0,"height":0},"classes":[]},{"id":6969,"url":"https:\/\/wissen.science-and-fun.de\/kochen\/infoseiten\/ananas\/","url_meta":{"origin":1931,"position":4},"title":"Ananas","author":"Steffen","date":"26. Mai 2019","format":false,"excerpt":"Herkunft: Entdeckt wurde die Ananas von Christoph Columbus auf Guadeloupe, aber das Ursprungsland ist wahrscheinlich Paraguay. Heute wird sie angebaut in Brasilien, S\u00fcdafrike, Kenya, Hgana, der Elfenbeink\u00fcste, den Azoren und auf den Philippinen. Aussehen\/ Geschmack: Es sind oval-kugelige Fr\u00fcchte mit gro\u00dfer gr\u00fcner Blattrossette, etwa 15 cm lang, mit genoppter Schale,\u2026","rel":"","context":"\u00c4hnlicher Beitrag","block_context":{"text":"\u00c4hnlicher Beitrag","link":""},"img":{"alt_text":"Ananas","src":"https:\/\/i0.wp.com\/wissen.science-and-fun.de\/kochen\/files\/2019\/05\/Ananas_pflanze.jpg?resize=350%2C200&ssl=1","width":350,"height":200},"classes":[]},{"id":8178,"url":"https:\/\/wissen.science-and-fun.de\/kochen\/infoseiten\/buschbohnen\/","url_meta":{"origin":1931,"position":5},"title":"Buschbohnen","author":"Steffen","date":"1. M\u00e4rz 2022","format":false,"excerpt":"Buschbohnen sind runde, kurze, hartfleischige, gr\u00fcne Schoten mit essbaren Kernen von dunkelgr\u00fcne Farbe. Sie besitzen ein saftiges und feinaromatisches Fruchtfleisch und sind das ganze Jahr zu kaufen. SIe z\u00e4hlen zu den Gartenbohnen. N\u00e4hrwerte: 100 g \/ 30 Kalorien \/ 130 Joule. Vitamin C. Phosphor und reich an Calcium. Zubereitung: Bohnen\u2026","rel":"","context":"\u00c4hnlicher Beitrag","block_context":{"text":"\u00c4hnlicher Beitrag","link":""},"img":{"alt_text":"","src":"","width":0,"height":0},"classes":[]}],"jetpack_sharing_enabled":true,"_links":{"self":[{"href":"https:\/\/wissen.science-and-fun.de\/kochen\/wp-json\/wp\/v2\/pages\/1931","targetHints":{"allow":["GET"]}}],"collection":[{"href":"https:\/\/wissen.science-and-fun.de\/kochen\/wp-json\/wp\/v2\/pages"}],"about":[{"href":"https:\/\/wissen.science-and-fun.de\/kochen\/wp-json\/wp\/v2\/types\/page"}],"author":[{"embeddable":true,"href":"https:\/\/wissen.science-and-fun.de\/kochen\/wp-json\/wp\/v2\/users\/1"}],"replies":[{"embeddable":true,"href":"https:\/\/wissen.science-and-fun.de\/kochen\/wp-json\/wp\/v2\/comments?post=1931"}],"version-history":[{"count":5,"href":"https:\/\/wissen.science-and-fun.de\/kochen\/wp-json\/wp\/v2\/pages\/1931\/revisions"}],"predecessor-version":[{"id":1966,"href":"https:\/\/wissen.science-and-fun.de\/kochen\/wp-json\/wp\/v2\/pages\/1931\/revisions\/1966"}],"up":[{"embeddable":true,"href":"https:\/\/wissen.science-and-fun.de\/kochen\/wp-json\/wp\/v2\/pages\/1929"}],"wp:attachment":[{"href":"https:\/\/wissen.science-and-fun.de\/kochen\/wp-json\/wp\/v2\/media?parent=1931"}],"curies":[{"name":"wp","href":"https:\/\/api.w.org\/{rel}","templated":true}]}}