{"id":1929,"date":"2011-06-08T04:56:29","date_gmt":"2011-06-08T04:56:29","guid":{"rendered":"https:\/\/wissen.science-and-fun.de\/kochen\/?page_id=1929"},"modified":"2011-12-12T18:11:55","modified_gmt":"2011-12-12T18:11:55","slug":"infoseiten","status":"publish","type":"page","link":"https:\/\/wissen.science-and-fun.de\/kochen\/infoseiten\/","title":{"rendered":"Infoseiten"},"content":{"rendered":"<p><strong>Infoseiten<\/strong><br \/>\nAls Erg\u00e4nzung zur Rezeptsammlung sind diese Seiten gedacht. Ich will versuchen f\u00fcr g\u00e4ngige Nahrungsmittel diverse Informationen zu sammeln. Zum Beispiel zur Kulturgeschichte, Inhaltsstoffen etc.<\/p>\n<p><a href=\"https:\/\/wissen.science-and-fun.de\/kochen\/infoseiten\/blaubeere\/\">Blaubeere\/Heidelbeere<\/a><br \/>\n<a href=\"https:\/\/wissen.science-and-fun.de\/kochen\/infoseiten\/erdbeere\/\">Erdbeere<\/a><br \/>\n<a href=\"https:\/\/wissen.science-and-fun.de\/kochen\/infoseiten\/muffin-rezepte\/\">Muffin&#8217;s<\/a><br \/>\n<a href=\"https:\/\/wissen.science-and-fun.de\/kochen\/infoseiten\/sauerteig\/\">Sauerteig<\/a><\/p>\n","protected":false},"excerpt":{"rendered":"<p>Infoseiten Als Erg\u00e4nzung zur Rezeptsammlung sind diese Seiten gedacht. Ich will versuchen f\u00fcr g\u00e4ngige Nahrungsmittel diverse Informationen zu sammeln. Zum Beispiel zur Kulturgeschichte, Inhaltsstoffen etc. Blaubeere\/Heidelbeere Erdbeere Muffin&#8217;s Sauerteig<\/p>\n","protected":false},"author":1,"featured_media":0,"parent":0,"menu_order":0,"comment_status":"open","ping_status":"open","template":"","meta":{"wprm-recipe-roundup-name":"","wprm-recipe-roundup-description":"","_crdt_document":"","jetpack_post_was_ever_published":false,"footnotes":""},"class_list":["post-1929","page","type-page","status-publish","hentry","nodate","item-wrap"],"yoast_head":"<!-- This site is optimized with the Yoast SEO plugin v27.4 - https:\/\/yoast.com\/product\/yoast-seo-wordpress\/ -->\n<title>Infoseiten<\/title>\n<meta name=\"description\" content=\"- Infoseiten\" \/>\n<meta name=\"robots\" content=\"index, follow, max-snippet:-1, max-image-preview:large, max-video-preview:-1\" \/>\n<link rel=\"canonical\" href=\"https:\/\/wissen.science-and-fun.de\/kochen\/infoseiten\/\" \/>\n<meta property=\"og:locale\" content=\"de_DE\" \/>\n<meta property=\"og:type\" content=\"article\" \/>\n<meta property=\"og:title\" content=\"Infoseiten\" \/>\n<meta property=\"og:description\" content=\"- Infoseiten\" \/>\n<meta property=\"og:url\" content=\"https:\/\/wissen.science-and-fun.de\/kochen\/infoseiten\/\" \/>\n<meta property=\"og:site_name\" content=\"Steffen&#039;s Haushaltsblog\" \/>\n<meta property=\"article:publisher\" content=\"https:\/\/www.facebook.com\/steffen.thomas1\" \/>\n<meta property=\"article:modified_time\" content=\"2011-12-12T18:11:55+00:00\" \/>\n<script type=\"application\/ld+json\" class=\"yoast-schema-graph\">{\"@context\":\"https:\\\/\\\/schema.org\",\"@graph\":[{\"@type\":\"WebPage\",\"@id\":\"https:\\\/\\\/wissen.science-and-fun.de\\\/kochen\\\/infoseiten\\\/\",\"url\":\"https:\\\/\\\/wissen.science-and-fun.de\\\/kochen\\\/infoseiten\\\/\",\"name\":\"Infoseiten\",\"isPartOf\":{\"@id\":\"https:\\\/\\\/wissen.science-and-fun.de\\\/kochen\\\/#website\"},\"datePublished\":\"2011-06-08T04:56:29+00:00\",\"dateModified\":\"2011-12-12T18:11:55+00:00\",\"description\":\"- Infoseiten\",\"breadcrumb\":{\"@id\":\"https:\\\/\\\/wissen.science-and-fun.de\\\/kochen\\\/infoseiten\\\/#breadcrumb\"},\"inLanguage\":\"de\",\"potentialAction\":[{\"@type\":\"ReadAction\",\"target\":[\"https:\\\/\\\/wissen.science-and-fun.de\\\/kochen\\\/infoseiten\\\/\"]}]},{\"@type\":\"BreadcrumbList\",\"@id\":\"https:\\\/\\\/wissen.science-and-fun.de\\\/kochen\\\/infoseiten\\\/#breadcrumb\",\"itemListElement\":[{\"@type\":\"ListItem\",\"position\":1,\"name\":\"Home\",\"item\":\"https:\\\/\\\/wissen.science-and-fun.de\\\/kochen\\\/\"},{\"@type\":\"ListItem\",\"position\":2,\"name\":\"Infoseiten\"}]},{\"@type\":\"WebSite\",\"@id\":\"https:\\\/\\\/wissen.science-and-fun.de\\\/kochen\\\/#website\",\"url\":\"https:\\\/\\\/wissen.science-and-fun.de\\\/kochen\\\/\",\"name\":\"Steffen&#039;s Haushaltsblog\",\"description\":\"Kunst trifft Essen - Viele Bilder sind KI Kreationen und keine realen Abbildungen. - t.me\\\/ki_kunst \",\"publisher\":{\"@id\":\"https:\\\/\\\/wissen.science-and-fun.de\\\/kochen\\\/#\\\/schema\\\/person\\\/910dc13be3cb31f39d8707d607e929e8\"},\"potentialAction\":[{\"@type\":\"SearchAction\",\"target\":{\"@type\":\"EntryPoint\",\"urlTemplate\":\"https:\\\/\\\/wissen.science-and-fun.de\\\/kochen\\\/?s={search_term_string}\"},\"query-input\":{\"@type\":\"PropertyValueSpecification\",\"valueRequired\":true,\"valueName\":\"search_term_string\"}}],\"inLanguage\":\"de\"},{\"@type\":[\"Person\",\"Organization\"],\"@id\":\"https:\\\/\\\/wissen.science-and-fun.de\\\/kochen\\\/#\\\/schema\\\/person\\\/910dc13be3cb31f39d8707d607e929e8\",\"name\":\"Steffen\",\"image\":{\"@type\":\"ImageObject\",\"inLanguage\":\"de\",\"@id\":\"https:\\\/\\\/secure.gravatar.com\\\/avatar\\\/6ff13dd29c0d1b8a17460ca74a1e0eee159c14d00728cf5e1a7ee30f8ffdf195?s=96&d=mm&r=g\",\"url\":\"https:\\\/\\\/secure.gravatar.com\\\/avatar\\\/6ff13dd29c0d1b8a17460ca74a1e0eee159c14d00728cf5e1a7ee30f8ffdf195?s=96&d=mm&r=g\",\"contentUrl\":\"https:\\\/\\\/secure.gravatar.com\\\/avatar\\\/6ff13dd29c0d1b8a17460ca74a1e0eee159c14d00728cf5e1a7ee30f8ffdf195?s=96&d=mm&r=g\",\"caption\":\"Steffen\"},\"logo\":{\"@id\":\"https:\\\/\\\/secure.gravatar.com\\\/avatar\\\/6ff13dd29c0d1b8a17460ca74a1e0eee159c14d00728cf5e1a7ee30f8ffdf195?s=96&d=mm&r=g\"},\"sameAs\":[\"https:\\\/\\\/sthomas.de\",\"https:\\\/\\\/www.facebook.com\\\/steffen.thomas1\",\"https:\\\/\\\/x.com\\\/steto123\"]}]}<\/script>\n<!-- \/ Yoast SEO plugin. -->","yoast_head_json":{"title":"Infoseiten","description":"- Infoseiten","robots":{"index":"index","follow":"follow","max-snippet":"max-snippet:-1","max-image-preview":"max-image-preview:large","max-video-preview":"max-video-preview:-1"},"canonical":"https:\/\/wissen.science-and-fun.de\/kochen\/infoseiten\/","og_locale":"de_DE","og_type":"article","og_title":"Infoseiten","og_description":"- Infoseiten","og_url":"https:\/\/wissen.science-and-fun.de\/kochen\/infoseiten\/","og_site_name":"Steffen&#039;s Haushaltsblog","article_publisher":"https:\/\/www.facebook.com\/steffen.thomas1","article_modified_time":"2011-12-12T18:11:55+00:00","schema":{"@context":"https:\/\/schema.org","@graph":[{"@type":"WebPage","@id":"https:\/\/wissen.science-and-fun.de\/kochen\/infoseiten\/","url":"https:\/\/wissen.science-and-fun.de\/kochen\/infoseiten\/","name":"Infoseiten","isPartOf":{"@id":"https:\/\/wissen.science-and-fun.de\/kochen\/#website"},"datePublished":"2011-06-08T04:56:29+00:00","dateModified":"2011-12-12T18:11:55+00:00","description":"- Infoseiten","breadcrumb":{"@id":"https:\/\/wissen.science-and-fun.de\/kochen\/infoseiten\/#breadcrumb"},"inLanguage":"de","potentialAction":[{"@type":"ReadAction","target":["https:\/\/wissen.science-and-fun.de\/kochen\/infoseiten\/"]}]},{"@type":"BreadcrumbList","@id":"https:\/\/wissen.science-and-fun.de\/kochen\/infoseiten\/#breadcrumb","itemListElement":[{"@type":"ListItem","position":1,"name":"Home","item":"https:\/\/wissen.science-and-fun.de\/kochen\/"},{"@type":"ListItem","position":2,"name":"Infoseiten"}]},{"@type":"WebSite","@id":"https:\/\/wissen.science-and-fun.de\/kochen\/#website","url":"https:\/\/wissen.science-and-fun.de\/kochen\/","name":"Steffen&#039;s Haushaltsblog","description":"Kunst trifft Essen - Viele Bilder sind KI Kreationen und keine realen Abbildungen. - t.me\/ki_kunst ","publisher":{"@id":"https:\/\/wissen.science-and-fun.de\/kochen\/#\/schema\/person\/910dc13be3cb31f39d8707d607e929e8"},"potentialAction":[{"@type":"SearchAction","target":{"@type":"EntryPoint","urlTemplate":"https:\/\/wissen.science-and-fun.de\/kochen\/?s={search_term_string}"},"query-input":{"@type":"PropertyValueSpecification","valueRequired":true,"valueName":"search_term_string"}}],"inLanguage":"de"},{"@type":["Person","Organization"],"@id":"https:\/\/wissen.science-and-fun.de\/kochen\/#\/schema\/person\/910dc13be3cb31f39d8707d607e929e8","name":"Steffen","image":{"@type":"ImageObject","inLanguage":"de","@id":"https:\/\/secure.gravatar.com\/avatar\/6ff13dd29c0d1b8a17460ca74a1e0eee159c14d00728cf5e1a7ee30f8ffdf195?s=96&d=mm&r=g","url":"https:\/\/secure.gravatar.com\/avatar\/6ff13dd29c0d1b8a17460ca74a1e0eee159c14d00728cf5e1a7ee30f8ffdf195?s=96&d=mm&r=g","contentUrl":"https:\/\/secure.gravatar.com\/avatar\/6ff13dd29c0d1b8a17460ca74a1e0eee159c14d00728cf5e1a7ee30f8ffdf195?s=96&d=mm&r=g","caption":"Steffen"},"logo":{"@id":"https:\/\/secure.gravatar.com\/avatar\/6ff13dd29c0d1b8a17460ca74a1e0eee159c14d00728cf5e1a7ee30f8ffdf195?s=96&d=mm&r=g"},"sameAs":["https:\/\/sthomas.de","https:\/\/www.facebook.com\/steffen.thomas1","https:\/\/x.com\/steto123"]}]}},"jetpack_shortlink":"https:\/\/wp.me\/P1tRoY-v7","jetpack-related-posts":[{"id":2983,"url":"https:\/\/wissen.science-and-fun.de\/kochen\/infoseiten\/weihnachten\/","url_meta":{"origin":1929,"position":0},"title":"Weihnachten","author":"Steffen","date":"3. November 2011","format":false,"excerpt":"Es geht im Jahr wieder auf Weihnachten zu und diese Seite gibt eine Auswahl meiner gesammelten Weihnachtsrezepte. Adventspuppen Dresdener Stollen Exotischer Kartoffelsalat zu Weihnachten Elisenlebkuchen Mandelstollen Pfefferkuchen Regensburger Pfeffern\u00fcsse Rosinenstollen Weihnachtsmarmelade Gans mit Maronen Gef\u00fcllte Gans mit Rotkraut Gans mit Feigen Gans indisch Pochierte Gans Odenw\u00e4lder G\u00e4nsebraten mit Honiglack G\u00e4nsebraten\u2026","rel":"","context":"\u00c4hnlicher Beitrag","block_context":{"text":"\u00c4hnlicher Beitrag","link":""},"img":{"alt_text":"","src":"https:\/\/i0.wp.com\/wissen.science-and-fun.de\/kochen\/files\/2011\/11\/xweihn-257x300.jpg?resize=350%2C200&ssl=1","width":350,"height":200},"classes":[]},{"id":7443,"url":"https:\/\/wissen.science-and-fun.de\/kochen\/infoseiten\/suppen\/","url_meta":{"origin":1929,"position":1},"title":"Suppen","author":"Steffen","date":"13. Oktober 2019","format":false,"excerpt":"Der Begriff Suppe hat stammt wohl von dem westgermanischen supp(j) ab, das urspr\u00fcnglich \u201eeingebrocktes Brot\u201c oder eine breiige Speise bezeichnet. Unterteilt werden Suppen in zwei gro\u00dfe Gruppen, die klaren Suppen (Consomm\u00e9s) und die gebundenen Suppen. Die gebundenen Suppen werden von verschiedenen Autoren unterschiedlich untergliedert. Eine allgemein g\u00fcltige Unterteilung gibt es\u2026","rel":"","context":"\u00c4hnlicher Beitrag","block_context":{"text":"\u00c4hnlicher Beitrag","link":""},"img":{"alt_text":"","src":"","width":0,"height":0},"classes":[]},{"id":3084,"url":"https:\/\/wissen.science-and-fun.de\/kochen\/infoseiten\/muffin-rezepte\/","url_meta":{"origin":1929,"position":2},"title":"Muffin- Rezepte","author":"Steffen","date":"12. Dezember 2011","format":false,"excerpt":"Muffin's sind ein extrem vielseitiges Geb\u00e4ck. Es gibt sie sowohl in s\u00fc\u00dfer als auch in herzhafter Version, vegetarisch als auch non- vegetarisch. Mit Muffin's kann man also \u00dcberraschungen en gros zaubern. Und mit Hilfe von Muffinblechen und entsprechenden Papierformen kann heute eigentlich kaum etwas beim Zubereiten der Muffin's schiefgehen. WObei\u2026","rel":"","context":"\u00c4hnlicher Beitrag","block_context":{"text":"\u00c4hnlicher Beitrag","link":""},"img":{"alt_text":"","src":"","width":0,"height":0},"classes":[]},{"id":3272,"url":"https:\/\/wissen.science-and-fun.de\/kochen\/infoseiten\/ente\/","url_meta":{"origin":1929,"position":3},"title":"Ente","author":"Steffen","date":"26. Dezember 2011","format":false,"excerpt":"Enten sind eine Unterfamilie der Zahnschn\u00e4bler aus der Ordnung der Schwimmv\u00f6gel. Enten sind auf der ganzen Welt verbreitet und dementsprechend in den regionalen K\u00fcchen auch vorkommend. Kauft man Enten lebend ein, sollte man darauf achten junge Tiere zu kaufen. Diese erkennt man an gelben, gl\u00e4nzenden, weichen F\u00fc\u00dfen und geschmeidigen Schwimmh\u00e4uten.\u2026","rel":"","context":"\u00c4hnlicher Beitrag","block_context":{"text":"\u00c4hnlicher Beitrag","link":""},"img":{"alt_text":"","src":"http:\/\/ws.personalspace.sony.net\/wapi\/thumb\/6c7047546d4764725a3239726c673d3d\/1024\/undefined","width":350,"height":200,"srcset":"http:\/\/ws.personalspace.sony.net\/wapi\/thumb\/6c7047546d4764725a3239726c673d3d\/1024\/undefined 1x, http:\/\/ws.personalspace.sony.net\/wapi\/thumb\/6c7047546d4764725a3239726c673d3d\/1024\/undefined 1.5x"},"classes":[]},{"id":8178,"url":"https:\/\/wissen.science-and-fun.de\/kochen\/infoseiten\/buschbohnen\/","url_meta":{"origin":1929,"position":4},"title":"Buschbohnen","author":"Steffen","date":"1. M\u00e4rz 2022","format":false,"excerpt":"Buschbohnen sind runde, kurze, hartfleischige, gr\u00fcne Schoten mit essbaren Kernen von dunkelgr\u00fcne Farbe. Sie besitzen ein saftiges und feinaromatisches Fruchtfleisch und sind das ganze Jahr zu kaufen. SIe z\u00e4hlen zu den Gartenbohnen. N\u00e4hrwerte: 100 g \/ 30 Kalorien \/ 130 Joule. Vitamin C. Phosphor und reich an Calcium. Zubereitung: Bohnen\u2026","rel":"","context":"\u00c4hnlicher Beitrag","block_context":{"text":"\u00c4hnlicher Beitrag","link":""},"img":{"alt_text":"","src":"","width":0,"height":0},"classes":[]},{"id":6972,"url":"https:\/\/wissen.science-and-fun.de\/kochen\/infoseiten\/ackerola\/","url_meta":{"origin":1929,"position":5},"title":"Acerola","author":"Steffen","date":"18. Mai 2019","format":false,"excerpt":"Acerola (auch Antillenkirsche genannt) Herkunft: Westindische Inseln, Mittelamerika, Indien und Afrika Aussehen\/Geschmack: Die Acerola ist eine kirschenartige Steinfrucht mit d\u00fcnner, l\u00e4ngs gerillter, orangeroter bis kr\u00e4ftig roter Haut. Das Fruchtfleisch ist weich, saftig und schmeckt fruchtig-sauer. Auf dem Markt: Nur als verarbeitetes Produkt in Form von Fruchtnektaren oder Fruchtsaftkonzentraten, da Acerolas\u2026","rel":"","context":"\u00c4hnlicher Beitrag","block_context":{"text":"\u00c4hnlicher Beitrag","link":""},"img":{"alt_text":"","src":"","width":0,"height":0},"classes":[]}],"jetpack_sharing_enabled":true,"_links":{"self":[{"href":"https:\/\/wissen.science-and-fun.de\/kochen\/wp-json\/wp\/v2\/pages\/1929","targetHints":{"allow":["GET"]}}],"collection":[{"href":"https:\/\/wissen.science-and-fun.de\/kochen\/wp-json\/wp\/v2\/pages"}],"about":[{"href":"https:\/\/wissen.science-and-fun.de\/kochen\/wp-json\/wp\/v2\/types\/page"}],"author":[{"embeddable":true,"href":"https:\/\/wissen.science-and-fun.de\/kochen\/wp-json\/wp\/v2\/users\/1"}],"replies":[{"embeddable":true,"href":"https:\/\/wissen.science-and-fun.de\/kochen\/wp-json\/wp\/v2\/comments?post=1929"}],"version-history":[{"count":5,"href":"https:\/\/wissen.science-and-fun.de\/kochen\/wp-json\/wp\/v2\/pages\/1929\/revisions"}],"predecessor-version":[{"id":3087,"href":"https:\/\/wissen.science-and-fun.de\/kochen\/wp-json\/wp\/v2\/pages\/1929\/revisions\/3087"}],"wp:attachment":[{"href":"https:\/\/wissen.science-and-fun.de\/kochen\/wp-json\/wp\/v2\/media?parent=1929"}],"curies":[{"name":"wp","href":"https:\/\/api.w.org\/{rel}","templated":true}]}}