{"id":1547,"date":"2011-05-10T07:09:24","date_gmt":"2011-05-10T07:09:24","guid":{"rendered":"https:\/\/wissen.science-and-fun.de\/kochen\/?page_id=1547"},"modified":"2012-12-14T20:02:14","modified_gmt":"2012-12-14T20:02:14","slug":"impressum","status":"publish","type":"page","link":"https:\/\/wissen.science-and-fun.de\/kochen\/impressum\/","title":{"rendered":"Impressum"},"content":{"rendered":"<p>Angaben gem\u00e4\u00df \u00a7 5 TMG:<\/p>\n<p>Dr. Steffen Thomas<\/p>\n<p>Fuchsbau 18<\/p>\n<p>14797 Kloster-Lehnin OT Lehnin<\/p>\n<p>Kontakt:<\/p>\n<p>Telefon: 01721595374<\/p>\n<p>E-Mail: steffen@sthomas.de<\/p>\n<p>Verantwortlich f\u00fcr den Inhalt nach \u00a7 55 Abs. 2 RStV:<\/p>\n<p>Dr. Steffen Thomas<\/p>\n<p>Fuchsbau 18<\/p>\n<p>14797 Kloster-Lehnin OT Lehnin<\/p>\n<p>Quelle: Impressum erzeugt mit dem Impressum Generator von eRecht24.<\/p>\n<p>Haftungsausschluss:<\/p>\n<p>Haftung f\u00fcr Inhalte<\/p>\n<p>Die Inhalte unserer Seiten wurden mit gr\u00f6\u00dfter Sorgfalt erstellt.<br \/>\nF\u00fcr die Richtigkeit, Vollst\u00e4ndigkeit und Aktualit\u00e4t der Inhalte<br \/>\nk\u00f6nnen wir jedoch keine Gew\u00e4hr \u00fcbernehmen. Als Diensteanbieter sind wir gem\u00e4\u00df \u00a7 7 Abs.1 TMG f\u00fcr<br \/>\neigene Inhalte auf diesen Seiten nach den allgemeinen Gesetzen verantwortlich.<br \/>\nNach \u00a7\u00a7 8 bis 10 TMG sind wir als Diensteanbieter jedoch nicht<br \/>\nverpflichtet, \u00fcbermittelte oder gespeicherte fremde Informationen zu<br \/>\n\u00fcberwachen oder nach Umst\u00e4nden zu forschen, die auf eine rechtswidrige<br \/>\nT\u00e4tigkeit hinweisen. Verpflichtungen zur Entfernung oder Sperrung der<br \/>\nNutzung von Informationen nach den allgemeinen Gesetzen bleiben hiervon<br \/>\nunber\u00fchrt. Eine diesbez\u00fcgliche Haftung ist jedoch erst ab dem<br \/>\nZeitpunkt der Kenntnis einer konkreten Rechtsverletzung m\u00f6glich. Bei<br \/>\nBekanntwerden von entsprechenden Rechtsverletzungen werden wir diese Inhalte<br \/>\numgehend entfernen.<\/p>\n<p>Haftung f\u00fcr Links<\/p>\n<p>Unser Angebot enth\u00e4lt Links zu externen Webseiten Dritter, auf deren<br \/>\nInhalte wir keinen Einfluss haben. Deshalb k\u00f6nnen wir f\u00fcr diese<br \/>\nfremden Inhalte auch keine Gew\u00e4hr \u00fcbernehmen. F\u00fcr die Inhalte<br \/>\nder verlinkten Seiten ist stets der jeweilige Anbieter oder Betreiber der<br \/>\nSeiten verantwortlich. Die verlinkten Seiten wurden zum Zeitpunkt der Verlinkung<br \/>\nauf m\u00f6gliche Rechtsverst\u00f6\u00dfe \u00fcberpr\u00fcft. Rechtswidrige<br \/>\nInhalte waren zum Zeitpunkt der Verlinkung nicht erkennbar. Eine permanente<br \/>\ninhaltliche Kontrolle der verlinkten Seiten ist jedoch ohne konkrete Anhaltspunkte<br \/>\neiner Rechtsverletzung nicht zumutbar. Bei Bekanntwerden von Rechtsverletzungen<br \/>\nwerden wir derartige Links umgehend entfernen.<\/p>\n<p>Urheberrecht<\/p>\n<p>Die durch die Seitenbetreiber erstellten Inhalte und Werke auf diesen Seiten<br \/>\nunterliegen dem deutschen Urheberrecht. Die Vervielf\u00e4ltigung, Bearbeitung, Verbreitung und<br \/>\njede Art der Verwertung au\u00dferhalb der Grenzen des Urheberrechtes bed\u00fcrfen<br \/>\nder schriftlichen Zustimmung des jeweiligen Autors bzw. Erstellers. Downloads<br \/>\nund Kopien dieser Seite sind nur f\u00fcr den privaten, nicht kommerziellen<br \/>\nGebrauch gestattet. Soweit die Inhalte auf dieser Seite nicht vom Betreiber erstellt wurden,<br \/>\nwerden die Urheberrechte Dritter beachtet. Insbesondere werden Inhalte Dritter als solche<br \/>\ngekennzeichnet. Sollten Sie trotzdem auf eine Urheberrechtsverletzung aufmerksam werden, bitten wir um einen entsprechenden Hinweis.<br \/>\nBei Bekanntwerden von Rechtsverletzungen werden wir derartige Inhalte umgehend entfernen.<\/p>\n<p>Datenschutz<\/p>\n<p>Die Nutzung unserer Webseite ist in der Regel ohne Angabe personenbezogener Daten m\u00f6glich. Soweit auf unseren Seiten personenbezogene Daten (beispielsweise Name,<br \/>\nAnschrift oder eMail-Adressen) erhoben werden, erfolgt dies, soweit m\u00f6glich, stets auf freiwilliger Basis. Diese Daten werden ohne Ihre ausdr\u00fcckliche Zustimmung nicht an Dritte weitergegeben.<\/p>\n<p>Wir weisen darauf hin, dass die Daten\u00fcbertragung im Internet (z.B.<br \/>\nbei der Kommunikation per E-Mail) Sicherheitsl\u00fccken aufweisen kann.<br \/>\nEin l\u00fcckenloser Schutz der Daten vor dem Zugriff durch Dritte ist nicht<br \/>\nm\u00f6glich.<\/p>\n<p>Der Nutzung von im Rahmen der Impressumspflicht ver\u00f6ffentlichten Kontaktdaten<br \/>\ndurch Dritte zur \u00dcbersendung von nicht ausdr\u00fccklich angeforderter<br \/>\nWerbung und Informationsmaterialien wird hiermit ausdr\u00fccklich widersprochen.<br \/>\nDie Betreiber der Seiten behalten sich ausdr\u00fccklich rechtliche Schritte<br \/>\nim Falle der unverlangten Zusendung von Werbeinformationen, etwa durch Spam-Mails,<br \/>\nvor.<\/p>\n<p>Quelle: Disclaimer von eRecht24, dem Portal zum Internetrecht von Rechtsanwalt S\u00f6ren Siebert.<\/p>\n","protected":false},"excerpt":{"rendered":"<p>Angaben gem\u00e4\u00df \u00a7 5 TMG: Dr. Steffen Thomas Fuchsbau 18 14797 Kloster-Lehnin OT Lehnin Kontakt: Telefon: 01721595374 E-Mail: steffen@sthomas.de Verantwortlich f\u00fcr den Inhalt nach \u00a7 55 Abs. 2 RStV: Dr. Steffen Thomas Fuchsbau 18 14797 Kloster-Lehnin OT Lehnin Quelle: Impressum erzeugt mit dem Impressum Generator von eRecht24. Haftungsausschluss: Haftung f\u00fcr Inhalte Die Inhalte unserer Seiten &hellip; <\/p>\n<p><a class=\"more-link btn\" href=\"https:\/\/wissen.science-and-fun.de\/kochen\/impressum\/\">Weiterlesen<\/a><\/p>\n","protected":false},"author":1,"featured_media":0,"parent":0,"menu_order":4,"comment_status":"open","ping_status":"open","template":"","meta":{"wprm-recipe-roundup-name":"","wprm-recipe-roundup-description":"","_crdt_document":"","jetpack_post_was_ever_published":false,"footnotes":""},"class_list":["post-1547","page","type-page","status-publish","hentry","nodate","item-wrap"],"yoast_head":"<!-- This site is optimized with the Yoast SEO plugin v27.4 - https:\/\/yoast.com\/product\/yoast-seo-wordpress\/ -->\n<title>Impressum<\/title>\n<meta name=\"description\" content=\"- Impressum\" \/>\n<meta name=\"robots\" content=\"index, follow, max-snippet:-1, max-image-preview:large, max-video-preview:-1\" \/>\n<link rel=\"canonical\" href=\"https:\/\/wissen.science-and-fun.de\/kochen\/impressum\/\" \/>\n<meta property=\"og:locale\" content=\"de_DE\" \/>\n<meta property=\"og:type\" content=\"article\" \/>\n<meta property=\"og:title\" content=\"Impressum\" \/>\n<meta property=\"og:description\" content=\"- Impressum\" \/>\n<meta property=\"og:url\" content=\"https:\/\/wissen.science-and-fun.de\/kochen\/impressum\/\" \/>\n<meta property=\"og:site_name\" content=\"Steffen&#039;s Haushaltsblog\" \/>\n<meta property=\"article:publisher\" content=\"https:\/\/www.facebook.com\/steffen.thomas1\" \/>\n<meta property=\"article:modified_time\" content=\"2012-12-14T20:02:14+00:00\" \/>\n<meta name=\"twitter:label1\" content=\"Gesch\u00e4tzte Lesezeit\" \/>\n\t<meta name=\"twitter:data1\" content=\"3\u00a0Minuten\" \/>\n<script type=\"application\/ld+json\" class=\"yoast-schema-graph\">{\"@context\":\"https:\\\/\\\/schema.org\",\"@graph\":[{\"@type\":\"WebPage\",\"@id\":\"https:\\\/\\\/wissen.science-and-fun.de\\\/kochen\\\/impressum\\\/\",\"url\":\"https:\\\/\\\/wissen.science-and-fun.de\\\/kochen\\\/impressum\\\/\",\"name\":\"Impressum\",\"isPartOf\":{\"@id\":\"https:\\\/\\\/wissen.science-and-fun.de\\\/kochen\\\/#website\"},\"datePublished\":\"2011-05-10T07:09:24+00:00\",\"dateModified\":\"2012-12-14T20:02:14+00:00\",\"description\":\"- Impressum\",\"breadcrumb\":{\"@id\":\"https:\\\/\\\/wissen.science-and-fun.de\\\/kochen\\\/impressum\\\/#breadcrumb\"},\"inLanguage\":\"de\",\"potentialAction\":[{\"@type\":\"ReadAction\",\"target\":[\"https:\\\/\\\/wissen.science-and-fun.de\\\/kochen\\\/impressum\\\/\"]}]},{\"@type\":\"BreadcrumbList\",\"@id\":\"https:\\\/\\\/wissen.science-and-fun.de\\\/kochen\\\/impressum\\\/#breadcrumb\",\"itemListElement\":[{\"@type\":\"ListItem\",\"position\":1,\"name\":\"Home\",\"item\":\"https:\\\/\\\/wissen.science-and-fun.de\\\/kochen\\\/\"},{\"@type\":\"ListItem\",\"position\":2,\"name\":\"Impressum\"}]},{\"@type\":\"WebSite\",\"@id\":\"https:\\\/\\\/wissen.science-and-fun.de\\\/kochen\\\/#website\",\"url\":\"https:\\\/\\\/wissen.science-and-fun.de\\\/kochen\\\/\",\"name\":\"Steffen&#039;s Haushaltsblog\",\"description\":\"Kunst trifft Essen - Viele Bilder sind KI Kreationen und keine realen Abbildungen. - t.me\\\/ki_kunst \",\"publisher\":{\"@id\":\"https:\\\/\\\/wissen.science-and-fun.de\\\/kochen\\\/#\\\/schema\\\/person\\\/910dc13be3cb31f39d8707d607e929e8\"},\"potentialAction\":[{\"@type\":\"SearchAction\",\"target\":{\"@type\":\"EntryPoint\",\"urlTemplate\":\"https:\\\/\\\/wissen.science-and-fun.de\\\/kochen\\\/?s={search_term_string}\"},\"query-input\":{\"@type\":\"PropertyValueSpecification\",\"valueRequired\":true,\"valueName\":\"search_term_string\"}}],\"inLanguage\":\"de\"},{\"@type\":[\"Person\",\"Organization\"],\"@id\":\"https:\\\/\\\/wissen.science-and-fun.de\\\/kochen\\\/#\\\/schema\\\/person\\\/910dc13be3cb31f39d8707d607e929e8\",\"name\":\"Steffen\",\"image\":{\"@type\":\"ImageObject\",\"inLanguage\":\"de\",\"@id\":\"https:\\\/\\\/secure.gravatar.com\\\/avatar\\\/6ff13dd29c0d1b8a17460ca74a1e0eee159c14d00728cf5e1a7ee30f8ffdf195?s=96&d=mm&r=g\",\"url\":\"https:\\\/\\\/secure.gravatar.com\\\/avatar\\\/6ff13dd29c0d1b8a17460ca74a1e0eee159c14d00728cf5e1a7ee30f8ffdf195?s=96&d=mm&r=g\",\"contentUrl\":\"https:\\\/\\\/secure.gravatar.com\\\/avatar\\\/6ff13dd29c0d1b8a17460ca74a1e0eee159c14d00728cf5e1a7ee30f8ffdf195?s=96&d=mm&r=g\",\"caption\":\"Steffen\"},\"logo\":{\"@id\":\"https:\\\/\\\/secure.gravatar.com\\\/avatar\\\/6ff13dd29c0d1b8a17460ca74a1e0eee159c14d00728cf5e1a7ee30f8ffdf195?s=96&d=mm&r=g\"},\"sameAs\":[\"https:\\\/\\\/sthomas.de\",\"https:\\\/\\\/www.facebook.com\\\/steffen.thomas1\",\"https:\\\/\\\/x.com\\\/steto123\"]}]}<\/script>\n<!-- \/ Yoast SEO plugin. -->","yoast_head_json":{"title":"Impressum","description":"- Impressum","robots":{"index":"index","follow":"follow","max-snippet":"max-snippet:-1","max-image-preview":"max-image-preview:large","max-video-preview":"max-video-preview:-1"},"canonical":"https:\/\/wissen.science-and-fun.de\/kochen\/impressum\/","og_locale":"de_DE","og_type":"article","og_title":"Impressum","og_description":"- Impressum","og_url":"https:\/\/wissen.science-and-fun.de\/kochen\/impressum\/","og_site_name":"Steffen&#039;s Haushaltsblog","article_publisher":"https:\/\/www.facebook.com\/steffen.thomas1","article_modified_time":"2012-12-14T20:02:14+00:00","twitter_misc":{"Gesch\u00e4tzte Lesezeit":"3\u00a0Minuten"},"schema":{"@context":"https:\/\/schema.org","@graph":[{"@type":"WebPage","@id":"https:\/\/wissen.science-and-fun.de\/kochen\/impressum\/","url":"https:\/\/wissen.science-and-fun.de\/kochen\/impressum\/","name":"Impressum","isPartOf":{"@id":"https:\/\/wissen.science-and-fun.de\/kochen\/#website"},"datePublished":"2011-05-10T07:09:24+00:00","dateModified":"2012-12-14T20:02:14+00:00","description":"- Impressum","breadcrumb":{"@id":"https:\/\/wissen.science-and-fun.de\/kochen\/impressum\/#breadcrumb"},"inLanguage":"de","potentialAction":[{"@type":"ReadAction","target":["https:\/\/wissen.science-and-fun.de\/kochen\/impressum\/"]}]},{"@type":"BreadcrumbList","@id":"https:\/\/wissen.science-and-fun.de\/kochen\/impressum\/#breadcrumb","itemListElement":[{"@type":"ListItem","position":1,"name":"Home","item":"https:\/\/wissen.science-and-fun.de\/kochen\/"},{"@type":"ListItem","position":2,"name":"Impressum"}]},{"@type":"WebSite","@id":"https:\/\/wissen.science-and-fun.de\/kochen\/#website","url":"https:\/\/wissen.science-and-fun.de\/kochen\/","name":"Steffen&#039;s Haushaltsblog","description":"Kunst trifft Essen - Viele Bilder sind KI Kreationen und keine realen Abbildungen. - t.me\/ki_kunst ","publisher":{"@id":"https:\/\/wissen.science-and-fun.de\/kochen\/#\/schema\/person\/910dc13be3cb31f39d8707d607e929e8"},"potentialAction":[{"@type":"SearchAction","target":{"@type":"EntryPoint","urlTemplate":"https:\/\/wissen.science-and-fun.de\/kochen\/?s={search_term_string}"},"query-input":{"@type":"PropertyValueSpecification","valueRequired":true,"valueName":"search_term_string"}}],"inLanguage":"de"},{"@type":["Person","Organization"],"@id":"https:\/\/wissen.science-and-fun.de\/kochen\/#\/schema\/person\/910dc13be3cb31f39d8707d607e929e8","name":"Steffen","image":{"@type":"ImageObject","inLanguage":"de","@id":"https:\/\/secure.gravatar.com\/avatar\/6ff13dd29c0d1b8a17460ca74a1e0eee159c14d00728cf5e1a7ee30f8ffdf195?s=96&d=mm&r=g","url":"https:\/\/secure.gravatar.com\/avatar\/6ff13dd29c0d1b8a17460ca74a1e0eee159c14d00728cf5e1a7ee30f8ffdf195?s=96&d=mm&r=g","contentUrl":"https:\/\/secure.gravatar.com\/avatar\/6ff13dd29c0d1b8a17460ca74a1e0eee159c14d00728cf5e1a7ee30f8ffdf195?s=96&d=mm&r=g","caption":"Steffen"},"logo":{"@id":"https:\/\/secure.gravatar.com\/avatar\/6ff13dd29c0d1b8a17460ca74a1e0eee159c14d00728cf5e1a7ee30f8ffdf195?s=96&d=mm&r=g"},"sameAs":["https:\/\/sthomas.de","https:\/\/www.facebook.com\/steffen.thomas1","https:\/\/x.com\/steto123"]}]}},"jetpack_shortlink":"https:\/\/wp.me\/P1tRoY-oX","jetpack-related-posts":[{"id":2,"url":"https:\/\/wissen.science-and-fun.de\/kochen\/impressum\/beispiel-seite\/","url_meta":{"origin":1547,"position":0},"title":"Steffen&#8217;s Kochblog","author":"Steffen","date":"6. April 2011","format":false,"excerpt":"Hurra Mittleweile sind auf dieser Seite 1000 Rezepte ver\u00f6ffentlicht! Willkommen auf meiner Kochseite! Ich fr\u00f6ne auf dieser Seite meiner Leidenschaft f\u00fcr das Kochen. Und da ich eine gewisse Sammelleidenschaft besitze, haben sich im Lauf der Jahre viele Rezepte bei mir angesammelt. Zum Beispiel von alten Kalenderbl\u00e4ttern oder aus der News-Gruppe\u2026","rel":"","context":"\u00c4hnlicher Beitrag","block_context":{"text":"\u00c4hnlicher Beitrag","link":""},"img":{"alt_text":"","src":"https:\/\/i0.wp.com\/wissen.science-and-fun.de\/kochen\/files\/2011\/04\/schnitzel.jpg?resize=350%2C200&ssl=1","width":350,"height":200},"classes":[]},{"id":7355,"url":"https:\/\/wissen.science-and-fun.de\/kochen\/haushaltstipps\/","url_meta":{"origin":1547,"position":1},"title":"Haushaltstipps","author":"Steffen","date":"31. August 2019","format":false,"excerpt":"Auf dieser Seite finden Sie die gesammelten Haushaltstipps. Bitte beachten Sie, das es weder eine Garantie auf das Funktionieren gibt noch eine Haftung f\u00fcr Sch\u00e4den durch diese. Gehen Sie also verantwortungsvoll\u00a0 mit den Tipp's um, dann sind diese bestimmt sehr n\u00fctzlich! [quotcoll tags=\"Haushalt\"\u00a0 paging=true limit_per_page=25]","rel":"","context":"\u00c4hnlicher Beitrag","block_context":{"text":"\u00c4hnlicher Beitrag","link":""},"img":{"alt_text":"","src":"https:\/\/i0.wp.com\/wissen.science-and-fun.de\/kochen\/files\/2011\/04\/00010-French-farmhouse-bread-with-a-picture-of-a-tractor-style-of-Helen-Allingham.jpg?resize=350%2C200&ssl=1","width":350,"height":200},"classes":[]},{"id":6931,"url":"https:\/\/wissen.science-and-fun.de\/kochen\/infoseiten\/amaranth\/","url_meta":{"origin":1547,"position":2},"title":"Amaranth","author":"Steffen","date":"10. Juni 2019","format":false,"excerpt":"\u00c4hnlich wie das Quinoa eines der Hauptnahrungsmittel der Inkas war, bildete das Amaranth in alter Zeit die Ern\u00e4hrungsgrundlage der mexikanischen Azteken. Auch Amaranth geriet \u00fcber 500 Jahre lang in Vergessenheit, und zwar ebenfalls wegen der spanischen Eroberer, die das Aztekenreich im 16. Jahrhundert zerst\u00f6rten. Einer der Gr\u00fcnde f\u00fcr die \u00e4chtung\u2026","rel":"","context":"\u00c4hnlicher Beitrag","block_context":{"text":"\u00c4hnlicher Beitrag","link":""},"img":{"alt_text":"","src":"","width":0,"height":0},"classes":[]},{"id":1929,"url":"https:\/\/wissen.science-and-fun.de\/kochen\/infoseiten\/","url_meta":{"origin":1547,"position":3},"title":"Infoseiten","author":"Steffen","date":"8. Juni 2011","format":false,"excerpt":"Infoseiten Als Erg\u00e4nzung zur Rezeptsammlung sind diese Seiten gedacht. Ich will versuchen f\u00fcr g\u00e4ngige Nahrungsmittel diverse Informationen zu sammeln. Zum Beispiel zur Kulturgeschichte, Inhaltsstoffen etc. Blaubeere\/Heidelbeere Erdbeere Muffin's Sauerteig","rel":"","context":"\u00c4hnlicher Beitrag","block_context":{"text":"\u00c4hnlicher Beitrag","link":""},"img":{"alt_text":"","src":"","width":0,"height":0},"classes":[]},{"id":6634,"url":"https:\/\/wissen.science-and-fun.de\/kochen\/infoseiten\/steaks-und-co\/","url_meta":{"origin":1547,"position":4},"title":"Steaks und Co.","author":"Steffen","date":"30. April 2019","format":false,"excerpt":"Kollagen Fleisch besteht aus Muskeln, Bindegewebe, Fett und Knochen. Der Muskel enth\u00e4lt Proteine und Glykogen. Mit zunehmender Temperatur des Fleisches wird Glykogen, ein langkettiger Zucker, zu Einfachzucker reduziert. Diese karamellisiert und ist f\u00fcr eine der Geschmackskomponenten verantwortlich. Proteine (geschmacklos) werden zu Aminos\u00e4uren denaturiert, die nicht nur selbst Aromen haben, sondern\u2026","rel":"","context":"\u00c4hnlicher Beitrag","block_context":{"text":"\u00c4hnlicher Beitrag","link":""},"img":{"alt_text":"","src":"","width":0,"height":0},"classes":[]},{"id":8174,"url":"https:\/\/wissen.science-and-fun.de\/kochen\/infoseiten\/basilikum-koenigskraut-basilkraut-suppenbasil\/","url_meta":{"origin":1547,"position":5},"title":"Basilikum (K\u00f6nigskraut, Basilkraut, Suppenbasil)","author":"Steffen","date":"27. Februar 2022","format":false,"excerpt":"Basilikum stammt urspr\u00fcnglich aus Indien. Bei uns ist sie vor allem durch die mediterrane K\u00fcche bekannt. Bei den Hindus gilt Basilikum als heilig, f\u00fcr die R\u00f6mer war er die Pflanze des Hasses, und Karl der Gro\u00dfe wiederum lie\u00df sie \u00fcber Italien importieren, um sie in den Klosterg\u00e4rten n\u00f6rdlich der Alpen\u2026","rel":"","context":"\u00c4hnlicher Beitrag","block_context":{"text":"\u00c4hnlicher Beitrag","link":""},"img":{"alt_text":"","src":"","width":0,"height":0},"classes":[]}],"jetpack_sharing_enabled":true,"_links":{"self":[{"href":"https:\/\/wissen.science-and-fun.de\/kochen\/wp-json\/wp\/v2\/pages\/1547","targetHints":{"allow":["GET"]}}],"collection":[{"href":"https:\/\/wissen.science-and-fun.de\/kochen\/wp-json\/wp\/v2\/pages"}],"about":[{"href":"https:\/\/wissen.science-and-fun.de\/kochen\/wp-json\/wp\/v2\/types\/page"}],"author":[{"embeddable":true,"href":"https:\/\/wissen.science-and-fun.de\/kochen\/wp-json\/wp\/v2\/users\/1"}],"replies":[{"embeddable":true,"href":"https:\/\/wissen.science-and-fun.de\/kochen\/wp-json\/wp\/v2\/comments?post=1547"}],"version-history":[{"count":3,"href":"https:\/\/wissen.science-and-fun.de\/kochen\/wp-json\/wp\/v2\/pages\/1547\/revisions"}],"predecessor-version":[{"id":4721,"href":"https:\/\/wissen.science-and-fun.de\/kochen\/wp-json\/wp\/v2\/pages\/1547\/revisions\/4721"}],"wp:attachment":[{"href":"https:\/\/wissen.science-and-fun.de\/kochen\/wp-json\/wp\/v2\/media?parent=1547"}],"curies":[{"name":"wp","href":"https:\/\/api.w.org\/{rel}","templated":true}]}}